{"id":26472,"date":"2026-02-27T00:32:43","date_gmt":"2026-02-27T00:32:43","guid":{"rendered":"https:\/\/nordicmart.andreevmaster.com\/product\/masterkidz-xxl-montessori-stem-traevaerksted-med-vaerktoj\/"},"modified":"2026-02-27T09:12:12","modified_gmt":"2026-02-27T09:12:12","slug":"masterkidz-xxl-montessori-stem-traevaerksted-med-vaerktoj","status":"publish","type":"product","link":"https:\/\/nordicmart.andreevmaster.com\/da\/vare\/masterkidz-xxl-montessori-stem-traevaerksted-med-vaerktoj\/","title":{"rendered":"MASTERKIDZ XXL Montessori STEM tr\u00e6v\u00e6rksted med v\u00e6rkt\u00f8j"},"content":{"rendered":"<p>Tr\u00e6v\u00e6rkstedet STEM fra Masterkidz er det perfekte sted at eksperimentere og udvikle dit barns kreativitet og tekniske f\u00e6rdigheder. Det er lavet af tr\u00e6 af h\u00f8j kvalitet og kombinerer sjov med l\u00e6ring, s\u00e5 b\u00f8rnene kan opdage principperne inden for mekanik, ingeni\u00f8rarbejde og fysik. Det realistiske v\u00e6rksted vil v\u00e6re en stor attraktion i ethvert klassev\u00e6relse eller legerum og opmuntre b\u00f8rnene til at skabe fungerende systemer og bygge med realistiske v\u00e6rkt\u00f8jer.<\/p>\n<p>Funktioner:<\/p>\n<p>* &#8211; Til b\u00f8rn fra 3 \u00e5r og opefter<br \/>\n* &#8211; Kan bruges med alle STEM-elementer \u2013 tandhjul, hjul, remskiver, skruer, pinde osv.* &#8211; S\u00e6ttet indeholder en leget\u00f8jshammer, en rundsav p\u00e5 et bord, en skruen\u00f8gle, en trekantet vinkel, en tr\u00e6\u00f8velsesblok, en elektrisk skruetr\u00e6kker, en boremaskine og et s\u00e6t topn\u00f8gler. * &#8211; Ekstra plads til v\u00e6rkt\u00f8j og tilbeh\u00f8r holder orden under legen. * &#8211; V\u00e6rkstedet suppleres perfekt af tilbeh\u00f8r: ME31136 ; ME20963<\/p>\n<p>Br\u00e6delementer (s\u00e6lges separat):<\/p>\n<p>* &#8211; Farverige pinde ME12746 ME14450 ME21113 ME21137 ME21120 ME21144<br \/>\n* &#8211; Farverige krystaller ME13989<br \/>\n* &#8211; Farvede snore til at forbinde med pinde ME14467<br \/>\n* &#8211; Farvede skruer ME20963 ME29911<br \/>\n* &#8211; Geometriske former ME14696 ME14702 ME14818 ME14825 ME31181<br \/>\n* &#8211; Tandhjul og k\u00e6der ME13460 ME24343 ME31204<br \/>\n* &#8211; Kugle- og vandbaner ME14788 ME14665 ME15143 ME25043<br \/>\n* &#8211; R\u00f8rsystem-bygges\u00e6t med pumpe ME13149<br \/>\n* &#8211; S\u00e6t med bogstaver og tal ME30412 ME30429<\/p>\n<p>B\u00f8rn kan bruge specielle, dedikerede v\u00e6rkt\u00f8jer til at skrue skruer i og l\u00e6re at bruge skruetr\u00e6kkere, skruen\u00f8gler og andre v\u00e6rkt\u00f8jer korrekt. Ved at konstruere komplekse mekanismer sammen l\u00e6rer b\u00f8rnene, hvordan gear fungerer. R\u00f8r- og pumpes\u00e6ttet l\u00e6rer b\u00f8rnene om tyngdekraften og grundl\u00e6ggende hydraulik.<\/p>\n","protected":false},"excerpt":{"rendered":"<p>Tr\u00e6v\u00e6rkstedet STEM fra Masterkidz er det perfekte sted at eksperimentere og udvikle dit barns kreativitet og tekniske f\u00e6rdigheder. Det er lavet af tr\u00e6 af h\u00f8j kvalitet og kombinerer sjov med l\u00e6ring, s\u00e5 b\u00f8rnene kan opdage principperne inden for mekanik, ingeni\u00f8rarbejde og fysik. Det realistiske v\u00e6rksted vil v\u00e6re en stor attraktion i ethvert klassev\u00e6relse eller legerum [&hellip;]<\/p>\n","protected":false},"featured_media":0,"comment_status":"open","ping_status":"closed","template":"","meta":[],"product_brand":[],"product_cat":[31],"product_tag":[],"class_list":{"0":"post-26472","1":"product","2":"type-product","3":"status-publish","5":"product_cat-uncategorized-da","7":"first","8":"instock","9":"shipping-taxable","10":"purchasable","11":"product-type-simple"},"_links":{"self":[{"href":"https:\/\/nordicmart.andreevmaster.com\/da\/wp-json\/wp\/v2\/product\/26472","targetHints":{"allow":["GET"]}}],"collection":[{"href":"https:\/\/nordicmart.andreevmaster.com\/da\/wp-json\/wp\/v2\/product"}],"about":[{"href":"https:\/\/nordicmart.andreevmaster.com\/da\/wp-json\/wp\/v2\/types\/product"}],"replies":[{"embeddable":true,"href":"https:\/\/nordicmart.andreevmaster.com\/da\/wp-json\/wp\/v2\/comments?post=26472"}],"wp:attachment":[{"href":"https:\/\/nordicmart.andreevmaster.com\/da\/wp-json\/wp\/v2\/media?parent=26472"}],"wp:term":[{"taxonomy":"product_brand","embeddable":true,"href":"https:\/\/nordicmart.andreevmaster.com\/da\/wp-json\/wp\/v2\/product_brand?post=26472"},{"taxonomy":"product_cat","embeddable":true,"href":"https:\/\/nordicmart.andreevmaster.com\/da\/wp-json\/wp\/v2\/product_cat?post=26472"},{"taxonomy":"product_tag","embeddable":true,"href":"https:\/\/nordicmart.andreevmaster.com\/da\/wp-json\/wp\/v2\/product_tag?post=26472"}],"curies":[{"name":"wp","href":"https:\/\/api.w.org\/{rel}","templated":true}]}}