{"id":26471,"date":"2026-02-27T00:32:42","date_gmt":"2026-02-27T00:32:42","guid":{"rendered":"https:\/\/nordicmart.andreevmaster.com\/product\/masterkidz-trae-montessori-stem-vaerksted-med-vaerktoj\/"},"modified":"2026-02-27T09:12:12","modified_gmt":"2026-02-27T09:12:12","slug":"masterkidz-trae-montessori-stem-vaerksted-med-vaerktoj","status":"publish","type":"product","link":"https:\/\/nordicmart.andreevmaster.com\/da\/vare\/masterkidz-trae-montessori-stem-vaerksted-med-vaerktoj\/","title":{"rendered":"MASTERKIDZ Tr\u00e6 Montessori STEM-v\u00e6rksted med v\u00e6rkt\u00f8j"},"content":{"rendered":"<p>Det tr\u00e6baserede STEM-undervisningsv\u00e6rksted giver mulighed for kreativ leg og l\u00e6ring om videnskabens verden. Bordet har en plade med huller, hvor farverige og geometriske pinde, skruer og tandhjul kan inds\u00e6ttes for at skabe smukke m\u00f8nstre. Bordpladens h\u00f8jde p\u00e5 42,5 cm er designet til b\u00f8rn fra 3 \u00e5r og opefter. B\u00f8rnene vil gerne skabe virkelige fungerende systemer og have det sjovt med at bygge med realistiske v\u00e6rkt\u00f8jer. <\/p>\n<p>Funktioner: <\/p>\n<p>* &#8211; Til b\u00f8rn fra 3 \u00e5r og opefter<br \/>\n* &#8211; Kan bruges med alle STEM-elementer &#8211; tandhjul, hjul, remskiver, skruer, pinde osv.* &#8211; Inkluderer et v\u00e6rkt\u00f8jsstativ til opbevaring af s\u00e6ttet: h\u00e5ndv\u00e6rkt\u00f8j &#8211; leget\u00f8jshammer, sav, skruen\u00f8gle, T-vinkel og tr\u00e6blok til \u00f8velser samt en elektrisk skruetr\u00e6kker, boremaskine og et s\u00e6t topn\u00f8gler.* &#8211; Overfladebehandlet med en lak, der giver fremragende modstandsdygtighed over for UV-str\u00e5ling, pletter og ridser. Br\u00e6delementer (s\u00e6lges separat):* &#8211; Farvede pinde* &#8211; Farvede krystaller* &#8211; Farvede snore til at forbinde pindene* &#8211; Farvede skruer<br \/>\n* &#8211; Geometriske former<br \/>\n* &#8211; Tandhjul og k\u00e6der<br \/>\n* &#8211; Magnetiske tavler (t\u00f8rsletbare, kridt, tr\u00e6)<br \/>\n* &#8211; S\u00e6t med en pumpe til at bygge r\u00f8rsystemer<\/p>\n<p>B\u00f8rnene kan bruge specielle, dedikerede v\u00e6rkt\u00f8jer til at skrue skruer i og l\u00e6re at bruge skruetr\u00e6kkere, skruen\u00f8gler og andre v\u00e6rkt\u00f8jer korrekt. Ved at konstruere komplekse mekanismer sammen l\u00e6rer b\u00f8rnene, hvordan tandhjul fungerer. R\u00f8r- og pumpes\u00e6ttet l\u00e6rer b\u00f8rnene om tyngdekraften og grundl\u00e6ggende hydraulik.<\/p>\n<p>Tavlen udvikler:<\/p>\n<p>* &#8211; kommunikation<br \/>\n* &#8211; fantasi<br \/>\n* &#8211; finmotorik<\/p>\n<p>V\u00c6RKSTEDET PASSER TIL S\u00c6TTET &#8211; ME31136<\/p>\n","protected":false},"excerpt":{"rendered":"<p>Det tr\u00e6baserede STEM-undervisningsv\u00e6rksted giver mulighed for kreativ leg og l\u00e6ring om videnskabens verden. Bordet har en plade med huller, hvor farverige og geometriske pinde, skruer og tandhjul kan inds\u00e6ttes for at skabe smukke m\u00f8nstre. Bordpladens h\u00f8jde p\u00e5 42,5 cm er designet til b\u00f8rn fra 3 \u00e5r og opefter. B\u00f8rnene vil gerne skabe virkelige fungerende systemer [&hellip;]<\/p>\n","protected":false},"featured_media":0,"comment_status":"open","ping_status":"closed","template":"","meta":[],"product_brand":[],"product_cat":[31],"product_tag":[],"class_list":{"0":"post-26471","1":"product","2":"type-product","3":"status-publish","5":"product_cat-uncategorized-da","7":"first","8":"instock","9":"shipping-taxable","10":"purchasable","11":"product-type-simple"},"_links":{"self":[{"href":"https:\/\/nordicmart.andreevmaster.com\/da\/wp-json\/wp\/v2\/product\/26471","targetHints":{"allow":["GET"]}}],"collection":[{"href":"https:\/\/nordicmart.andreevmaster.com\/da\/wp-json\/wp\/v2\/product"}],"about":[{"href":"https:\/\/nordicmart.andreevmaster.com\/da\/wp-json\/wp\/v2\/types\/product"}],"replies":[{"embeddable":true,"href":"https:\/\/nordicmart.andreevmaster.com\/da\/wp-json\/wp\/v2\/comments?post=26471"}],"wp:attachment":[{"href":"https:\/\/nordicmart.andreevmaster.com\/da\/wp-json\/wp\/v2\/media?parent=26471"}],"wp:term":[{"taxonomy":"product_brand","embeddable":true,"href":"https:\/\/nordicmart.andreevmaster.com\/da\/wp-json\/wp\/v2\/product_brand?post=26471"},{"taxonomy":"product_cat","embeddable":true,"href":"https:\/\/nordicmart.andreevmaster.com\/da\/wp-json\/wp\/v2\/product_cat?post=26471"},{"taxonomy":"product_tag","embeddable":true,"href":"https:\/\/nordicmart.andreevmaster.com\/da\/wp-json\/wp\/v2\/product_tag?post=26471"}],"curies":[{"name":"wp","href":"https:\/\/api.w.org\/{rel}","templated":true}]}}