{"id":26470,"date":"2026-02-27T00:32:42","date_gmt":"2026-02-27T00:32:42","guid":{"rendered":"https:\/\/nordicmart.andreevmaster.com\/product\/masterkidz-traevaeg-xxl-videnskabelig-kreativ-stem-vaeg-udendors\/"},"modified":"2026-02-27T09:12:12","modified_gmt":"2026-02-27T09:12:12","slug":"masterkidz-traevaeg-xxl-videnskabelig-kreativ-stem-vaeg-udendors","status":"publish","type":"product","link":"https:\/\/nordicmart.andreevmaster.com\/da\/vare\/masterkidz-traevaeg-xxl-videnskabelig-kreativ-stem-vaeg-udendors\/","title":{"rendered":"MASTERKIDZ Tr\u00e6v\u00e6g XXL Videnskabelig kreativ STEM-V\u00c6G Udend\u00f8rs"},"content":{"rendered":"<p>STEM-v\u00e6ggen er et innovativt undervisningsbr\u00e6t, der giver et \u00e5bent rum for kreativ leg og l\u00e6ring. B\u00f8rn kan bruge det til at skabe billeder, mosaikker, sekvenser, kuglebane, gearmekanismer og endda vandrutsjebaner. Takket v\u00e6re det dobbeltsidede design er det muligt at udf\u00f8re forskellige aktiviteter p\u00e5 begge sider af tavlen p\u00e5 samme tid, hvilket fremmer gruppesamarbejde. STEM-v\u00e6ggen er en fantastisk m\u00e5de at opmuntre b\u00f8rn til at designe, bygge og l\u00f8se problemer udend\u00f8rs. <\/p>\n<p>INGEN HJUL INKLUDERET<\/p>\n<p>Funktioner:<\/p>\n<p>&#8211; Fritst\u00e5ende design for maksimal fleksibilitet \u2013 tavlen kan placeres hvor som helst og flyttes udend\u00f8rs &#8211; Dobbeltsidet overflade giver mulighed for samtidige p\u00e6dagogiske aktiviteter og arbejde i sm\u00e5 grupper, hvilket fremmer kommunikation &#8211; Overfladen er behandlet med UV-, fugt- og skimmelresistent lak &#8211; Kompatibel med alt STEM-tavletilbeh\u00f8r: gear, hjul, remskiver, skruer, pinde og mere<\/p>\n<p>Tavlen udvikler:<\/p>\n<p>&#8211; Sociale f\u00e6rdigheder &#8211; Fantasi &#8211; Kreativitet &#8211; Finmotorik<\/p>\n<p>Komponenter, der er kompatible med tavlen (s\u00e6lges separat):<\/p>\n<p>&#8211; Farverige pinde ME12746 ME14450 ME21113 ME21137 ME21120 ME21144 &#8211; Farverige krystaller ME13989 &#8211; Farverige snore til at forbinde pinde ME14467 &#8211; Farvede skruer ME20963 ME29911 &#8211; Byggeklodser ME29027 ME29010 ME29089 &#8211; Geometriske former ME14696 ME14702 ME14818 ME14825 ME31181 &#8211; Tandhjul og k\u00e6der ME13460 ME24343 ME31204 &#8211; Kugle- og vandbaner ME14788 ME14870 ME14665 ME15143 ME25043 &#8211; R\u00f8rsystem-bygges\u00e6t med pumpe ME13149 &#8211; Bogstav- og tals\u00e6t ME30412 ME30429 &#8211; Beholdere og tilbeh\u00f8r ME12845 ME16560 ME14672 &#8211; L\u00e5sehjul ME32539<\/p>\n","protected":false},"excerpt":{"rendered":"<p>STEM-v\u00e6ggen er et innovativt undervisningsbr\u00e6t, der giver et \u00e5bent rum for kreativ leg og l\u00e6ring. B\u00f8rn kan bruge det til at skabe billeder, mosaikker, sekvenser, kuglebane, gearmekanismer og endda vandrutsjebaner. Takket v\u00e6re det dobbeltsidede design er det muligt at udf\u00f8re forskellige aktiviteter p\u00e5 begge sider af tavlen p\u00e5 samme tid, hvilket fremmer gruppesamarbejde. STEM-v\u00e6ggen er [&hellip;]<\/p>\n","protected":false},"featured_media":0,"comment_status":"open","ping_status":"closed","template":"","meta":[],"product_brand":[],"product_cat":[31],"product_tag":[],"class_list":{"0":"post-26470","1":"product","2":"type-product","3":"status-publish","5":"product_cat-uncategorized-da","7":"first","8":"instock","9":"shipping-taxable","10":"purchasable","11":"product-type-simple"},"_links":{"self":[{"href":"https:\/\/nordicmart.andreevmaster.com\/da\/wp-json\/wp\/v2\/product\/26470","targetHints":{"allow":["GET"]}}],"collection":[{"href":"https:\/\/nordicmart.andreevmaster.com\/da\/wp-json\/wp\/v2\/product"}],"about":[{"href":"https:\/\/nordicmart.andreevmaster.com\/da\/wp-json\/wp\/v2\/types\/product"}],"replies":[{"embeddable":true,"href":"https:\/\/nordicmart.andreevmaster.com\/da\/wp-json\/wp\/v2\/comments?post=26470"}],"wp:attachment":[{"href":"https:\/\/nordicmart.andreevmaster.com\/da\/wp-json\/wp\/v2\/media?parent=26470"}],"wp:term":[{"taxonomy":"product_brand","embeddable":true,"href":"https:\/\/nordicmart.andreevmaster.com\/da\/wp-json\/wp\/v2\/product_brand?post=26470"},{"taxonomy":"product_cat","embeddable":true,"href":"https:\/\/nordicmart.andreevmaster.com\/da\/wp-json\/wp\/v2\/product_cat?post=26470"},{"taxonomy":"product_tag","embeddable":true,"href":"https:\/\/nordicmart.andreevmaster.com\/da\/wp-json\/wp\/v2\/product_tag?post=26470"}],"curies":[{"name":"wp","href":"https:\/\/api.w.org\/{rel}","templated":true}]}}