{"id":26469,"date":"2026-02-27T00:32:42","date_gmt":"2026-02-27T00:32:42","guid":{"rendered":"https:\/\/nordicmart.andreevmaster.com\/product\/masterkidz-stem-byggeklodssaet-563-dele\/"},"modified":"2026-02-27T09:12:11","modified_gmt":"2026-02-27T09:12:11","slug":"masterkidz-stem-byggeklodssaet-563-dele","status":"publish","type":"product","link":"https:\/\/nordicmart.andreevmaster.com\/da\/vare\/masterkidz-stem-byggeklodssaet-563-dele\/","title":{"rendered":"MASTERKIDZ STEM byggeklodss\u00e6t, 563 dele"},"content":{"rendered":"<p>Masterkidz byggeklodser er et kreativt s\u00e6t, der giver b\u00f8rn mulighed for frit at bygge farverige m\u00f8nstre og billeder. Takket v\u00e6re klodserne s\u00e6rlige design kan b\u00f8rnene nemt trykke dem ned i underlaget og skabe deres egne kompositioner og udvikle deres fantasi. S\u00e6ttet tilskynder til selvst\u00e6ndig leg, men er ogs\u00e5 fantastisk til at skabe sammen med j\u00e6vnaldrende eller voksne. <\/p>\n<p>\u2757\ufe0f IDEELT TIL BRUG MED ME25302 ME28976 BR\u00c6TCOVERS\u2757\ufe0f<\/p>\n<p>\u2705 Egenskaber:<\/p>\n<p>\u2714\ufe0f S\u00e6ttet indeholder 563 farverige push-in-klodser \u2714\ufe0f Kompatibelt med popul\u00e6re klodsm\u00e6rker \u2013 kan bruges p\u00e5 samme Masterkidz-base \u2714\ufe0f G\u00f8r det muligt hurtigt og nemt at skabe m\u00f8nstre og billeder \u2714\ufe0f H\u00f8j kvalitet sikrer holdbarhed og sikkerhed<\/p>\n<p>\u2705 Leget\u00f8jet udvikler:<\/p>\n<p>\u2714\ufe0f Fantasi \u2714\ufe0f Kreativitet \u2714\ufe0f Manuelle f\u00e6rdigheder \u2714\ufe0f Logisk t\u00e6nkning<\/p>\n","protected":false},"excerpt":{"rendered":"<p>Masterkidz byggeklodser er et kreativt s\u00e6t, der giver b\u00f8rn mulighed for frit at bygge farverige m\u00f8nstre og billeder. Takket v\u00e6re klodserne s\u00e6rlige design kan b\u00f8rnene nemt trykke dem ned i underlaget og skabe deres egne kompositioner og udvikle deres fantasi. S\u00e6ttet tilskynder til selvst\u00e6ndig leg, men er ogs\u00e5 fantastisk til at skabe sammen med j\u00e6vnaldrende [&hellip;]<\/p>\n","protected":false},"featured_media":0,"comment_status":"open","ping_status":"closed","template":"","meta":[],"product_brand":[],"product_cat":[31],"product_tag":[],"class_list":{"0":"post-26469","1":"product","2":"type-product","3":"status-publish","5":"product_cat-uncategorized-da","7":"first","8":"instock","9":"shipping-taxable","10":"purchasable","11":"product-type-simple"},"_links":{"self":[{"href":"https:\/\/nordicmart.andreevmaster.com\/da\/wp-json\/wp\/v2\/product\/26469","targetHints":{"allow":["GET"]}}],"collection":[{"href":"https:\/\/nordicmart.andreevmaster.com\/da\/wp-json\/wp\/v2\/product"}],"about":[{"href":"https:\/\/nordicmart.andreevmaster.com\/da\/wp-json\/wp\/v2\/types\/product"}],"replies":[{"embeddable":true,"href":"https:\/\/nordicmart.andreevmaster.com\/da\/wp-json\/wp\/v2\/comments?post=26469"}],"wp:attachment":[{"href":"https:\/\/nordicmart.andreevmaster.com\/da\/wp-json\/wp\/v2\/media?parent=26469"}],"wp:term":[{"taxonomy":"product_brand","embeddable":true,"href":"https:\/\/nordicmart.andreevmaster.com\/da\/wp-json\/wp\/v2\/product_brand?post=26469"},{"taxonomy":"product_cat","embeddable":true,"href":"https:\/\/nordicmart.andreevmaster.com\/da\/wp-json\/wp\/v2\/product_cat?post=26469"},{"taxonomy":"product_tag","embeddable":true,"href":"https:\/\/nordicmart.andreevmaster.com\/da\/wp-json\/wp\/v2\/product_tag?post=26469"}],"curies":[{"name":"wp","href":"https:\/\/api.w.org\/{rel}","templated":true}]}}