{"id":26466,"date":"2026-02-27T00:32:41","date_gmt":"2026-02-27T00:32:41","guid":{"rendered":"https:\/\/nordicmart.andreevmaster.com\/product\/masterkidz-traebord-til-laering-stem-wall-accessories-135-byggeklodser\/"},"modified":"2026-02-27T09:12:11","modified_gmt":"2026-02-27T09:12:11","slug":"masterkidz-traebord-til-laering-stem-wall-accessories-135-byggeklodser","status":"publish","type":"product","link":"https:\/\/nordicmart.andreevmaster.com\/da\/vare\/masterkidz-traebord-til-laering-stem-wall-accessories-135-byggeklodser\/","title":{"rendered":"MASTERKIDZ Tr\u00e6bord til l\u00e6ring + STEM WALL ACCESSORIES + 135 byggeklodser"},"content":{"rendered":"<p>Masterkidz STEM-undervisningsbordet + tilbeh\u00f8r giver mulighed for kreativ leg og l\u00e6ring om videnskabens verden. Bordet har et panel med huller, hvor farverige og geometriske pinde, skruer og tandhjul kan inds\u00e6ttes for at skabe smukke m\u00f8nstre. Derudover indeholder s\u00e6ttet et 39,7 x 39,7 cm stort br\u00e6t, der kan placeres p\u00e5 bordet, og 135 klodser, der kan stables p\u00e5 det.<\/p>\n<p>Med STEM Masterkidz-undervisningsbordet kan dit barn begynde at lege kreativt og l\u00e6rerigt ved at skabe smukke m\u00f8nstre og strukturer takket v\u00e6re de utallige typer elementer, der kan bruges til leg.<\/p>\n<p>P\u00e5 siderne af panelet er der to beholdere, hvor du kan opbevare forskellige tilbeh\u00f8r til br\u00e6ttet.<\/p>\n<p>Takket v\u00e6re bordets st\u00f8rrelse kan flere b\u00f8rn lege ved bordet p\u00e5 samme tid.<\/p>\n<p>S\u00e6ttet indeholder:<\/p>\n<p>&#8211; p\u00e6dagogisk bord &#8211; br\u00e6t til klodser + 135 forskellige klodser &#8211; 128 farvede pinde &#8211; 128 farvede skruer &#8211; 64 geometriske pinde &#8211; 2 s\u00e6t med 6 elementer (skruen\u00f8gle, skruetr\u00e6kker med udskiftelige bits) &#8211; 18 tandhjul &#8211; 1 tandhjulsholder &#8211; k\u00e6de<\/p>\n<p>### M\u00d8NSTRE TIL SAMLING (KLIK)<\/p>\n<p>Br\u00e6ttet og klodserne er kompatible med andre popul\u00e6re klodss\u00e6t p\u00e5 markedet. BEM\u00c6RK: S\u00e6ttet indeholder ikke de stole og beholdere, der er vist p\u00e5 hovedbilledet! Desuden f\u00e5s pindene normalt i 8 farver.[img-77987-left-thickbox_default]<\/p>\n<p>[img-77997-left-thickbox_default]<\/p>\n<p>[img-77993-left-thickbox_default]<\/p>\n","protected":false},"excerpt":{"rendered":"<p>Masterkidz STEM-undervisningsbordet + tilbeh\u00f8r giver mulighed for kreativ leg og l\u00e6ring om videnskabens verden. Bordet har et panel med huller, hvor farverige og geometriske pinde, skruer og tandhjul kan inds\u00e6ttes for at skabe smukke m\u00f8nstre. Derudover indeholder s\u00e6ttet et 39,7 x 39,7 cm stort br\u00e6t, der kan placeres p\u00e5 bordet, og 135 klodser, der kan [&hellip;]<\/p>\n","protected":false},"featured_media":0,"comment_status":"open","ping_status":"closed","template":"","meta":[],"product_brand":[],"product_cat":[31],"product_tag":[],"class_list":{"0":"post-26466","1":"product","2":"type-product","3":"status-publish","5":"product_cat-uncategorized-da","7":"first","8":"instock","9":"shipping-taxable","10":"purchasable","11":"product-type-simple"},"_links":{"self":[{"href":"https:\/\/nordicmart.andreevmaster.com\/da\/wp-json\/wp\/v2\/product\/26466","targetHints":{"allow":["GET"]}}],"collection":[{"href":"https:\/\/nordicmart.andreevmaster.com\/da\/wp-json\/wp\/v2\/product"}],"about":[{"href":"https:\/\/nordicmart.andreevmaster.com\/da\/wp-json\/wp\/v2\/types\/product"}],"replies":[{"embeddable":true,"href":"https:\/\/nordicmart.andreevmaster.com\/da\/wp-json\/wp\/v2\/comments?post=26466"}],"wp:attachment":[{"href":"https:\/\/nordicmart.andreevmaster.com\/da\/wp-json\/wp\/v2\/media?parent=26466"}],"wp:term":[{"taxonomy":"product_brand","embeddable":true,"href":"https:\/\/nordicmart.andreevmaster.com\/da\/wp-json\/wp\/v2\/product_brand?post=26466"},{"taxonomy":"product_cat","embeddable":true,"href":"https:\/\/nordicmart.andreevmaster.com\/da\/wp-json\/wp\/v2\/product_cat?post=26466"},{"taxonomy":"product_tag","embeddable":true,"href":"https:\/\/nordicmart.andreevmaster.com\/da\/wp-json\/wp\/v2\/product_tag?post=26466"}],"curies":[{"name":"wp","href":"https:\/\/api.w.org\/{rel}","templated":true}]}}