{"id":26465,"date":"2026-02-27T00:32:41","date_gmt":"2026-02-27T00:32:41","guid":{"rendered":"https:\/\/nordicmart.andreevmaster.com\/product\/masterkidz-vaegpanel-kreativt-stem-videnskabstavle-120x80-cm-uden-monteringspanel\/"},"modified":"2026-02-27T09:12:10","modified_gmt":"2026-02-27T09:12:10","slug":"masterkidz-vaegpanel-kreativt-stem-videnskabstavle-120x80-cm-uden-monteringspanel","status":"publish","type":"product","link":"https:\/\/nordicmart.andreevmaster.com\/da\/vare\/masterkidz-vaegpanel-kreativt-stem-videnskabstavle-120x80-cm-uden-monteringspanel\/","title":{"rendered":"MASTERKIDZ V\u00e6gpanel Kreativt STEM-videnskabstavle 120&#215;80 cm Uden monteringspanel"},"content":{"rendered":"<p>Masterkidz STEM Educational Wall Board giver mulighed for kreativ leg og l\u00e6ring om videnskabens verden. De brede 80&#215;120 cm paneler har huller, hvor farverige pinde kan inds\u00e6ttes for at skabe smukke m\u00f8nstre. Forskellige l\u00e6remidler, tandhjul, r\u00f8rsystemer med pumpe og andre interessante elementer kan ogs\u00e5 monteres p\u00e5 tavlen.Med STEM Masterkidz-undervisningsbr\u00e6ttet kan dit barn begynde at lege kreativt og l\u00e6rerigt ved at skabe smukke m\u00f8nstre og strukturer takket v\u00e6re de utallige typer elementer, der kan bruges i legen. Dit barn vil n\u00e5 h\u00f8jder af fantasi ved at skabe mesterv\u00e6rker eller konstruere en mekanisme af tandhjul eller et r\u00f8rsystem.<\/p>\n<p>Br\u00e6delementer (s\u00e6lges separat):<\/p>\n<p>* &#8211; Farverige pinde ME12746 ME14450 ME21113 ME21137 ME21120 ME21144<br \/>\n* &#8211; Farverige krystaller ME13989<br \/>\n* &#8211; Farvede snore til at forbinde med pinde ME14467<br \/>\n* &#8211; Farvede skruer ME20963 ME29911<br \/>\n* &#8211; Geometriske former ME14696 ME14702 ME14818 ME14825 ME31181<br \/>\n* &#8211; Tandhjul og k\u00e6der ME13460 ME24343 ME31204<br \/>\n* &#8211; Kugle- og vandbaner ME14788 ME14665 ME15143 ME25043<br \/>\n* &#8211; R\u00f8rsystem-bygges\u00e6t med pumpe ME13149<br \/>\n* &#8211; S\u00e6t med bogstaver og tal ME30412 ME3042<\/p>\n<p>Version uden bagpanel:<\/p>\n<p>* &#8211; Denne mulighed er begr\u00e6nset og kun egnet til j\u00e6vne og rene v\u00e6goverflader.<br \/>\n* &#8211; I denne version bores plastbaserne direkte ind i v\u00e6ggen.<br \/>\n* &#8211; N\u00e5r du v\u00e6lger denne mulighed, skal du v\u00e6re opm\u00e6rksom p\u00e5, at v\u00e6ggen skal v\u00e6re helt flad, pudset og i vater.* &#8211; Installationen kr\u00e6ver relativt flere huller i v\u00e6ggen.<br \/>\n* &#8211; En skabelon til boring af huller er inkluderet i s\u00e6ttet.<br \/>\n* &#8211; Hvis du har en flad v\u00e6g, kan du v\u00e6lge denne version uden bagpanel.<br \/>\n* &#8211; Ellers anbefaler vi at v\u00e6lge STEM-tavleversionen med bagpaneler for den bedste pasform og nem installation.<\/p>\n<p>Hvis du har en flad v\u00e6g, skal du v\u00e6lge versionen uden bagpaneler. Ellers anbefaler vi at v\u00e6lge fliser med bagpaneler for at opn\u00e5 den bedste pasform og nem installation.<\/p>\n<p>Takket v\u00e6re Masterkidz-undervisningsbr\u00e6ttet l\u00e6rer dit barn principperne for vandmekanismer og -systemer, ser hvordan en vandpumpe fungerer og l\u00e6rer om geometriske figurer og former. Skruerne, som du kan k\u00f8be specialv\u00e6rkt\u00f8j til, vil ogs\u00e5 v\u00e6re en stor hj\u00e6lp. Takket v\u00e6re dem vil dit barn l\u00e6re at bruge en skruetr\u00e6kker, skruen\u00f8gle og skruen\u00f8gler korrekt, alt sammen mens det leger sikkert.<\/p>\n","protected":false},"excerpt":{"rendered":"<p>Masterkidz STEM Educational Wall Board giver mulighed for kreativ leg og l\u00e6ring om videnskabens verden. De brede 80&#215;120 cm paneler har huller, hvor farverige pinde kan inds\u00e6ttes for at skabe smukke m\u00f8nstre. Forskellige l\u00e6remidler, tandhjul, r\u00f8rsystemer med pumpe og andre interessante elementer kan ogs\u00e5 monteres p\u00e5 tavlen.Med STEM Masterkidz-undervisningsbr\u00e6ttet kan dit barn begynde at lege [&hellip;]<\/p>\n","protected":false},"featured_media":0,"comment_status":"open","ping_status":"closed","template":"","meta":[],"product_brand":[],"product_cat":[31],"product_tag":[],"class_list":{"0":"post-26465","1":"product","2":"type-product","3":"status-publish","5":"product_cat-uncategorized-da","7":"first","8":"instock","9":"shipping-taxable","10":"purchasable","11":"product-type-simple"},"_links":{"self":[{"href":"https:\/\/nordicmart.andreevmaster.com\/da\/wp-json\/wp\/v2\/product\/26465","targetHints":{"allow":["GET"]}}],"collection":[{"href":"https:\/\/nordicmart.andreevmaster.com\/da\/wp-json\/wp\/v2\/product"}],"about":[{"href":"https:\/\/nordicmart.andreevmaster.com\/da\/wp-json\/wp\/v2\/types\/product"}],"replies":[{"embeddable":true,"href":"https:\/\/nordicmart.andreevmaster.com\/da\/wp-json\/wp\/v2\/comments?post=26465"}],"wp:attachment":[{"href":"https:\/\/nordicmart.andreevmaster.com\/da\/wp-json\/wp\/v2\/media?parent=26465"}],"wp:term":[{"taxonomy":"product_brand","embeddable":true,"href":"https:\/\/nordicmart.andreevmaster.com\/da\/wp-json\/wp\/v2\/product_brand?post=26465"},{"taxonomy":"product_cat","embeddable":true,"href":"https:\/\/nordicmart.andreevmaster.com\/da\/wp-json\/wp\/v2\/product_cat?post=26465"},{"taxonomy":"product_tag","embeddable":true,"href":"https:\/\/nordicmart.andreevmaster.com\/da\/wp-json\/wp\/v2\/product_tag?post=26465"}],"curies":[{"name":"wp","href":"https:\/\/api.w.org\/{rel}","templated":true}]}}