{"id":26464,"date":"2026-02-27T00:32:41","date_gmt":"2026-02-27T00:32:41","guid":{"rendered":"https:\/\/nordicmart.andreevmaster.com\/product\/masterkidz-diamantsorteringspuslespil-montessori-paedagogisk-vaegbraet\/"},"modified":"2026-02-27T09:12:10","modified_gmt":"2026-02-27T09:12:10","slug":"masterkidz-diamantsorteringspuslespil-montessori-paedagogisk-vaegbraet","status":"publish","type":"product","link":"https:\/\/nordicmart.andreevmaster.com\/da\/vare\/masterkidz-diamantsorteringspuslespil-montessori-paedagogisk-vaegbraet\/","title":{"rendered":"MASTERKIDZ Diamantsorteringspuslespil &#8211; Montessori p\u00e6dagogisk v\u00e6gbr\u00e6t"},"content":{"rendered":"<p>Dette p\u00e6dagogiske br\u00e6t fokuserer p\u00e5 formgenkendelse og finmotorik. Det er opdelt i to dele: Den \u00f8verste del indeholder en opgavebj\u00e6lke, hvor b\u00f8rnene skal placere tre former (en r\u00f8d sekskant, en bl\u00e5 firkant og en gul cirkel) p\u00e5 de rigtige steder. Den nederste del af tavlen best\u00e5r af tre kolonner med 9 former, som b\u00f8rnene skal matche med de rigtige steder, med fokus p\u00e5 farve og form. Elementerne er placeret p\u00e5 tavlen p\u00e5 en s\u00e5dan m\u00e5de, at de let kan flyttes, men ikke kan g\u00e5 tabt. Br\u00e6ttet kan bruges p\u00e5 et skrivebord eller monteres p\u00e5 en v\u00e6g.<\/p>\n<p>Funktioner:<\/p>\n<p>* &#8211; Du kan have flere br\u00e6dder og nemt skifte mellem dem, og de specielle rammer holder br\u00e6ttet perfekt fast p\u00e5 v\u00e6ggen.<br \/>\n* &#8211; Br\u00e6ttet kan ogs\u00e5 bruges uden rammer, f.eks. p\u00e5 et bord eller gulvet<br \/>\n* &#8211; Den glidende labyrint udvikler motoriske f\u00e6rdigheder og formgenkendelse.* &#8211; Takket v\u00e6re de farverige h\u00e5ndtag kan b\u00f8rnene ogs\u00e5 l\u00e6re farver. Leget\u00f8jet udvikler:* &#8211; motoriske f\u00e6rdigheder* &#8211; sensoriske f\u00e6rdigheder* &#8211; h\u00e5nd-\u00f8je-koordination* &#8211; fantasi* &#8211; koncentration* &#8211; nysgerrighed<\/p>\n","protected":false},"excerpt":{"rendered":"<p>Dette p\u00e6dagogiske br\u00e6t fokuserer p\u00e5 formgenkendelse og finmotorik. Det er opdelt i to dele: Den \u00f8verste del indeholder en opgavebj\u00e6lke, hvor b\u00f8rnene skal placere tre former (en r\u00f8d sekskant, en bl\u00e5 firkant og en gul cirkel) p\u00e5 de rigtige steder. Den nederste del af tavlen best\u00e5r af tre kolonner med 9 former, som b\u00f8rnene skal [&hellip;]<\/p>\n","protected":false},"featured_media":0,"comment_status":"open","ping_status":"closed","template":"","meta":[],"product_brand":[],"product_cat":[31],"product_tag":[],"class_list":{"0":"post-26464","1":"product","2":"type-product","3":"status-publish","5":"product_cat-uncategorized-da","7":"first","8":"instock","9":"shipping-taxable","10":"purchasable","11":"product-type-simple"},"_links":{"self":[{"href":"https:\/\/nordicmart.andreevmaster.com\/da\/wp-json\/wp\/v2\/product\/26464","targetHints":{"allow":["GET"]}}],"collection":[{"href":"https:\/\/nordicmart.andreevmaster.com\/da\/wp-json\/wp\/v2\/product"}],"about":[{"href":"https:\/\/nordicmart.andreevmaster.com\/da\/wp-json\/wp\/v2\/types\/product"}],"replies":[{"embeddable":true,"href":"https:\/\/nordicmart.andreevmaster.com\/da\/wp-json\/wp\/v2\/comments?post=26464"}],"wp:attachment":[{"href":"https:\/\/nordicmart.andreevmaster.com\/da\/wp-json\/wp\/v2\/media?parent=26464"}],"wp:term":[{"taxonomy":"product_brand","embeddable":true,"href":"https:\/\/nordicmart.andreevmaster.com\/da\/wp-json\/wp\/v2\/product_brand?post=26464"},{"taxonomy":"product_cat","embeddable":true,"href":"https:\/\/nordicmart.andreevmaster.com\/da\/wp-json\/wp\/v2\/product_cat?post=26464"},{"taxonomy":"product_tag","embeddable":true,"href":"https:\/\/nordicmart.andreevmaster.com\/da\/wp-json\/wp\/v2\/product_tag?post=26464"}],"curies":[{"name":"wp","href":"https:\/\/api.w.org\/{rel}","templated":true}]}}