{"id":26461,"date":"2026-02-27T00:32:40","date_gmt":"2026-02-27T00:32:40","guid":{"rendered":"https:\/\/nordicmart.andreevmaster.com\/product\/masterkidz-balancende-figurer-alfabetfigurer-26-stk\/"},"modified":"2026-02-27T09:12:09","modified_gmt":"2026-02-27T09:12:09","slug":"masterkidz-balancende-figurer-alfabetfigurer-26-stk","status":"publish","type":"product","link":"https:\/\/nordicmart.andreevmaster.com\/da\/vare\/masterkidz-balancende-figurer-alfabetfigurer-26-stk\/","title":{"rendered":"MASTERKIDZ Balancende figurer Alfabetfigurer, 26 stk."},"content":{"rendered":"<p>Balancefigurer af tr\u00e6 fra Masterkidz er et us\u00e6dvanligt f\u00e6rdighedsspil, der vil appellere til b\u00e5de b\u00f8rn og voksne. M\u00e5let med spillet er at bygge en stabil pyramide af 26 tr\u00e6figurer, der hver er trykt med et bogstav. Det er fremragende til at tr\u00e6ne t\u00e5lmodighed, koncentration og rumlig fantasi. Det udvikler manuelle f\u00e6rdigheder og h\u00e5nd-\u00f8je-koordination.<\/p>\n<p>Egenskaber:<\/p>\n<p>* &#8211; 26 figurer med bogstaver<br \/>\n* &#8211; Lavet af tr\u00e6 og plast<br \/>\n* &#8211; Leget\u00f8jet har ingen skarpe kanter og er lavet af materialer af h\u00f8jeste kvalitet, der er sikre for b\u00f8rn og milj\u00f8et<br \/>\n* &#8211; Malet med giftfri maling<\/p>\n<p>Leget\u00f8jet udvikler:<\/p>\n<p>* &#8211; Fantasi<br \/>\n* &#8211; Manuelle f\u00e6rdigheder<br \/>\n* &#8211; Kognitive f\u00e6rdigheder<br \/>\n* &#8211; Logik<br \/>\n* &#8211; Koncentration<br \/>\n* &#8211; Finmotorik<br \/>\n* &#8211; Kendskab til bogstaver<\/p>\n<p>Regler:<\/p>\n<p>Din opgave er at stable dem til det h\u00f8jeste t\u00e5rn muligt. Hvordan du g\u00f8r det, er helt op til dig! Der er intet, der forhindrer dig i at tjekke, om figurerne kan st\u00e5 p\u00e5 h\u00e6nderne!<\/p>\n<p>Figurerne kan ogs\u00e5 arrangeres i en farverig parade og mange andre former. S\u00e6ttet stimulerer fantasien og vil helt sikkert appellere til kreative sm\u00e5 b\u00f8rn, der kan lide at skabe fantastiske verdener.<\/p>\n","protected":false},"excerpt":{"rendered":"<p>Balancefigurer af tr\u00e6 fra Masterkidz er et us\u00e6dvanligt f\u00e6rdighedsspil, der vil appellere til b\u00e5de b\u00f8rn og voksne. M\u00e5let med spillet er at bygge en stabil pyramide af 26 tr\u00e6figurer, der hver er trykt med et bogstav. Det er fremragende til at tr\u00e6ne t\u00e5lmodighed, koncentration og rumlig fantasi. Det udvikler manuelle f\u00e6rdigheder og h\u00e5nd-\u00f8je-koordination. Egenskaber: * [&hellip;]<\/p>\n","protected":false},"featured_media":0,"comment_status":"open","ping_status":"closed","template":"","meta":[],"product_brand":[],"product_cat":[31],"product_tag":[],"class_list":{"0":"post-26461","1":"product","2":"type-product","3":"status-publish","5":"product_cat-uncategorized-da","7":"first","8":"instock","9":"shipping-taxable","10":"purchasable","11":"product-type-simple"},"_links":{"self":[{"href":"https:\/\/nordicmart.andreevmaster.com\/da\/wp-json\/wp\/v2\/product\/26461","targetHints":{"allow":["GET"]}}],"collection":[{"href":"https:\/\/nordicmart.andreevmaster.com\/da\/wp-json\/wp\/v2\/product"}],"about":[{"href":"https:\/\/nordicmart.andreevmaster.com\/da\/wp-json\/wp\/v2\/types\/product"}],"replies":[{"embeddable":true,"href":"https:\/\/nordicmart.andreevmaster.com\/da\/wp-json\/wp\/v2\/comments?post=26461"}],"wp:attachment":[{"href":"https:\/\/nordicmart.andreevmaster.com\/da\/wp-json\/wp\/v2\/media?parent=26461"}],"wp:term":[{"taxonomy":"product_brand","embeddable":true,"href":"https:\/\/nordicmart.andreevmaster.com\/da\/wp-json\/wp\/v2\/product_brand?post=26461"},{"taxonomy":"product_cat","embeddable":true,"href":"https:\/\/nordicmart.andreevmaster.com\/da\/wp-json\/wp\/v2\/product_cat?post=26461"},{"taxonomy":"product_tag","embeddable":true,"href":"https:\/\/nordicmart.andreevmaster.com\/da\/wp-json\/wp\/v2\/product_tag?post=26461"}],"curies":[{"name":"wp","href":"https:\/\/api.w.org\/{rel}","templated":true}]}}