{"id":26460,"date":"2026-02-27T00:32:40","date_gmt":"2026-02-27T00:32:40","guid":{"rendered":"https:\/\/nordicmart.andreevmaster.com\/product\/masterkidz-akrylbeholdere-til-stem-tavlekomponenter-6-stk\/"},"modified":"2026-02-27T09:12:09","modified_gmt":"2026-02-27T09:12:09","slug":"masterkidz-akrylbeholdere-til-stem-tavlekomponenter-6-stk","status":"publish","type":"product","link":"https:\/\/nordicmart.andreevmaster.com\/da\/vare\/masterkidz-akrylbeholdere-til-stem-tavlekomponenter-6-stk\/","title":{"rendered":"MASTERKIDZ Akrylbeholdere til STEM-tavlekomponenter, 6 stk."},"content":{"rendered":"<p>Leget\u00f8jsopbevaringsbeholdere lavet af holdbart og sikkert akryl. S\u00e6ttet med 6 beholdere er designet til opbevaring af alt tilbeh\u00f8r til Masterkidz Creative Science Boards. De kan rumme alle pinde, skruer og andre elementer, som et barn gerne vil have med sig hele tiden, mens det leger.Beholderne er designet til brug i kombination med et specielt Masterkidz-stativ (ME13095), som g\u00f8r det muligt at placere alle 12 beholdere p\u00e5 de dertil indrettede hylder. P\u00e5 denne m\u00e5de har dit barn alt tilbeh\u00f8r lige ved h\u00e5nden, og det er nemt og let at flytte legen til andre steder.<\/p>\n","protected":false},"excerpt":{"rendered":"<p>Leget\u00f8jsopbevaringsbeholdere lavet af holdbart og sikkert akryl. S\u00e6ttet med 6 beholdere er designet til opbevaring af alt tilbeh\u00f8r til Masterkidz Creative Science Boards. De kan rumme alle pinde, skruer og andre elementer, som et barn gerne vil have med sig hele tiden, mens det leger.Beholderne er designet til brug i kombination med et specielt Masterkidz-stativ [&hellip;]<\/p>\n","protected":false},"featured_media":0,"comment_status":"open","ping_status":"closed","template":"","meta":[],"product_brand":[],"product_cat":[31],"product_tag":[],"class_list":{"0":"post-26460","1":"product","2":"type-product","3":"status-publish","5":"product_cat-uncategorized-da","7":"first","8":"instock","9":"shipping-taxable","10":"purchasable","11":"product-type-simple"},"_links":{"self":[{"href":"https:\/\/nordicmart.andreevmaster.com\/da\/wp-json\/wp\/v2\/product\/26460","targetHints":{"allow":["GET"]}}],"collection":[{"href":"https:\/\/nordicmart.andreevmaster.com\/da\/wp-json\/wp\/v2\/product"}],"about":[{"href":"https:\/\/nordicmart.andreevmaster.com\/da\/wp-json\/wp\/v2\/types\/product"}],"replies":[{"embeddable":true,"href":"https:\/\/nordicmart.andreevmaster.com\/da\/wp-json\/wp\/v2\/comments?post=26460"}],"wp:attachment":[{"href":"https:\/\/nordicmart.andreevmaster.com\/da\/wp-json\/wp\/v2\/media?parent=26460"}],"wp:term":[{"taxonomy":"product_brand","embeddable":true,"href":"https:\/\/nordicmart.andreevmaster.com\/da\/wp-json\/wp\/v2\/product_brand?post=26460"},{"taxonomy":"product_cat","embeddable":true,"href":"https:\/\/nordicmart.andreevmaster.com\/da\/wp-json\/wp\/v2\/product_cat?post=26460"},{"taxonomy":"product_tag","embeddable":true,"href":"https:\/\/nordicmart.andreevmaster.com\/da\/wp-json\/wp\/v2\/product_tag?post=26460"}],"curies":[{"name":"wp","href":"https:\/\/api.w.org\/{rel}","templated":true}]}}