{"id":26459,"date":"2026-02-27T00:32:39","date_gmt":"2026-02-27T00:32:39","guid":{"rendered":"https:\/\/nordicmart.andreevmaster.com\/product\/masterkidz-vaegbraet-med-tandhjul-og-kaede-79-stk-byg-din-egen-mekanisme\/"},"modified":"2026-02-27T09:12:09","modified_gmt":"2026-02-27T09:12:09","slug":"masterkidz-vaegbraet-med-tandhjul-og-kaede-79-stk-byg-din-egen-mekanisme","status":"publish","type":"product","link":"https:\/\/nordicmart.andreevmaster.com\/da\/vare\/masterkidz-vaegbraet-med-tandhjul-og-kaede-79-stk-byg-din-egen-mekanisme\/","title":{"rendered":"MASTERKIDZ V\u00e6gbr\u00e6t med tandhjul og k\u00e6de 79 stk. Byg din egen mekanisme"},"content":{"rendered":"<p>Et s\u00e6t farverige tandhjul og gear, som giver dig mulighed for at konstruere komplekse mekanismer. Leget\u00f8jet monteres p\u00e5 Masterkidz STEM Science and Creative Board ved hj\u00e6lp af specielle Masterkidz-skruer. At lege med gear forbedrer b\u00f8rns motoriske f\u00e6rdigheder, logiske t\u00e6nkning og kreativitet.<\/p>\n<p>### Funktioner:<\/p>\n<p>* &#8211; B\u00f8rn elsker gear og mekanismer. De er fascinerende \u2013 de drejer og griber ind i hinanden. De fungerer som en enkelt organisme. At se s\u00e5danne mekanismer i aktion giver stor tilfredshed og sjov.<br \/>\n* &#8211; Masterkidz-tandhjulss\u00e6ttet er designet til samling i deres specialiserede Masterkidz STEM-system. Hvert \u00f8nsket element skal skrues fast p\u00e5 den p\u00e6dagogiske v\u00e6g ved hj\u00e6lp af specielle skruer, der er tilpasset Masterkidz-b\u00f8rnev\u00e6rkt\u00f8j.<\/p>\n<p>S\u00e6ttet best\u00e5r af 79 elementer:<\/p>\n<p>* &#8211; 2 tandhjul med en krumtap<br \/>\n* &#8211; 12 store tandhjul med 12 t\u00e6nder<br \/>\n* &#8211; 24 farvede tandhjul med 6 t\u00e6nder<br \/>\n* &#8211; k\u00e6de med justerbar l\u00e6ngde<br \/>\n* &#8211; 20 skruer<br \/>\n* &#8211; 20 pinde (stifter)<\/p>\n","protected":false},"excerpt":{"rendered":"<p>Et s\u00e6t farverige tandhjul og gear, som giver dig mulighed for at konstruere komplekse mekanismer. Leget\u00f8jet monteres p\u00e5 Masterkidz STEM Science and Creative Board ved hj\u00e6lp af specielle Masterkidz-skruer. At lege med gear forbedrer b\u00f8rns motoriske f\u00e6rdigheder, logiske t\u00e6nkning og kreativitet. ### Funktioner: * &#8211; B\u00f8rn elsker gear og mekanismer. De er fascinerende \u2013 de [&hellip;]<\/p>\n","protected":false},"featured_media":0,"comment_status":"open","ping_status":"closed","template":"","meta":[],"product_brand":[],"product_cat":[31],"product_tag":[],"class_list":{"0":"post-26459","1":"product","2":"type-product","3":"status-publish","5":"product_cat-uncategorized-da","7":"first","8":"instock","9":"shipping-taxable","10":"purchasable","11":"product-type-simple"},"_links":{"self":[{"href":"https:\/\/nordicmart.andreevmaster.com\/da\/wp-json\/wp\/v2\/product\/26459","targetHints":{"allow":["GET"]}}],"collection":[{"href":"https:\/\/nordicmart.andreevmaster.com\/da\/wp-json\/wp\/v2\/product"}],"about":[{"href":"https:\/\/nordicmart.andreevmaster.com\/da\/wp-json\/wp\/v2\/types\/product"}],"replies":[{"embeddable":true,"href":"https:\/\/nordicmart.andreevmaster.com\/da\/wp-json\/wp\/v2\/comments?post=26459"}],"wp:attachment":[{"href":"https:\/\/nordicmart.andreevmaster.com\/da\/wp-json\/wp\/v2\/media?parent=26459"}],"wp:term":[{"taxonomy":"product_brand","embeddable":true,"href":"https:\/\/nordicmart.andreevmaster.com\/da\/wp-json\/wp\/v2\/product_brand?post=26459"},{"taxonomy":"product_cat","embeddable":true,"href":"https:\/\/nordicmart.andreevmaster.com\/da\/wp-json\/wp\/v2\/product_cat?post=26459"},{"taxonomy":"product_tag","embeddable":true,"href":"https:\/\/nordicmart.andreevmaster.com\/da\/wp-json\/wp\/v2\/product_tag?post=26459"}],"curies":[{"name":"wp","href":"https:\/\/api.w.org\/{rel}","templated":true}]}}