{"id":26458,"date":"2026-02-27T00:32:39","date_gmt":"2026-02-27T00:32:39","guid":{"rendered":"https:\/\/nordicmart.andreevmaster.com\/product\/masterkidz-traeforstorrelsesglassaet-med-beholder\/"},"modified":"2026-02-27T09:12:09","modified_gmt":"2026-02-27T09:12:09","slug":"masterkidz-traeforstorrelsesglassaet-med-beholder","status":"publish","type":"product","link":"https:\/\/nordicmart.andreevmaster.com\/da\/vare\/masterkidz-traeforstorrelsesglassaet-med-beholder\/","title":{"rendered":"MASTERKIDZ Tr\u00e6forst\u00f8rrelsesglass\u00e6t med beholder"},"content":{"rendered":"<p>Lad dit barn blive en lille opdagelsesrejsende med dette unikke forst\u00f8rrelsesglass\u00e6t med tr\u00e6stativ! S\u00e6ttet indeholder fire robuste forst\u00f8rrelsesglas med store, gennemsigtige linser, der er perfekte til at unders\u00f8ge planter, insekter og andre naturens skatte. Hvert forst\u00f8rrelsesglas har et ergonomisk tr\u00e6h\u00e5ndtag i livlige farver (r\u00f8d, gr\u00f8n, gul og bl\u00e5), der er designet til sm\u00e5 h\u00e6nder. <\/p>\n<p>S\u00e6ttet indeholder et tr\u00e6stativ med gennemsigtigt l\u00e5g.<\/p>\n<p>\u2705 Egenskaber:<\/p>\n<p>\u2714\ufe0f 4 forst\u00f8rrelsesglas med tr\u00e6h\u00e5ndtag i forskellige farver \u2714\ufe0f Robust tr\u00e6stativ med gennemsigtigt l\u00e5g \u2714\ufe0f Forst\u00f8rrelse for n\u00f8jagtig observation \u2714\ufe0f Sikker materialer, ideelle til b\u00f8rn \u2714\ufe0f Fremmer nysgerrighed, l\u00e6ring gennem leg og udvikler observationsf\u00e6rdigheder<\/p>\n<p>Dette er det perfekte valg til sm\u00e5 opdagelsesrejsende, der \u00f8nsker at opdage hemmelighederne i verden omkring dem!<\/p>\n","protected":false},"excerpt":{"rendered":"<p>Lad dit barn blive en lille opdagelsesrejsende med dette unikke forst\u00f8rrelsesglass\u00e6t med tr\u00e6stativ! S\u00e6ttet indeholder fire robuste forst\u00f8rrelsesglas med store, gennemsigtige linser, der er perfekte til at unders\u00f8ge planter, insekter og andre naturens skatte. Hvert forst\u00f8rrelsesglas har et ergonomisk tr\u00e6h\u00e5ndtag i livlige farver (r\u00f8d, gr\u00f8n, gul og bl\u00e5), der er designet til sm\u00e5 h\u00e6nder. S\u00e6ttet [&hellip;]<\/p>\n","protected":false},"featured_media":0,"comment_status":"open","ping_status":"closed","template":"","meta":[],"product_brand":[],"product_cat":[31],"product_tag":[],"class_list":{"0":"post-26458","1":"product","2":"type-product","3":"status-publish","5":"product_cat-uncategorized-da","7":"first","8":"instock","9":"shipping-taxable","10":"purchasable","11":"product-type-simple"},"_links":{"self":[{"href":"https:\/\/nordicmart.andreevmaster.com\/da\/wp-json\/wp\/v2\/product\/26458","targetHints":{"allow":["GET"]}}],"collection":[{"href":"https:\/\/nordicmart.andreevmaster.com\/da\/wp-json\/wp\/v2\/product"}],"about":[{"href":"https:\/\/nordicmart.andreevmaster.com\/da\/wp-json\/wp\/v2\/types\/product"}],"replies":[{"embeddable":true,"href":"https:\/\/nordicmart.andreevmaster.com\/da\/wp-json\/wp\/v2\/comments?post=26458"}],"wp:attachment":[{"href":"https:\/\/nordicmart.andreevmaster.com\/da\/wp-json\/wp\/v2\/media?parent=26458"}],"wp:term":[{"taxonomy":"product_brand","embeddable":true,"href":"https:\/\/nordicmart.andreevmaster.com\/da\/wp-json\/wp\/v2\/product_brand?post=26458"},{"taxonomy":"product_cat","embeddable":true,"href":"https:\/\/nordicmart.andreevmaster.com\/da\/wp-json\/wp\/v2\/product_cat?post=26458"},{"taxonomy":"product_tag","embeddable":true,"href":"https:\/\/nordicmart.andreevmaster.com\/da\/wp-json\/wp\/v2\/product_tag?post=26458"}],"curies":[{"name":"wp","href":"https:\/\/api.w.org\/{rel}","templated":true}]}}