{"id":26457,"date":"2026-02-27T00:32:39","date_gmt":"2026-02-27T00:32:39","guid":{"rendered":"https:\/\/nordicmart.andreevmaster.com\/product\/masterkidz-farverige-larver-laerer-tal-og-maengder-montessori-paedagogisk-vaegbraet\/"},"modified":"2026-02-27T09:12:09","modified_gmt":"2026-02-27T09:12:09","slug":"masterkidz-farverige-larver-laerer-tal-og-maengder-montessori-paedagogisk-vaegbraet","status":"publish","type":"product","link":"https:\/\/nordicmart.andreevmaster.com\/da\/vare\/masterkidz-farverige-larver-laerer-tal-og-maengder-montessori-paedagogisk-vaegbraet\/","title":{"rendered":"MASTERKIDZ Farverige larver l\u00e6rer tal og m\u00e6ngder &#8211; Montessori p\u00e6dagogisk v\u00e6gbr\u00e6t"},"content":{"rendered":"<p>Det p\u00e6dagogiske tavle har 5 farverige larver og indeholder 15 t\u00e6llere med diamanter i 5 farver, placeret p\u00e5 skydeknapper. B\u00f8rnene kan flytte dem, men ikke fjerne dem. Tavlen viser 5 erstatninger for tal fra 1 til 5 (cifre, fingre, streger, blokke, prikker). P\u00e5 venstre side er der skydeknapper, som giver mulighed for at indstille udfordringer. B\u00f8rnene kan lege frit eller bruge br\u00e6ttet til at l\u00e6re at t\u00e6lle op og ned til 5 ved at flytte \u00e6delstenene til de rette steder. <\/p>\n<p>Egenskaber: <\/p>\n<p>* &#8211; til b\u00f8rn fra 2 \u00e5r og opefter<br \/>\n* &#8211; Inkluderer grafik, der viser 5 farverige larver<br \/>\n* &#8211; Lavet af tr\u00e6<br \/>\n* &#8211; Hj\u00e6lper b\u00f8rn med at fokusere og tr\u00e6ne deres hjerne<br \/>\n* &#8211; Forbedrer motoriske f\u00e6rdigheder<br \/>\n* &#8211; Hj\u00e6lper b\u00f8rn med at l\u00e6re at t\u00e6lle til 5 og genkende farver<\/p>\n<p>Leget\u00f8jet udvikler:<\/p>\n<p>* &#8211; Sensoriske f\u00e6rdigheder<br \/>\n* &#8211; Motoriske f\u00e6rdigheder<br \/>\n* &#8211; H\u00e5nd-\u00f8je-koordination<br \/>\n* &#8211; T\u00e6llef\u00e6rdigheder<\/p>\n","protected":false},"excerpt":{"rendered":"<p>Det p\u00e6dagogiske tavle har 5 farverige larver og indeholder 15 t\u00e6llere med diamanter i 5 farver, placeret p\u00e5 skydeknapper. B\u00f8rnene kan flytte dem, men ikke fjerne dem. Tavlen viser 5 erstatninger for tal fra 1 til 5 (cifre, fingre, streger, blokke, prikker). P\u00e5 venstre side er der skydeknapper, som giver mulighed for at indstille udfordringer. [&hellip;]<\/p>\n","protected":false},"featured_media":0,"comment_status":"open","ping_status":"closed","template":"","meta":[],"product_brand":[],"product_cat":[31],"product_tag":[],"class_list":{"0":"post-26457","1":"product","2":"type-product","3":"status-publish","5":"product_cat-uncategorized-da","7":"first","8":"instock","9":"shipping-taxable","10":"purchasable","11":"product-type-simple"},"_links":{"self":[{"href":"https:\/\/nordicmart.andreevmaster.com\/da\/wp-json\/wp\/v2\/product\/26457","targetHints":{"allow":["GET"]}}],"collection":[{"href":"https:\/\/nordicmart.andreevmaster.com\/da\/wp-json\/wp\/v2\/product"}],"about":[{"href":"https:\/\/nordicmart.andreevmaster.com\/da\/wp-json\/wp\/v2\/types\/product"}],"replies":[{"embeddable":true,"href":"https:\/\/nordicmart.andreevmaster.com\/da\/wp-json\/wp\/v2\/comments?post=26457"}],"wp:attachment":[{"href":"https:\/\/nordicmart.andreevmaster.com\/da\/wp-json\/wp\/v2\/media?parent=26457"}],"wp:term":[{"taxonomy":"product_brand","embeddable":true,"href":"https:\/\/nordicmart.andreevmaster.com\/da\/wp-json\/wp\/v2\/product_brand?post=26457"},{"taxonomy":"product_cat","embeddable":true,"href":"https:\/\/nordicmart.andreevmaster.com\/da\/wp-json\/wp\/v2\/product_cat?post=26457"},{"taxonomy":"product_tag","embeddable":true,"href":"https:\/\/nordicmart.andreevmaster.com\/da\/wp-json\/wp\/v2\/product_tag?post=26457"}],"curies":[{"name":"wp","href":"https:\/\/api.w.org\/{rel}","templated":true}]}}