{"id":26455,"date":"2026-02-27T00:32:38","date_gmt":"2026-02-27T00:32:38","guid":{"rendered":"https:\/\/nordicmart.andreevmaster.com\/product\/masterkidz-farverige-jumbo-pinde-til-stem-braet-128-stk-8-farver\/"},"modified":"2026-02-27T09:12:08","modified_gmt":"2026-02-27T09:12:08","slug":"masterkidz-farverige-jumbo-pinde-til-stem-braet-128-stk-8-farver","status":"publish","type":"product","link":"https:\/\/nordicmart.andreevmaster.com\/da\/vare\/masterkidz-farverige-jumbo-pinde-til-stem-braet-128-stk-8-farver\/","title":{"rendered":"MASTERKIDZ Farverige jumbo-pinde til STEM-br\u00e6t 128 stk. &#8211; 8 farver"},"content":{"rendered":"<p>Masterkidz Colorful Jumbo Pegs er et s\u00e6t store, robuste brikker til kreativ leg og l\u00e6ring! Med dem kan alle b\u00f8rn skabe deres egne billeder, dyr, k\u00f8ret\u00f8jer og fantastiske designs og dermed udvikle deres kreativitet og fantasi. P\u00e5 STEM-manipulationsbr\u00e6ttet. Pindene er nemme at gribe, har intense farver og er helt sikre for b\u00f8rn. De er det perfekte valg til b\u00f8rnehaven, skolen og hjemmet \u2013 til alle, der \u00f8nsker at udvikle deres fantasi og manuelle f\u00e6rdigheder gennem kreativt leg.<\/p>\n<p>Egenskaber:<\/p>\n<p>* &#8211; S\u00e6ttet indeholder 128 store plastikpinde i 8 livlige farver, 16 pinde af hver farve<br \/>\n* &#8211; Ergonomisk form \u2013 nem at gribe, selv for sm\u00e5 h\u00e6nder<br \/>\n* &#8211; Fremstillet af holdbart, sikkert og skadesresistent plastik.<br \/>\n* &#8211; Designet til nem montering og demontering p\u00e5 STEM-tavler<\/p>\n<p>Leget\u00f8jet udvikler:<\/p>\n<p>* &#8211; Kreativitet<br \/>\n* &#8211; Fantasi<br \/>\n* &#8211; Motoriske f\u00e6rdigheder<br \/>\n* &#8211; Sociale f\u00e6rdigheder<\/p>\n<p>S\u00e6ttet er kompatibelt med:<\/p>\n<p>* &#8211; STEM-v\u00e6rksteder ME29584 ME29591<br \/>\n* &#8211; STEM-v\u00e6gplader ME12838 ME10971 ME11343 ME15358 ME15372 ME15389 ME15365 ME25111 ME25166<br \/>\n* &#8211; STEM-fritst\u00e5ende tavler ME29348 ME09548 ME09531 ME2932<br \/>\n* &#8211; STEM-v\u00e6gge ME30849<br \/>\n* &#8211; F\u00e6rdige s\u00e6t STEM MK0005 MK0006 MK0008 MK0009 MK0010 ME20925 ME25319-1 ME25319-2<\/p>\n<p>&#8211; STEM-workshops ME29584 ME29591<\/p>\n<p>&#8211; STEM-v\u00e6gplader ME12838 ME10971 ME11343 ME15358 ME15372 ME15389 ME15365 ME25111 ME25166<\/p>\n<p>&#8211; Fritst\u00e5ende tavler STEM ME29348 ME09548 ME09531 ME2932<\/p>\n<p>&#8211; STEM-v\u00e6gge ME30849<\/p>\n<p>&#8211; F\u00e6rdige STEM-s\u00e6t MK0005 MK0006 MK0008 MK0009 MK0010 ME20925 ME25319-1 ME25319-2<\/p>\n<p>[img-76717-right-thickbox_default]<\/p>\n<p>[img-76719-right-thickbox_default]<\/p>\n","protected":false},"excerpt":{"rendered":"<p>Masterkidz Colorful Jumbo Pegs er et s\u00e6t store, robuste brikker til kreativ leg og l\u00e6ring! Med dem kan alle b\u00f8rn skabe deres egne billeder, dyr, k\u00f8ret\u00f8jer og fantastiske designs og dermed udvikle deres kreativitet og fantasi. P\u00e5 STEM-manipulationsbr\u00e6ttet. Pindene er nemme at gribe, har intense farver og er helt sikre for b\u00f8rn. De er det [&hellip;]<\/p>\n","protected":false},"featured_media":0,"comment_status":"open","ping_status":"closed","template":"","meta":[],"product_brand":[],"product_cat":[31],"product_tag":[],"class_list":{"0":"post-26455","1":"product","2":"type-product","3":"status-publish","5":"product_cat-uncategorized-da","7":"first","8":"instock","9":"shipping-taxable","10":"purchasable","11":"product-type-simple"},"_links":{"self":[{"href":"https:\/\/nordicmart.andreevmaster.com\/da\/wp-json\/wp\/v2\/product\/26455","targetHints":{"allow":["GET"]}}],"collection":[{"href":"https:\/\/nordicmart.andreevmaster.com\/da\/wp-json\/wp\/v2\/product"}],"about":[{"href":"https:\/\/nordicmart.andreevmaster.com\/da\/wp-json\/wp\/v2\/types\/product"}],"replies":[{"embeddable":true,"href":"https:\/\/nordicmart.andreevmaster.com\/da\/wp-json\/wp\/v2\/comments?post=26455"}],"wp:attachment":[{"href":"https:\/\/nordicmart.andreevmaster.com\/da\/wp-json\/wp\/v2\/media?parent=26455"}],"wp:term":[{"taxonomy":"product_brand","embeddable":true,"href":"https:\/\/nordicmart.andreevmaster.com\/da\/wp-json\/wp\/v2\/product_brand?post=26455"},{"taxonomy":"product_cat","embeddable":true,"href":"https:\/\/nordicmart.andreevmaster.com\/da\/wp-json\/wp\/v2\/product_cat?post=26455"},{"taxonomy":"product_tag","embeddable":true,"href":"https:\/\/nordicmart.andreevmaster.com\/da\/wp-json\/wp\/v2\/product_tag?post=26455"}],"curies":[{"name":"wp","href":"https:\/\/api.w.org\/{rel}","templated":true}]}}