{"id":26454,"date":"2026-02-27T00:32:38","date_gmt":"2026-02-27T00:32:38","guid":{"rendered":"https:\/\/nordicmart.andreevmaster.com\/product\/masterkidz-farverige-jumbo-pinde-til-stem-braet-64-stk-6-farver\/"},"modified":"2026-02-27T09:12:08","modified_gmt":"2026-02-27T09:12:08","slug":"masterkidz-farverige-jumbo-pinde-til-stem-braet-64-stk-6-farver","status":"publish","type":"product","link":"https:\/\/nordicmart.andreevmaster.com\/da\/vare\/masterkidz-farverige-jumbo-pinde-til-stem-braet-64-stk-6-farver\/","title":{"rendered":"MASTERKIDZ Farverige jumbo-pinde til STEM-br\u00e6t, 64 stk. &#8211; 6 farver"},"content":{"rendered":"<p>Med Masterkidz farverige pinde kan du skabe uforglemmelige strukturer eller billeder p\u00e5 dit br\u00e6t. Den eneste gr\u00e6nse er din fantasi, s\u00e5 lad den l\u00f8be frit og skab noget smukt! Pindene f\u00e5s i 6 farver, s\u00e5 du kan skabe en lang r\u00e6kke kompositioner.<\/p>\n<p>Egenskaber:<\/p>\n<p>* &#8211; s\u00e6ttet indeholder 64 stykker (12 pinde i 5 farver + 4 pinde, der ligner et \u00f8je)<br \/>\n* &#8211; farverige pinde i 6 farver<br \/>\n* &#8211; kan bruges til at skabe dyr, biler, billeder og mange andre former p\u00e5 STEM-br\u00e6dder<br \/>\n* &#8211; tavlerne opmuntrer b\u00f8rn til at lege kreativt, t\u00e6nke logisk, udvikle fin- og grovmotorik, dele leget\u00f8j med hinanden og interagere<br \/>\n* &#8211; smidige h\u00e6nder kan nemt fastg\u00f8re pindene til STEM-tavlerne<br \/>\n* &#8211; pindene er lavet af materialer, der er modstandsdygtige over for vand og solskader, s\u00e5som misfarvning eller revner &#8211; ideelle til indend\u00f8rs og udend\u00f8rs brug<\/p>\n<p>[img-76714-right-thickbox_default]<\/p>\n<p>[img-76715-right-thickbox_default]<\/p>\n","protected":false},"excerpt":{"rendered":"<p>Med Masterkidz farverige pinde kan du skabe uforglemmelige strukturer eller billeder p\u00e5 dit br\u00e6t. Den eneste gr\u00e6nse er din fantasi, s\u00e5 lad den l\u00f8be frit og skab noget smukt! Pindene f\u00e5s i 6 farver, s\u00e5 du kan skabe en lang r\u00e6kke kompositioner. Egenskaber: * &#8211; s\u00e6ttet indeholder 64 stykker (12 pinde i 5 farver + [&hellip;]<\/p>\n","protected":false},"featured_media":0,"comment_status":"open","ping_status":"closed","template":"","meta":[],"product_brand":[],"product_cat":[31],"product_tag":[],"class_list":{"0":"post-26454","1":"product","2":"type-product","3":"status-publish","5":"product_cat-uncategorized-da","7":"first","8":"instock","9":"shipping-taxable","10":"purchasable","11":"product-type-simple"},"_links":{"self":[{"href":"https:\/\/nordicmart.andreevmaster.com\/da\/wp-json\/wp\/v2\/product\/26454","targetHints":{"allow":["GET"]}}],"collection":[{"href":"https:\/\/nordicmart.andreevmaster.com\/da\/wp-json\/wp\/v2\/product"}],"about":[{"href":"https:\/\/nordicmart.andreevmaster.com\/da\/wp-json\/wp\/v2\/types\/product"}],"replies":[{"embeddable":true,"href":"https:\/\/nordicmart.andreevmaster.com\/da\/wp-json\/wp\/v2\/comments?post=26454"}],"wp:attachment":[{"href":"https:\/\/nordicmart.andreevmaster.com\/da\/wp-json\/wp\/v2\/media?parent=26454"}],"wp:term":[{"taxonomy":"product_brand","embeddable":true,"href":"https:\/\/nordicmart.andreevmaster.com\/da\/wp-json\/wp\/v2\/product_brand?post=26454"},{"taxonomy":"product_cat","embeddable":true,"href":"https:\/\/nordicmart.andreevmaster.com\/da\/wp-json\/wp\/v2\/product_cat?post=26454"},{"taxonomy":"product_tag","embeddable":true,"href":"https:\/\/nordicmart.andreevmaster.com\/da\/wp-json\/wp\/v2\/product_tag?post=26454"}],"curies":[{"name":"wp","href":"https:\/\/api.w.org\/{rel}","templated":true}]}}