{"id":26452,"date":"2026-02-27T00:32:38","date_gmt":"2026-02-27T00:32:38","guid":{"rendered":"https:\/\/nordicmart.andreevmaster.com\/product\/masterkidz-mix-tilbehorssaet-pinde-skruer-vaerktoj-352-stk\/"},"modified":"2026-02-27T09:12:08","modified_gmt":"2026-02-27T09:12:08","slug":"masterkidz-mix-tilbehorssaet-pinde-skruer-vaerktoj-352-stk","status":"publish","type":"product","link":"https:\/\/nordicmart.andreevmaster.com\/da\/vare\/masterkidz-mix-tilbehorssaet-pinde-skruer-vaerktoj-352-stk\/","title":{"rendered":"MASTERKIDZ Mix tilbeh\u00f8rss\u00e6t Pinde Skruer V\u00e6rkt\u00f8j 352 stk."},"content":{"rendered":"<p>STEM-tilbeh\u00f8rss\u00e6ttet fra Masterkidz indeholder grundl\u00e6ggende tilbeh\u00f8r til leg med Masterkidz STEM-systemet. Det indeholder 128 pinde, 128 skruer, 64 geometriske pinde, 2 v\u00e6rkt\u00f8jss\u00e6t, 18 tandhjul, et hjul med h\u00e5ndtag og en k\u00e6de.  Dette s\u00e6t er designet til kreativ leg og udforskning af videnskabens verden gennem eksperimenter og konstruktion. B\u00f8rn kan bruge dette tilbeh\u00f8r til at skabe en r\u00e6kke forskellige designs og strukturer, hvilket udvikler deres manuelle f\u00e6rdigheder, logiske t\u00e6nkning og forst\u00e5else af de grundl\u00e6ggende principper inden for mekanik og ingeni\u00f8rarbejde. Dette s\u00e6t er en god start til leg med Masterkidz STEM-systemet. Det er kompatibelt med b\u00e5de v\u00e6gmonterede og fritst\u00e5ende tavler, hvoraf den ene er n\u00f8dvendig for at kunne begynde at lege.<\/p>\n<p>Funktioner:<\/p>\n<p>* &#8211; Til b\u00f8rn fra 3 \u00e5r og opefter<br \/>\n* &#8211; Ideelt starts\u00e6t til Masterkidz STEM-systemet<br \/>\n* &#8211; S\u00e6ttets komponenter er kompatible med tavler designet til indend\u00f8rs og udend\u00f8rs brug<\/p>\n<p>S\u00e6ttet indeholder:<\/p>\n<p>* &#8211; 128 farverige pinde i forskellige farver.* &#8211; 128 farvede skruer i forskellige farver.<br \/>\n* &#8211; 64 geometriske pinde i forskellige farver.<br \/>\n* &#8211; 2 s\u00e6t med 6 v\u00e6rkt\u00f8jer (skruen\u00f8gle, skruetr\u00e6kker med udskiftelige bits).<br \/>\n* &#8211; 18 tandhjul og 1 tandhjulsholder.<br \/>\n* &#8211; K\u00e6de til at skabe bev\u00e6gelige strukturer.<\/p>\n<p>Bem\u00e6rk! Dette er et s\u00e6t tilbeh\u00f8r til tavler eller borde. Tavlerne og bordene, der vises p\u00e5 de illustrative fotos, kan k\u00f8bes separat.<\/p>\n","protected":false},"excerpt":{"rendered":"<p>STEM-tilbeh\u00f8rss\u00e6ttet fra Masterkidz indeholder grundl\u00e6ggende tilbeh\u00f8r til leg med Masterkidz STEM-systemet. Det indeholder 128 pinde, 128 skruer, 64 geometriske pinde, 2 v\u00e6rkt\u00f8jss\u00e6t, 18 tandhjul, et hjul med h\u00e5ndtag og en k\u00e6de. Dette s\u00e6t er designet til kreativ leg og udforskning af videnskabens verden gennem eksperimenter og konstruktion. B\u00f8rn kan bruge dette tilbeh\u00f8r til at skabe [&hellip;]<\/p>\n","protected":false},"featured_media":0,"comment_status":"open","ping_status":"closed","template":"","meta":[],"product_brand":[],"product_cat":[31],"product_tag":[],"class_list":{"0":"post-26452","1":"product","2":"type-product","3":"status-publish","5":"product_cat-uncategorized-da","7":"first","8":"instock","9":"shipping-taxable","10":"purchasable","11":"product-type-simple"},"_links":{"self":[{"href":"https:\/\/nordicmart.andreevmaster.com\/da\/wp-json\/wp\/v2\/product\/26452","targetHints":{"allow":["GET"]}}],"collection":[{"href":"https:\/\/nordicmart.andreevmaster.com\/da\/wp-json\/wp\/v2\/product"}],"about":[{"href":"https:\/\/nordicmart.andreevmaster.com\/da\/wp-json\/wp\/v2\/types\/product"}],"replies":[{"embeddable":true,"href":"https:\/\/nordicmart.andreevmaster.com\/da\/wp-json\/wp\/v2\/comments?post=26452"}],"wp:attachment":[{"href":"https:\/\/nordicmart.andreevmaster.com\/da\/wp-json\/wp\/v2\/media?parent=26452"}],"wp:term":[{"taxonomy":"product_brand","embeddable":true,"href":"https:\/\/nordicmart.andreevmaster.com\/da\/wp-json\/wp\/v2\/product_brand?post=26452"},{"taxonomy":"product_cat","embeddable":true,"href":"https:\/\/nordicmart.andreevmaster.com\/da\/wp-json\/wp\/v2\/product_cat?post=26452"},{"taxonomy":"product_tag","embeddable":true,"href":"https:\/\/nordicmart.andreevmaster.com\/da\/wp-json\/wp\/v2\/product_tag?post=26452"}],"curies":[{"name":"wp","href":"https:\/\/api.w.org\/{rel}","templated":true}]}}