{"id":26451,"date":"2026-02-27T00:32:37","date_gmt":"2026-02-27T00:32:37","guid":{"rendered":"https:\/\/nordicmart.andreevmaster.com\/product\/masterkidz-traebord-til-laering-stem-vaeg-tilbehor\/"},"modified":"2026-02-27T09:12:07","modified_gmt":"2026-02-27T09:12:07","slug":"masterkidz-traebord-til-laering-stem-vaeg-tilbehor","status":"publish","type":"product","link":"https:\/\/nordicmart.andreevmaster.com\/da\/vare\/masterkidz-traebord-til-laering-stem-vaeg-tilbehor\/","title":{"rendered":"MASTERKIDZ Tr\u00e6bord til l\u00e6ring + STEM-V\u00c6G TILBEH\u00d8R"},"content":{"rendered":"<p>Masterkidz STEM-bord til l\u00e6ring + tilbeh\u00f8r giver mulighed for kreativ leg og l\u00e6ring om videnskabens verden. Panelet p\u00e5 63 x 63 (cm) har huller, hvor farverige og geometriske pinde, skruer og tandhjul kan inds\u00e6ttes for at skabe smukke m\u00f8nstre. <\/p>\n<p>Med Masterkidz STEM-l\u00e6rebordet kan dit barn begynde at lege kreativt og l\u00e6rerigt ved at skabe smukke m\u00f8nstre og strukturer takket v\u00e6re de utallige typer elementer, der kan bruges til leg. <\/p>\n<p>S\u00e6ttet indeholder: <\/p>\n<p>&#8211; p\u00e6dagogisk bord &#8211; 128 farverige pinde &#8211; 128 farverige skruer &#8211; 64 geometriske pinde &#8211; 2 s\u00e6t med 6 elementer (skruen\u00f8gle, skruetr\u00e6kker med udskiftelige bits) &#8211; 20 tandhjul &#8211; 1 tandhjulsholder &#8211; k\u00e6de<\/p>\n<p>Der er to beholdere p\u00e5 siderne af panelet til opbevaring af forskellige tilbeh\u00f8r til br\u00e6ttet.<\/p>\n<p>Takket v\u00e6re sin st\u00f8rrelse kan flere b\u00f8rn lege ved bordet p\u00e5 samme tid.<\/p>\n<p>[img-77986-left-thickbox_default]<\/p>\n<p>[img-77992-left-thickbox_default]<\/p>\n<p>[img-69853-left-thickbox_default]<\/p>\n","protected":false},"excerpt":{"rendered":"<p>Masterkidz STEM-bord til l\u00e6ring + tilbeh\u00f8r giver mulighed for kreativ leg og l\u00e6ring om videnskabens verden. Panelet p\u00e5 63 x 63 (cm) har huller, hvor farverige og geometriske pinde, skruer og tandhjul kan inds\u00e6ttes for at skabe smukke m\u00f8nstre. Med Masterkidz STEM-l\u00e6rebordet kan dit barn begynde at lege kreativt og l\u00e6rerigt ved at skabe smukke [&hellip;]<\/p>\n","protected":false},"featured_media":0,"comment_status":"open","ping_status":"closed","template":"","meta":[],"product_brand":[],"product_cat":[31],"product_tag":[],"class_list":{"0":"post-26451","1":"product","2":"type-product","3":"status-publish","5":"product_cat-uncategorized-da","7":"first","8":"instock","9":"shipping-taxable","10":"purchasable","11":"product-type-simple"},"_links":{"self":[{"href":"https:\/\/nordicmart.andreevmaster.com\/da\/wp-json\/wp\/v2\/product\/26451","targetHints":{"allow":["GET"]}}],"collection":[{"href":"https:\/\/nordicmart.andreevmaster.com\/da\/wp-json\/wp\/v2\/product"}],"about":[{"href":"https:\/\/nordicmart.andreevmaster.com\/da\/wp-json\/wp\/v2\/types\/product"}],"replies":[{"embeddable":true,"href":"https:\/\/nordicmart.andreevmaster.com\/da\/wp-json\/wp\/v2\/comments?post=26451"}],"wp:attachment":[{"href":"https:\/\/nordicmart.andreevmaster.com\/da\/wp-json\/wp\/v2\/media?parent=26451"}],"wp:term":[{"taxonomy":"product_brand","embeddable":true,"href":"https:\/\/nordicmart.andreevmaster.com\/da\/wp-json\/wp\/v2\/product_brand?post=26451"},{"taxonomy":"product_cat","embeddable":true,"href":"https:\/\/nordicmart.andreevmaster.com\/da\/wp-json\/wp\/v2\/product_cat?post=26451"},{"taxonomy":"product_tag","embeddable":true,"href":"https:\/\/nordicmart.andreevmaster.com\/da\/wp-json\/wp\/v2\/product_tag?post=26451"}],"curies":[{"name":"wp","href":"https:\/\/api.w.org\/{rel}","templated":true}]}}