{"id":26450,"date":"2026-02-27T00:32:37","date_gmt":"2026-02-27T00:32:37","guid":{"rendered":"https:\/\/nordicmart.andreevmaster.com\/product\/masterkidz-oval-legekrog\/"},"modified":"2026-02-27T09:12:07","modified_gmt":"2026-02-27T09:12:07","slug":"masterkidz-oval-legekrog","status":"publish","type":"product","link":"https:\/\/nordicmart.andreevmaster.com\/da\/vare\/masterkidz-oval-legekrog\/","title":{"rendered":"MASTERKIDZ Oval legekrog"},"content":{"rendered":"<p>Den ovale legekrog fra Masterkidz giver b\u00f8rnene mulighed for at finde deres eget lille tilflugtssted fra travlheden eller et sted at hvile sig. B\u00f8rnene kan slappe af, l\u00e6se b\u00f8ger, lege alene eller med venner. Hj\u00f8rnet er lavet af behageligt skum, der er d\u00e6kket med vinyl, der er let at t\u00f8rre af. Der er plads til op til 4 b\u00f8rn. <\/p>\n<p>Funktioner: <\/p>\n<p>* &#8211; stort rundt skumomr\u00e5de til at sidde p\u00e5<br \/>\n* &#8211; ideelt til skoler, biblioteker eller b\u00f8rnehaver<br \/>\n* &#8211; rampe for lettere adgang<br \/>\n* &#8211; 75 mm tykt gulv<br \/>\n* &#8211; hj\u00f8rnet har plads til op til 4 b\u00f8rn<br \/>\n* &#8211; kan bruges til at hvile, l\u00e6se eller tage en lur<br \/>\n* &#8211; lavet af vinylbelagt skum<br \/>\n* &#8211; pletafvisende, let at reng\u00f8re<\/p>\n","protected":false},"excerpt":{"rendered":"<p>Den ovale legekrog fra Masterkidz giver b\u00f8rnene mulighed for at finde deres eget lille tilflugtssted fra travlheden eller et sted at hvile sig. B\u00f8rnene kan slappe af, l\u00e6se b\u00f8ger, lege alene eller med venner. Hj\u00f8rnet er lavet af behageligt skum, der er d\u00e6kket med vinyl, der er let at t\u00f8rre af. Der er plads til [&hellip;]<\/p>\n","protected":false},"featured_media":0,"comment_status":"open","ping_status":"closed","template":"","meta":[],"product_brand":[],"product_cat":[31],"product_tag":[],"class_list":{"0":"post-26450","1":"product","2":"type-product","3":"status-publish","5":"product_cat-uncategorized-da","7":"first","8":"instock","9":"shipping-taxable","10":"purchasable","11":"product-type-simple"},"_links":{"self":[{"href":"https:\/\/nordicmart.andreevmaster.com\/da\/wp-json\/wp\/v2\/product\/26450","targetHints":{"allow":["GET"]}}],"collection":[{"href":"https:\/\/nordicmart.andreevmaster.com\/da\/wp-json\/wp\/v2\/product"}],"about":[{"href":"https:\/\/nordicmart.andreevmaster.com\/da\/wp-json\/wp\/v2\/types\/product"}],"replies":[{"embeddable":true,"href":"https:\/\/nordicmart.andreevmaster.com\/da\/wp-json\/wp\/v2\/comments?post=26450"}],"wp:attachment":[{"href":"https:\/\/nordicmart.andreevmaster.com\/da\/wp-json\/wp\/v2\/media?parent=26450"}],"wp:term":[{"taxonomy":"product_brand","embeddable":true,"href":"https:\/\/nordicmart.andreevmaster.com\/da\/wp-json\/wp\/v2\/product_brand?post=26450"},{"taxonomy":"product_cat","embeddable":true,"href":"https:\/\/nordicmart.andreevmaster.com\/da\/wp-json\/wp\/v2\/product_cat?post=26450"},{"taxonomy":"product_tag","embeddable":true,"href":"https:\/\/nordicmart.andreevmaster.com\/da\/wp-json\/wp\/v2\/product_tag?post=26450"}],"curies":[{"name":"wp","href":"https:\/\/api.w.org\/{rel}","templated":true}]}}