{"id":26449,"date":"2026-02-27T00:32:37","date_gmt":"2026-02-27T00:32:37","guid":{"rendered":"https:\/\/nordicmart.andreevmaster.com\/product\/masterkidz-akrylbeholdere-til-tavle-2-stk\/"},"modified":"2026-02-27T09:12:07","modified_gmt":"2026-02-27T09:12:07","slug":"masterkidz-akrylbeholdere-til-tavle-2-stk","status":"publish","type":"product","link":"https:\/\/nordicmart.andreevmaster.com\/da\/vare\/masterkidz-akrylbeholdere-til-tavle-2-stk\/","title":{"rendered":"MASTERKIDZ Akrylbeholdere til tavle, 2 stk."},"content":{"rendered":"<p>Egenskaber:<\/p>\n<p>* &#8211; Beholderne er ideelle til opbevaring af forskellige pinde og krystaller, der bruges, n\u00e5r man leger med STEM-br\u00e6ttet<br \/>\n* &#8211; Beholderne kan monteres hvor som helst p\u00e5 STEM-br\u00e6ttet<br \/>\n* &#8211; Br\u00e6dderne tilskynder b\u00f8rn til at lege kreativt, t\u00e6nke logisk, udvikle fin- og grovmotorik, dele leget\u00f8j med hinanden og interagere.* &#8211; Beholderne er lavet af materialer, der er modstandsdygtige over for vand og sollys, s\u00e5som misfarvning eller revner. Ideel til indend\u00f8rs og udend\u00f8rs brug.<br \/>\n* &#8211; S\u00e6ttet indeholder to beholdere<br \/>\n* &#8211; Hver beholder har to dr\u00e6nhuller<\/p>\n","protected":false},"excerpt":{"rendered":"<p>Egenskaber: * &#8211; Beholderne er ideelle til opbevaring af forskellige pinde og krystaller, der bruges, n\u00e5r man leger med STEM-br\u00e6ttet * &#8211; Beholderne kan monteres hvor som helst p\u00e5 STEM-br\u00e6ttet * &#8211; Br\u00e6dderne tilskynder b\u00f8rn til at lege kreativt, t\u00e6nke logisk, udvikle fin- og grovmotorik, dele leget\u00f8j med hinanden og interagere.* &#8211; Beholderne er lavet [&hellip;]<\/p>\n","protected":false},"featured_media":0,"comment_status":"open","ping_status":"closed","template":"","meta":[],"product_brand":[],"product_cat":[31],"product_tag":[],"class_list":{"0":"post-26449","1":"product","2":"type-product","3":"status-publish","5":"product_cat-uncategorized-da","7":"first","8":"instock","9":"shipping-taxable","10":"purchasable","11":"product-type-simple"},"_links":{"self":[{"href":"https:\/\/nordicmart.andreevmaster.com\/da\/wp-json\/wp\/v2\/product\/26449","targetHints":{"allow":["GET"]}}],"collection":[{"href":"https:\/\/nordicmart.andreevmaster.com\/da\/wp-json\/wp\/v2\/product"}],"about":[{"href":"https:\/\/nordicmart.andreevmaster.com\/da\/wp-json\/wp\/v2\/types\/product"}],"replies":[{"embeddable":true,"href":"https:\/\/nordicmart.andreevmaster.com\/da\/wp-json\/wp\/v2\/comments?post=26449"}],"wp:attachment":[{"href":"https:\/\/nordicmart.andreevmaster.com\/da\/wp-json\/wp\/v2\/media?parent=26449"}],"wp:term":[{"taxonomy":"product_brand","embeddable":true,"href":"https:\/\/nordicmart.andreevmaster.com\/da\/wp-json\/wp\/v2\/product_brand?post=26449"},{"taxonomy":"product_cat","embeddable":true,"href":"https:\/\/nordicmart.andreevmaster.com\/da\/wp-json\/wp\/v2\/product_cat?post=26449"},{"taxonomy":"product_tag","embeddable":true,"href":"https:\/\/nordicmart.andreevmaster.com\/da\/wp-json\/wp\/v2\/product_tag?post=26449"}],"curies":[{"name":"wp","href":"https:\/\/api.w.org\/{rel}","templated":true}]}}