{"id":26448,"date":"2026-02-27T00:32:36","date_gmt":"2026-02-27T00:32:36","guid":{"rendered":"https:\/\/nordicmart.andreevmaster.com\/product\/masterkidz-akrylpladeholdere-2-stk\/"},"modified":"2026-02-27T09:12:07","modified_gmt":"2026-02-27T09:12:07","slug":"masterkidz-akrylpladeholdere-2-stk","status":"publish","type":"product","link":"https:\/\/nordicmart.andreevmaster.com\/da\/vare\/masterkidz-akrylpladeholdere-2-stk\/","title":{"rendered":"MASTERKIDZ Akrylpladeholdere, 2 stk."},"content":{"rendered":"<p>Akrylplade-beholderen er et praktisk tilbeh\u00f8r til Masterkidz STEM-plader, der g\u00f8r det nemmere at opbevare og organisere komponenter. Beholderen giver nem adgang til klodserne under leg. Beholderen kan nemt fastg\u00f8res til pladen, s\u00e5 alle n\u00f8dvendige dele altid er lige ved h\u00e5nden.<\/p>\n<p>Egenskaber:<\/p>\n<p>* &#8211; Beholderne er ideelle til opbevaring af forskellige elementer, der bruges, n\u00e5r man leger med STEM-br\u00e6ttet.<br \/>\n* &#8211; Beholderne kan monteres hvor som helst p\u00e5 STEM-br\u00e6ttet<br \/>\n* &#8211; S\u00e6ttet indeholder to beholdere<\/p>\n<p>Leget\u00f8jet udvikler:<\/p>\n<p>* &#8211; Uafh\u00e6ngighed<br \/>\n* &#8211; Ansvarlighed<\/p>\n","protected":false},"excerpt":{"rendered":"<p>Akrylplade-beholderen er et praktisk tilbeh\u00f8r til Masterkidz STEM-plader, der g\u00f8r det nemmere at opbevare og organisere komponenter. Beholderen giver nem adgang til klodserne under leg. Beholderen kan nemt fastg\u00f8res til pladen, s\u00e5 alle n\u00f8dvendige dele altid er lige ved h\u00e5nden. Egenskaber: * &#8211; Beholderne er ideelle til opbevaring af forskellige elementer, der bruges, n\u00e5r man [&hellip;]<\/p>\n","protected":false},"featured_media":0,"comment_status":"open","ping_status":"closed","template":"","meta":[],"product_brand":[],"product_cat":[31],"product_tag":[],"class_list":{"0":"post-26448","1":"product","2":"type-product","3":"status-publish","5":"product_cat-uncategorized-da","7":"first","8":"instock","9":"shipping-taxable","10":"purchasable","11":"product-type-simple"},"_links":{"self":[{"href":"https:\/\/nordicmart.andreevmaster.com\/da\/wp-json\/wp\/v2\/product\/26448","targetHints":{"allow":["GET"]}}],"collection":[{"href":"https:\/\/nordicmart.andreevmaster.com\/da\/wp-json\/wp\/v2\/product"}],"about":[{"href":"https:\/\/nordicmart.andreevmaster.com\/da\/wp-json\/wp\/v2\/types\/product"}],"replies":[{"embeddable":true,"href":"https:\/\/nordicmart.andreevmaster.com\/da\/wp-json\/wp\/v2\/comments?post=26448"}],"wp:attachment":[{"href":"https:\/\/nordicmart.andreevmaster.com\/da\/wp-json\/wp\/v2\/media?parent=26448"}],"wp:term":[{"taxonomy":"product_brand","embeddable":true,"href":"https:\/\/nordicmart.andreevmaster.com\/da\/wp-json\/wp\/v2\/product_brand?post=26448"},{"taxonomy":"product_cat","embeddable":true,"href":"https:\/\/nordicmart.andreevmaster.com\/da\/wp-json\/wp\/v2\/product_cat?post=26448"},{"taxonomy":"product_tag","embeddable":true,"href":"https:\/\/nordicmart.andreevmaster.com\/da\/wp-json\/wp\/v2\/product_tag?post=26448"}],"curies":[{"name":"wp","href":"https:\/\/api.w.org\/{rel}","templated":true}]}}