{"id":26446,"date":"2026-02-27T00:32:36","date_gmt":"2026-02-27T00:32:36","guid":{"rendered":"https:\/\/nordicmart.andreevmaster.com\/product\/masterkidz-montessori-earth-educational-board-2\/"},"modified":"2026-02-27T09:12:06","modified_gmt":"2026-02-27T09:12:06","slug":"masterkidz-montessori-earth-educational-board-2","status":"publish","type":"product","link":"https:\/\/nordicmart.andreevmaster.com\/da\/vare\/masterkidz-montessori-earth-educational-board-2\/","title":{"rendered":"MASTERKIDZ Montessori Earth Educational Board"},"content":{"rendered":"<p>L\u00e6ringsbr\u00e6dder fra Masterkidz giver b\u00f8rn mulighed for at udvikle mange f\u00e6rdigheder p\u00e5 samme tid. Hvert br\u00e6t l\u00e6rer b\u00f8rn gennem forskellige interessante emner, hvordan man fungerer i samfundet, og giver dem mulighed for at l\u00e6re om verden omkring os. Vi kan have flere br\u00e6dder og nemt skifte dem, og specielle rammer holder br\u00e6ttet perfekt fast p\u00e5 v\u00e6ggen.<\/p>\n<p>Funktioner:<\/p>\n<p>* &#8211; Du kan have flere tavler og nemt skifte mellem dem, og specielle rammer holder tavlen perfekt fast p\u00e5 v\u00e6ggen.<br \/>\n* &#8211; Tavlen kan ogs\u00e5 bruges uden rammer, f.eks. p\u00e5 et bord eller gulvet<br \/>\n* &#8211; Jorden er den eneste planet, der er kendt for at have geologisk aktivitet, s\u00e5som jordsk\u00e6lv og vulkaner.* &#8211; Jorden har en naturlig satellit, M\u00e5nen.<br \/>\n* &#8211; Det p\u00e6dagogiske tavle viser, hvordan M\u00e5nen kredser om Jorden, og hvordan Jorden kredser om Solen.<br \/>\n* &#8211; Tavlen forklarer ogs\u00e5, hvorfor vi har dag og nat, og hvor de fire \u00e5rstider kommer fra.<br \/>\n* &#8211; Takket v\u00e6re tavlen l\u00e6rer b\u00f8rn om Jordens indre struktur og ser, hvad der sker inde i en vulkan, n\u00e5r den g\u00e5r i udbrud.<br \/>\n* &#8211; Der bruges specielle lyseffekter til bedre at demonstrere kredsl\u00f8bet og vulkanudbruddet.<br \/>\n* &#8211; Der kr\u00e6ves batterier til drift. <\/p>\n<p>Leget\u00f8jet udvikler: <\/p>\n<p>* &#8211; motoriske f\u00e6rdigheder<br \/>\n* &#8211; sensoriske f\u00e6rdigheder<br \/>\n* &#8211; h\u00e5nd-\u00f8je-koordination<br \/>\n* &#8211; fantasi<br \/>\n* &#8211; koncentration<br \/>\n* &#8211; nysgerrighed<\/p>\n","protected":false},"excerpt":{"rendered":"<p>L\u00e6ringsbr\u00e6dder fra Masterkidz giver b\u00f8rn mulighed for at udvikle mange f\u00e6rdigheder p\u00e5 samme tid. Hvert br\u00e6t l\u00e6rer b\u00f8rn gennem forskellige interessante emner, hvordan man fungerer i samfundet, og giver dem mulighed for at l\u00e6re om verden omkring os. Vi kan have flere br\u00e6dder og nemt skifte dem, og specielle rammer holder br\u00e6ttet perfekt fast p\u00e5 [&hellip;]<\/p>\n","protected":false},"featured_media":0,"comment_status":"open","ping_status":"closed","template":"","meta":[],"product_brand":[],"product_cat":[31],"product_tag":[],"class_list":{"0":"post-26446","1":"product","2":"type-product","3":"status-publish","5":"product_cat-uncategorized-da","7":"first","8":"instock","9":"shipping-taxable","10":"purchasable","11":"product-type-simple"},"_links":{"self":[{"href":"https:\/\/nordicmart.andreevmaster.com\/da\/wp-json\/wp\/v2\/product\/26446","targetHints":{"allow":["GET"]}}],"collection":[{"href":"https:\/\/nordicmart.andreevmaster.com\/da\/wp-json\/wp\/v2\/product"}],"about":[{"href":"https:\/\/nordicmart.andreevmaster.com\/da\/wp-json\/wp\/v2\/types\/product"}],"replies":[{"embeddable":true,"href":"https:\/\/nordicmart.andreevmaster.com\/da\/wp-json\/wp\/v2\/comments?post=26446"}],"wp:attachment":[{"href":"https:\/\/nordicmart.andreevmaster.com\/da\/wp-json\/wp\/v2\/media?parent=26446"}],"wp:term":[{"taxonomy":"product_brand","embeddable":true,"href":"https:\/\/nordicmart.andreevmaster.com\/da\/wp-json\/wp\/v2\/product_brand?post=26446"},{"taxonomy":"product_cat","embeddable":true,"href":"https:\/\/nordicmart.andreevmaster.com\/da\/wp-json\/wp\/v2\/product_cat?post=26446"},{"taxonomy":"product_tag","embeddable":true,"href":"https:\/\/nordicmart.andreevmaster.com\/da\/wp-json\/wp\/v2\/product_tag?post=26446"}],"curies":[{"name":"wp","href":"https:\/\/api.w.org\/{rel}","templated":true}]}}