{"id":26445,"date":"2026-02-27T00:32:36","date_gmt":"2026-02-27T00:32:36","guid":{"rendered":"https:\/\/nordicmart.andreevmaster.com\/product\/masterkidz-laeringsbraet-laering-af-folelser-folelsesstyring-montessori\/"},"modified":"2026-02-27T09:12:06","modified_gmt":"2026-02-27T09:12:06","slug":"masterkidz-laeringsbraet-laering-af-folelser-folelsesstyring-montessori","status":"publish","type":"product","link":"https:\/\/nordicmart.andreevmaster.com\/da\/vare\/masterkidz-laeringsbraet-laering-af-folelser-folelsesstyring-montessori\/","title":{"rendered":"MASTERKIDZ L\u00e6ringsbr\u00e6t L\u00e6ring af f\u00f8lelser F\u00f8lelsesstyring Montessori"},"content":{"rendered":"<p>L\u00e6ringsbr\u00e6t fra Masterkidz giver b\u00f8rn mulighed for at udvikle mange f\u00e6rdigheder p\u00e5 samme tid. Hvert br\u00e6t l\u00e6rer b\u00f8rn gennem forskellige interessante emner, hvordan man fungerer i samfundet, og giver dem mulighed for at l\u00e6re om verden omkring os. Vi kan have flere tavler og nemt skifte mellem dem, og specielle rammer holder tavlen perfekt fast p\u00e5 v\u00e6ggen. <\/p>\n<p>Funktioner: <\/p>\n<p>* &#8211; Vi kan have flere tavler og nemt skifte mellem dem, og specielle rammer holder tavlen perfekt fast p\u00e5 v\u00e6ggen.<br \/>\n* &#8211; Tavlen kan ogs\u00e5 bruges uden rammer, f.eks. p\u00e5 et bord eller gulvet.<br \/>\n* &#8211; B\u00f8rn skal l\u00e6re at h\u00e5ndtere deres f\u00f8lelser. N\u00e5r de er f\u00f8lelsesm\u00e6ssigt bevidste, kan de navigere mere effektivt i relationer, berolige sig selv og l\u00f8se problemer.<br \/>\n* &#8211; N\u00e5r vi \u00f8nsker, at et barn skal vise os sine f\u00f8lelser, kan vi bede det dreje hjulet og vise os, hvordan det kan h\u00e5ndtere disse f\u00f8lelser (f.eks. n\u00e5r det er ked af det, kan det lytte til musik og forbedre sit hum\u00f8r).* &#8211; P\u00e5 denne m\u00e5de l\u00e6rer voksne, hvordan b\u00f8rn h\u00e5ndterer f\u00f8lelser, og l\u00e6rer deres behov at kende. * &#8211; En anden m\u00e5de at l\u00e6re og lege p\u00e5 er, at for\u00e6ldrene v\u00e6lger en f\u00f8lelse p\u00e5 det \u00f8verste panel, og s\u00e5 fort\u00e6ller eller viser barnet p\u00e5 hjulet, hvad det ville g\u00f8re med den f\u00f8lelse.<\/p>\n<p>Leget\u00f8jet udvikler:<\/p>\n<p>* &#8211; motoriske f\u00e6rdigheder<br \/>\n* &#8211; sensoriske f\u00e6rdigheder<br \/>\n* &#8211; h\u00e5nd-\u00f8je-koordination<br \/>\n* &#8211; fantasi<br \/>\n* &#8211; koncentration<br \/>\n* &#8211; nysgerrighed<\/p>\n","protected":false},"excerpt":{"rendered":"<p>L\u00e6ringsbr\u00e6t fra Masterkidz giver b\u00f8rn mulighed for at udvikle mange f\u00e6rdigheder p\u00e5 samme tid. Hvert br\u00e6t l\u00e6rer b\u00f8rn gennem forskellige interessante emner, hvordan man fungerer i samfundet, og giver dem mulighed for at l\u00e6re om verden omkring os. Vi kan have flere tavler og nemt skifte mellem dem, og specielle rammer holder tavlen perfekt fast [&hellip;]<\/p>\n","protected":false},"featured_media":0,"comment_status":"open","ping_status":"closed","template":"","meta":[],"product_brand":[],"product_cat":[31],"product_tag":[],"class_list":{"0":"post-26445","1":"product","2":"type-product","3":"status-publish","5":"product_cat-uncategorized-da","7":"first","8":"instock","9":"shipping-taxable","10":"purchasable","11":"product-type-simple"},"_links":{"self":[{"href":"https:\/\/nordicmart.andreevmaster.com\/da\/wp-json\/wp\/v2\/product\/26445","targetHints":{"allow":["GET"]}}],"collection":[{"href":"https:\/\/nordicmart.andreevmaster.com\/da\/wp-json\/wp\/v2\/product"}],"about":[{"href":"https:\/\/nordicmart.andreevmaster.com\/da\/wp-json\/wp\/v2\/types\/product"}],"replies":[{"embeddable":true,"href":"https:\/\/nordicmart.andreevmaster.com\/da\/wp-json\/wp\/v2\/comments?post=26445"}],"wp:attachment":[{"href":"https:\/\/nordicmart.andreevmaster.com\/da\/wp-json\/wp\/v2\/media?parent=26445"}],"wp:term":[{"taxonomy":"product_brand","embeddable":true,"href":"https:\/\/nordicmart.andreevmaster.com\/da\/wp-json\/wp\/v2\/product_brand?post=26445"},{"taxonomy":"product_cat","embeddable":true,"href":"https:\/\/nordicmart.andreevmaster.com\/da\/wp-json\/wp\/v2\/product_cat?post=26445"},{"taxonomy":"product_tag","embeddable":true,"href":"https:\/\/nordicmart.andreevmaster.com\/da\/wp-json\/wp\/v2\/product_tag?post=26445"}],"curies":[{"name":"wp","href":"https:\/\/api.w.org\/{rel}","templated":true}]}}