{"id":26444,"date":"2026-02-27T00:32:35","date_gmt":"2026-02-27T00:32:35","guid":{"rendered":"https:\/\/nordicmart.andreevmaster.com\/product\/masterkidz-montessori-horesans-paedagogisk-tavle\/"},"modified":"2026-02-27T09:12:06","modified_gmt":"2026-02-27T09:12:06","slug":"masterkidz-montessori-horesans-paedagogisk-tavle","status":"publish","type":"product","link":"https:\/\/nordicmart.andreevmaster.com\/da\/vare\/masterkidz-montessori-horesans-paedagogisk-tavle\/","title":{"rendered":"MASTERKIDZ Montessori H\u00f8resans P\u00e6dagogisk Tavle"},"content":{"rendered":"<p>P\u00e6dagogiske tavler fra Masterkidz giver b\u00f8rn mulighed for at udvikle mange f\u00e6rdigheder p\u00e5 samme tid. Hver tavle l\u00e6rer b\u00f8rn gennem forskellige interessante emner, hvordan man fungerer i samfundet, og giver dem mulighed for at l\u00e6re om verden omkring os. Man kan have flere tavler og nemt skifte dem, og specielle rammer holder tavlen perfekt mod v\u00e6ggen.<\/p>\n<p>Funktioner:<\/p>\n<p>* &#8211; Man kan have flere tavler og nemt skifte dem, og specielle rammer holder tavlen perfekt mod v\u00e6ggen.<br \/>\n* &#8211; Tavlen kan ogs\u00e5 bruges uden rammer, f.eks. p\u00e5 et bord eller gulv<br \/>\n* &#8211; H\u00f8relsen er en vigtig sans i vores liv, takket v\u00e6re hvilken vi taler med andre mennesker, lytter til fuglenes sang eller hundes g\u00f8en.<br \/>\n* &#8211; N\u00e5r b\u00f8rn r\u00f8rer ved en scene p\u00e5 tavlen, h\u00f8rer de den tilsvarende lyd.<br \/>\n* &#8211; Tavlen har ogs\u00e5 knapper til h\u00f8je og lave toner \u2013 ved at se p\u00e5 b\u00f8lgediagrammerne kan b\u00f8rn h\u00f8re forskellen mellem dem.<br \/>\n* &#8211; Tavlen forklarer ogs\u00e5, hvordan lyd bev\u00e6ger sig gennem luften i form af b\u00f8lger, vores \u00f8rer opfanger lydb\u00f8lger og sender derefter vibrationer som signaler til hjernen<br \/>\n* &#8211; Tavlen har ogs\u00e5 et gennemsigtigt r\u00f8r, der viser b\u00f8rn, hvordan lyd bev\u00e6ger sig gennem luften \u2013 hver gang vi t\u00e6nder for lyden p\u00e5 tavlen, b\u00f8r kuglerne inde i r\u00f8ret bev\u00e6ge sig forskelligt \u2013 kuglerne vibrerer, n\u00e5r lydb\u00f8lger passerer gennem dem<br \/>\n* &#8211; Takket v\u00e6re tavlen kan b\u00f8rn &#8220;se&#8221; overf\u00f8rslen af lydb\u00f8lger<br \/>\n* &#8211; Tavlen forklarer ogs\u00e5, at lyd kan have forskellige lydstyrker, og at vi skal beskytte vores \u00f8rer, n\u00e5r milj\u00f8et er for h\u00f8jlydt.<br \/>\n* &#8211; Batterier er n\u00f8dvendige for drift<\/p>\n<p>Leget\u00f8jet udvikler:<\/p>\n<p>* &#8211; motoriske f\u00e6rdigheder<br \/>\n* &#8211; h\u00f8relse<br \/>\n* &#8211; sensoriske f\u00e6rdigheder<br \/>\n* &#8211; h\u00e5nd-\u00f8je-koordination<br \/>\n* &#8211; fantasi<br \/>\n* &#8211; koncentration<br \/>\n* &#8211; nysgerrighed<\/p>\n","protected":false},"excerpt":{"rendered":"<p>P\u00e6dagogiske tavler fra Masterkidz giver b\u00f8rn mulighed for at udvikle mange f\u00e6rdigheder p\u00e5 samme tid. Hver tavle l\u00e6rer b\u00f8rn gennem forskellige interessante emner, hvordan man fungerer i samfundet, og giver dem mulighed for at l\u00e6re om verden omkring os. Man kan have flere tavler og nemt skifte dem, og specielle rammer holder tavlen perfekt mod [&hellip;]<\/p>\n","protected":false},"featured_media":0,"comment_status":"open","ping_status":"closed","template":"","meta":[],"product_brand":[],"product_cat":[31],"product_tag":[],"class_list":{"0":"post-26444","1":"product","2":"type-product","3":"status-publish","5":"product_cat-uncategorized-da","7":"first","8":"instock","9":"shipping-taxable","10":"purchasable","11":"product-type-simple"},"_links":{"self":[{"href":"https:\/\/nordicmart.andreevmaster.com\/da\/wp-json\/wp\/v2\/product\/26444","targetHints":{"allow":["GET"]}}],"collection":[{"href":"https:\/\/nordicmart.andreevmaster.com\/da\/wp-json\/wp\/v2\/product"}],"about":[{"href":"https:\/\/nordicmart.andreevmaster.com\/da\/wp-json\/wp\/v2\/types\/product"}],"replies":[{"embeddable":true,"href":"https:\/\/nordicmart.andreevmaster.com\/da\/wp-json\/wp\/v2\/comments?post=26444"}],"wp:attachment":[{"href":"https:\/\/nordicmart.andreevmaster.com\/da\/wp-json\/wp\/v2\/media?parent=26444"}],"wp:term":[{"taxonomy":"product_brand","embeddable":true,"href":"https:\/\/nordicmart.andreevmaster.com\/da\/wp-json\/wp\/v2\/product_brand?post=26444"},{"taxonomy":"product_cat","embeddable":true,"href":"https:\/\/nordicmart.andreevmaster.com\/da\/wp-json\/wp\/v2\/product_cat?post=26444"},{"taxonomy":"product_tag","embeddable":true,"href":"https:\/\/nordicmart.andreevmaster.com\/da\/wp-json\/wp\/v2\/product_tag?post=26444"}],"curies":[{"name":"wp","href":"https:\/\/api.w.org\/{rel}","templated":true}]}}