{"id":26443,"date":"2026-02-27T00:32:35","date_gmt":"2026-02-27T00:32:35","guid":{"rendered":"https:\/\/nordicmart.andreevmaster.com\/product\/masterkidz-montessori-lugtesans-laeringsbraet\/"},"modified":"2026-02-27T09:12:06","modified_gmt":"2026-02-27T09:12:06","slug":"masterkidz-montessori-lugtesans-laeringsbraet","status":"publish","type":"product","link":"https:\/\/nordicmart.andreevmaster.com\/da\/vare\/masterkidz-montessori-lugtesans-laeringsbraet\/","title":{"rendered":"MASTERKIDZ Montessori lugtesans-l\u00e6ringsbr\u00e6t"},"content":{"rendered":"<p>L\u00e6ringsbr\u00e6dder fra Masterkidz giver b\u00f8rn mulighed for at udvikle mange f\u00e6rdigheder p\u00e5 samme tid. Hvert br\u00e6t l\u00e6rer b\u00f8rn gennem forskellige interessante emner, hvordan man fungerer i samfundet, og giver dem mulighed for at l\u00e6re om verden omkring os. Vi kan have flere br\u00e6dder og nemt skifte dem, og specielle rammer holder br\u00e6ttet perfekt fast p\u00e5 v\u00e6ggen.<\/p>\n<p>Funktioner:<\/p>\n<p>* &#8211; Du kan have flere tavler og nemt skifte mellem dem, og specielle rammer holder tavlen perfekt fast p\u00e5 v\u00e6ggen.<br \/>\n* &#8211; Tavlen kan ogs\u00e5 bruges uden rammer, f.eks. p\u00e5 et bord eller gulvet<br \/>\n* &#8211; Denne tavle forklarer b\u00f8rn, hvordan lugtesansen fungerer, og hvilken rolle n\u00e6sen spiller i den.* &#8211; Den viser, at dufte kan v\u00e6re st\u00e6rke, svage, behagelige, ubehagelige eller en kombination af alle fire. * &#8211; N\u00e5r et barn r\u00f8rer ved en blomst, ser det en simuleret duftstr\u00f8m fra blomsten til n\u00e6sen, hvilket forklarer b\u00f8rnene, hvordan n\u00e6sen registrerer duften og derefter omdanner den til et signal, der sendes fra n\u00e6sen til hjernen (vist med LED&#8217;er).* &#8211; i bunden er der tre tr\u00e6beholdere, hver med en plastbakke, hvor man kan placere forskellige genstande og derefter bede b\u00f8rnene om at identificere duften af de produkter, der er gemt under l\u00e5get<br \/>\n* &#8211; p\u00e5 tavlen deler barnet ogs\u00e5 tingene op i dem, hvis duft vi kan lugte, og dem, hvis duft vi ikke kan lugte<br \/>\n* &#8211; b\u00f8rnene l\u00e6rer ogs\u00e5, hvordan de beskytter deres lugtesans<br \/>\n* &#8211; der kr\u00e6ves batterier til drift<\/p>\n<p>Leget\u00f8jet udvikler:<\/p>\n<p>* &#8211; motoriske f\u00e6rdigheder<br \/>\n* &#8211; sensoriske f\u00e6rdigheder<br \/>\n* &#8211; h\u00e5nd-\u00f8je-koordination<br \/>\n* &#8211; fantasi<br \/>\n* &#8211; koncentration<br \/>\n* &#8211; nysgerrighed<\/p>\n","protected":false},"excerpt":{"rendered":"<p>L\u00e6ringsbr\u00e6dder fra Masterkidz giver b\u00f8rn mulighed for at udvikle mange f\u00e6rdigheder p\u00e5 samme tid. Hvert br\u00e6t l\u00e6rer b\u00f8rn gennem forskellige interessante emner, hvordan man fungerer i samfundet, og giver dem mulighed for at l\u00e6re om verden omkring os. Vi kan have flere br\u00e6dder og nemt skifte dem, og specielle rammer holder br\u00e6ttet perfekt fast p\u00e5 [&hellip;]<\/p>\n","protected":false},"featured_media":0,"comment_status":"open","ping_status":"closed","template":"","meta":[],"product_brand":[],"product_cat":[31],"product_tag":[],"class_list":{"0":"post-26443","1":"product","2":"type-product","3":"status-publish","5":"product_cat-uncategorized-da","7":"first","8":"instock","9":"shipping-taxable","10":"purchasable","11":"product-type-simple"},"_links":{"self":[{"href":"https:\/\/nordicmart.andreevmaster.com\/da\/wp-json\/wp\/v2\/product\/26443","targetHints":{"allow":["GET"]}}],"collection":[{"href":"https:\/\/nordicmart.andreevmaster.com\/da\/wp-json\/wp\/v2\/product"}],"about":[{"href":"https:\/\/nordicmart.andreevmaster.com\/da\/wp-json\/wp\/v2\/types\/product"}],"replies":[{"embeddable":true,"href":"https:\/\/nordicmart.andreevmaster.com\/da\/wp-json\/wp\/v2\/comments?post=26443"}],"wp:attachment":[{"href":"https:\/\/nordicmart.andreevmaster.com\/da\/wp-json\/wp\/v2\/media?parent=26443"}],"wp:term":[{"taxonomy":"product_brand","embeddable":true,"href":"https:\/\/nordicmart.andreevmaster.com\/da\/wp-json\/wp\/v2\/product_brand?post=26443"},{"taxonomy":"product_cat","embeddable":true,"href":"https:\/\/nordicmart.andreevmaster.com\/da\/wp-json\/wp\/v2\/product_cat?post=26443"},{"taxonomy":"product_tag","embeddable":true,"href":"https:\/\/nordicmart.andreevmaster.com\/da\/wp-json\/wp\/v2\/product_tag?post=26443"}],"curies":[{"name":"wp","href":"https:\/\/api.w.org\/{rel}","templated":true}]}}