{"id":26442,"date":"2026-02-27T00:32:35","date_gmt":"2026-02-27T00:32:35","guid":{"rendered":"https:\/\/nordicmart.andreevmaster.com\/product\/masterkidz-montessori-taste-sense-educational-board-2\/"},"modified":"2026-02-27T09:12:06","modified_gmt":"2026-02-27T09:12:06","slug":"masterkidz-montessori-taste-sense-educational-board-2","status":"publish","type":"product","link":"https:\/\/nordicmart.andreevmaster.com\/da\/vare\/masterkidz-montessori-taste-sense-educational-board-2\/","title":{"rendered":"MASTERKIDZ Montessori Taste Sense Educational Board"},"content":{"rendered":"<p>L\u00e6ringsbr\u00e6dder fra Masterkidz giver b\u00f8rn mulighed for at udvikle mange f\u00e6rdigheder p\u00e5 samme tid. Hvert br\u00e6t l\u00e6rer b\u00f8rn gennem forskellige interessante emner, hvordan man fungerer i samfundet, og giver dem mulighed for at l\u00e6re om verden omkring os. Vi kan have flere tavler og nemt skifte mellem dem, og specielle rammer holder tavlen perfekt fast p\u00e5 v\u00e6ggen.<\/p>\n<p>Egenskaber:<\/p>\n<p>* &#8211; Du kan have flere tavler og nemt skifte mellem dem, og de specielle rammer holder tavlen perfekt fast p\u00e5 v\u00e6ggen.<br \/>\n* &#8211; Tavlen kan ogs\u00e5 bruges uden rammer, f.eks. p\u00e5 et bord eller gulvet<br \/>\n* &#8211; Tavlen viser b\u00f8rnene, hvordan vores krop genkender smag.* &#8211; B\u00f8rn l\u00e6rer, at vores tunge genkender fire smagsretninger, og hvilken del af tungen der er ansvarlig for en given smag &#8211; takket v\u00e6re en speciel pind flytter b\u00f8rnene forskellige produkter til et givet omr\u00e5de af tungen. * &#8211; P\u00e5 venstre side af tavlen er barnets opgave at opdele ting, som mennesker kan smage og l\u00e6re om, og ting, som ikke kan smages.* &#8211; Takket v\u00e6re tavlen l\u00e6rer b\u00f8rnene ogs\u00e5, hvordan de beskytter deres smagssans &#8211; undg\u00e5 varm mad, hold tungen v\u00e6k fra skarpe genstande og b\u00f8rst t\u00e6nderne. Leget\u00f8jet udvikler:* &#8211; motoriske f\u00e6rdigheder* &#8211; sensoriske f\u00e6rdigheder* &#8211; h\u00e5nd-\u00f8je-koordination* &#8211; fantasi* &#8211; koncentration* &#8211; nysgerrighed<\/p>\n","protected":false},"excerpt":{"rendered":"<p>L\u00e6ringsbr\u00e6dder fra Masterkidz giver b\u00f8rn mulighed for at udvikle mange f\u00e6rdigheder p\u00e5 samme tid. Hvert br\u00e6t l\u00e6rer b\u00f8rn gennem forskellige interessante emner, hvordan man fungerer i samfundet, og giver dem mulighed for at l\u00e6re om verden omkring os. Vi kan have flere tavler og nemt skifte mellem dem, og specielle rammer holder tavlen perfekt fast [&hellip;]<\/p>\n","protected":false},"featured_media":0,"comment_status":"open","ping_status":"closed","template":"","meta":[],"product_brand":[],"product_cat":[31],"product_tag":[],"class_list":{"0":"post-26442","1":"product","2":"type-product","3":"status-publish","5":"product_cat-uncategorized-da","7":"first","8":"instock","9":"shipping-taxable","10":"purchasable","11":"product-type-simple"},"_links":{"self":[{"href":"https:\/\/nordicmart.andreevmaster.com\/da\/wp-json\/wp\/v2\/product\/26442","targetHints":{"allow":["GET"]}}],"collection":[{"href":"https:\/\/nordicmart.andreevmaster.com\/da\/wp-json\/wp\/v2\/product"}],"about":[{"href":"https:\/\/nordicmart.andreevmaster.com\/da\/wp-json\/wp\/v2\/types\/product"}],"replies":[{"embeddable":true,"href":"https:\/\/nordicmart.andreevmaster.com\/da\/wp-json\/wp\/v2\/comments?post=26442"}],"wp:attachment":[{"href":"https:\/\/nordicmart.andreevmaster.com\/da\/wp-json\/wp\/v2\/media?parent=26442"}],"wp:term":[{"taxonomy":"product_brand","embeddable":true,"href":"https:\/\/nordicmart.andreevmaster.com\/da\/wp-json\/wp\/v2\/product_brand?post=26442"},{"taxonomy":"product_cat","embeddable":true,"href":"https:\/\/nordicmart.andreevmaster.com\/da\/wp-json\/wp\/v2\/product_cat?post=26442"},{"taxonomy":"product_tag","embeddable":true,"href":"https:\/\/nordicmart.andreevmaster.com\/da\/wp-json\/wp\/v2\/product_tag?post=26442"}],"curies":[{"name":"wp","href":"https:\/\/api.w.org\/{rel}","templated":true}]}}