{"id":26441,"date":"2026-02-27T00:32:35","date_gmt":"2026-02-27T00:32:35","guid":{"rendered":"https:\/\/nordicmart.andreevmaster.com\/product\/masterkidz-montessori-visual-sense-educational-board-2\/"},"modified":"2026-02-27T09:12:05","modified_gmt":"2026-02-27T09:12:05","slug":"masterkidz-montessori-visual-sense-educational-board-2","status":"publish","type":"product","link":"https:\/\/nordicmart.andreevmaster.com\/da\/vare\/masterkidz-montessori-visual-sense-educational-board-2\/","title":{"rendered":"MASTERKIDZ Montessori Visual Sense Educational Board"},"content":{"rendered":"<p>L\u00e6ringsbr\u00e6tter fra Masterkidz giver b\u00f8rn mulighed for at udvikle mange f\u00e6rdigheder p\u00e5 samme tid. Hvert br\u00e6t l\u00e6rer b\u00f8rn gennem forskellige interessante emner, hvordan man fungerer i samfundet, og giver dem mulighed for at l\u00e6re om verden omkring os. Vi kan have flere tavler og nemt skifte mellem dem, og specielle rammer holder tavlen perfekt fast p\u00e5 v\u00e6ggen. <\/p>\n<p>Funktioner:<\/p>\n<p>* &#8211; Du kan have flere tavler og nemt skifte mellem dem, og specielle rammer holder tavlen perfekt fast p\u00e5 v\u00e6ggen.* &#8211; Tavlen kan ogs\u00e5 bruges uden rammer, f.eks. p\u00e5 et bord eller gulvet.<br \/>\n* &#8211; Tavlen forklarer, hvordan vi bruger vores \u00f8jne til at l\u00e6re om verden omkring os, om farver, lysstyrke og genstandes form.<br \/>\n* &#8211; N\u00e5r barnet r\u00f8rer ved tr\u00e6et (til venstre), t\u00e6ndes et lys, der starter fra linsen og g\u00e5r til \u00f8jets nethinde.* &#8211; Derefter omdannes billedet til lyssignaler, der n\u00e5r hjernen og opfattes som syn.<br \/>\n* &#8211; Ud over lyssignaler ser barnet ogs\u00e5, at tr\u00e6et p\u00e5 nethinden er vendt p\u00e5 hovedet, hvilket giver barnet mulighed for at se, hvordan vores hjerne behandler billeder, n\u00e5r det korrekt placerede tr\u00e6 n\u00e5r hjernen.<br \/>\n* &#8211; billederne nederst p\u00e5 tavlen viser barnet, at menneskets \u00f8jne kan genkende former, farver og lysstyrke<br \/>\n* &#8211; tavlen l\u00e6rer ogs\u00e5 b\u00f8rnene, hvordan de skal passe p\u00e5 deres syn &#8211; ikke at se for meget tv, ikke at putte noget i \u00f8jnene, at b\u00e6re solbriller, n\u00e5r de er ude i solen, og at b\u00e6re beskyttelsesbriller, n\u00e5r de bruger kemikalier<br \/>\n* &#8211; der kr\u00e6ves batterier til driften<\/p>\n<p>Leget\u00f8jet udvikler:<\/p>\n<p>* &#8211; motoriske f\u00e6rdigheder<br \/>\n* &#8211; sensoriske f\u00e6rdigheder<br \/>\n* &#8211; h\u00e5nd-\u00f8je-koordination<br \/>\n* &#8211; fantasi<br \/>\n* &#8211; koncentration<br \/>\n* &#8211; nysgerrighed<\/p>\n","protected":false},"excerpt":{"rendered":"<p>L\u00e6ringsbr\u00e6tter fra Masterkidz giver b\u00f8rn mulighed for at udvikle mange f\u00e6rdigheder p\u00e5 samme tid. Hvert br\u00e6t l\u00e6rer b\u00f8rn gennem forskellige interessante emner, hvordan man fungerer i samfundet, og giver dem mulighed for at l\u00e6re om verden omkring os. Vi kan have flere tavler og nemt skifte mellem dem, og specielle rammer holder tavlen perfekt fast [&hellip;]<\/p>\n","protected":false},"featured_media":0,"comment_status":"open","ping_status":"closed","template":"","meta":[],"product_brand":[],"product_cat":[31],"product_tag":[],"class_list":{"0":"post-26441","1":"product","2":"type-product","3":"status-publish","5":"product_cat-uncategorized-da","7":"first","8":"instock","9":"shipping-taxable","10":"purchasable","11":"product-type-simple"},"_links":{"self":[{"href":"https:\/\/nordicmart.andreevmaster.com\/da\/wp-json\/wp\/v2\/product\/26441","targetHints":{"allow":["GET"]}}],"collection":[{"href":"https:\/\/nordicmart.andreevmaster.com\/da\/wp-json\/wp\/v2\/product"}],"about":[{"href":"https:\/\/nordicmart.andreevmaster.com\/da\/wp-json\/wp\/v2\/types\/product"}],"replies":[{"embeddable":true,"href":"https:\/\/nordicmart.andreevmaster.com\/da\/wp-json\/wp\/v2\/comments?post=26441"}],"wp:attachment":[{"href":"https:\/\/nordicmart.andreevmaster.com\/da\/wp-json\/wp\/v2\/media?parent=26441"}],"wp:term":[{"taxonomy":"product_brand","embeddable":true,"href":"https:\/\/nordicmart.andreevmaster.com\/da\/wp-json\/wp\/v2\/product_brand?post=26441"},{"taxonomy":"product_cat","embeddable":true,"href":"https:\/\/nordicmart.andreevmaster.com\/da\/wp-json\/wp\/v2\/product_cat?post=26441"},{"taxonomy":"product_tag","embeddable":true,"href":"https:\/\/nordicmart.andreevmaster.com\/da\/wp-json\/wp\/v2\/product_tag?post=26441"}],"curies":[{"name":"wp","href":"https:\/\/api.w.org\/{rel}","templated":true}]}}