{"id":26440,"date":"2026-02-27T00:32:34","date_gmt":"2026-02-27T00:32:34","guid":{"rendered":"https:\/\/nordicmart.andreevmaster.com\/product\/masterkidz-montessori-tactile-learning-board-2\/"},"modified":"2026-02-27T09:12:05","modified_gmt":"2026-02-27T09:12:05","slug":"masterkidz-montessori-tactile-learning-board-2","status":"publish","type":"product","link":"https:\/\/nordicmart.andreevmaster.com\/da\/vare\/masterkidz-montessori-tactile-learning-board-2\/","title":{"rendered":"MASTERKIDZ Montessori Tactile Learning Board"},"content":{"rendered":"<p>L\u00e6ringsbr\u00e6tter fra Masterkidz giver b\u00f8rn mulighed for at udvikle mange f\u00e6rdigheder p\u00e5 samme tid. Hvert br\u00e6t l\u00e6rer b\u00f8rn gennem forskellige interessante emner, hvordan man fungerer i samfundet, og giver dem mulighed for at l\u00e6re om verden omkring os. Vi kan have flere tavler og nemt skifte mellem dem, og specielle rammer holder tavlen perfekt fast p\u00e5 v\u00e6ggen. <\/p>\n<p>Funktioner:<\/p>\n<p>* &#8211; Du kan have flere tavler og nemt skifte mellem dem, og specielle rammer holder tavlen perfekt fast p\u00e5 v\u00e6ggen.* &#8211; Tavlen kan ogs\u00e5 bruges uden rammer, f.eks. p\u00e5 et bord eller gulvet.<br \/>\n* &#8211; Tavlen forklarer b\u00f8rnene, hvordan f\u00f8lesansen fungerer, hvordan vi genkender ruhed, glathed, h\u00e5rdhed eller bl\u00f8dhed hos forskellige genstande og materialer.* &#8211; Tavlen hj\u00e6lper b\u00f8rn med at l\u00e6re, hvordan vores hud bestemmer forskellige teksturer eller temperaturen p\u00e5 et objekt.<br \/>\n* &#8211; Tavlen har en h\u00e5nd med forskellige materialer placeret p\u00e5 fingerspidserne.* &#8211; \u00d8verst p\u00e5 tavlen kan barnet l\u00e6re at genkende forskellige former ved at r\u00f8re ved materialerne. * &#8211; Til venstre er der et panel, hvor barnet bruger en pind til at placere materialerne p\u00e5 den rigtige side. * &#8211; Billederne nederst l\u00e6rer b\u00f8rnene, at de altid skal vaske h\u00e6nder, aldrig r\u00f8re ved skarpe redskaber og altid bruge handsker, n\u00e5r de bruger kemikalier.* &#8211; Tavlen viser ogs\u00e5, hvordan information om det objekt, der ber\u00f8res, bev\u00e6ger sig fra vores h\u00e5nd til hjernen, og den vej, informationen tager. Leget\u00f8jet udvikler: * &#8211; motoriske f\u00e6rdigheder * &#8211; sensoriske f\u00e6rdigheder * &#8211; h\u00e5nd-\u00f8je-koordination * &#8211; fantasi * &#8211; koncentration * &#8211; nysgerrighed<\/p>\n","protected":false},"excerpt":{"rendered":"<p>L\u00e6ringsbr\u00e6tter fra Masterkidz giver b\u00f8rn mulighed for at udvikle mange f\u00e6rdigheder p\u00e5 samme tid. Hvert br\u00e6t l\u00e6rer b\u00f8rn gennem forskellige interessante emner, hvordan man fungerer i samfundet, og giver dem mulighed for at l\u00e6re om verden omkring os. Vi kan have flere tavler og nemt skifte mellem dem, og specielle rammer holder tavlen perfekt fast [&hellip;]<\/p>\n","protected":false},"featured_media":0,"comment_status":"open","ping_status":"closed","template":"","meta":[],"product_brand":[],"product_cat":[31],"product_tag":[],"class_list":{"0":"post-26440","1":"product","2":"type-product","3":"status-publish","5":"product_cat-uncategorized-da","7":"first","8":"instock","9":"shipping-taxable","10":"purchasable","11":"product-type-simple"},"_links":{"self":[{"href":"https:\/\/nordicmart.andreevmaster.com\/da\/wp-json\/wp\/v2\/product\/26440","targetHints":{"allow":["GET"]}}],"collection":[{"href":"https:\/\/nordicmart.andreevmaster.com\/da\/wp-json\/wp\/v2\/product"}],"about":[{"href":"https:\/\/nordicmart.andreevmaster.com\/da\/wp-json\/wp\/v2\/types\/product"}],"replies":[{"embeddable":true,"href":"https:\/\/nordicmart.andreevmaster.com\/da\/wp-json\/wp\/v2\/comments?post=26440"}],"wp:attachment":[{"href":"https:\/\/nordicmart.andreevmaster.com\/da\/wp-json\/wp\/v2\/media?parent=26440"}],"wp:term":[{"taxonomy":"product_brand","embeddable":true,"href":"https:\/\/nordicmart.andreevmaster.com\/da\/wp-json\/wp\/v2\/product_brand?post=26440"},{"taxonomy":"product_cat","embeddable":true,"href":"https:\/\/nordicmart.andreevmaster.com\/da\/wp-json\/wp\/v2\/product_cat?post=26440"},{"taxonomy":"product_tag","embeddable":true,"href":"https:\/\/nordicmart.andreevmaster.com\/da\/wp-json\/wp\/v2\/product_tag?post=26440"}],"curies":[{"name":"wp","href":"https:\/\/api.w.org\/{rel}","templated":true}]}}