{"id":26439,"date":"2026-02-27T00:32:34","date_gmt":"2026-02-27T00:32:34","guid":{"rendered":"https:\/\/nordicmart.andreevmaster.com\/product\/masterkidz-montessori-human-body-educational-board-2\/"},"modified":"2026-02-27T09:12:05","modified_gmt":"2026-02-27T09:12:05","slug":"masterkidz-montessori-human-body-educational-board-2","status":"publish","type":"product","link":"https:\/\/nordicmart.andreevmaster.com\/da\/vare\/masterkidz-montessori-human-body-educational-board-2\/","title":{"rendered":"MASTERKIDZ Montessori Human Body Educational Board"},"content":{"rendered":"<p>L\u00e6ringsbr\u00e6tter fra Masterkidz giver b\u00f8rn mulighed for at udvikle mange f\u00e6rdigheder p\u00e5 samme tid. Hvert br\u00e6t l\u00e6rer b\u00f8rn gennem forskellige interessante emner, hvordan man fungerer i samfundet, og giver dem mulighed for at l\u00e6re om verden omkring os. Vi kan have flere tavler og nemt skifte mellem dem, og specielle rammer holder tavlen perfekt fast p\u00e5 v\u00e6ggen. <\/p>\n<p>Egenskaber:<\/p>\n<p>* &#8211; Vi kan have flere tavler og nemt skifte mellem dem, og specielle rammer holder tavlen perfekt fast p\u00e5 v\u00e6ggen.* &#8211; Tavlen kan ogs\u00e5 bruges uden rammer, f.eks. p\u00e5 et bord eller gulvet.<br \/>\n* &#8211; Unge forskere kan l\u00e6re om de vigtigste systemer og organer i menneskekroppen.<br \/>\n* &#8211; Tavlen hj\u00e6lper b\u00f8rn med at l\u00e6re navnene, placeringen, st\u00f8rrelsen og formen p\u00e5 kroppens vigtigste organer, herunder hjernen, hjertet, lungerne, leveren, nyrerne, maven og tarmene.* &#8211; Tavlen forklarer b\u00f8rnene p\u00e5 en enkel m\u00e5de, hvordan de enkelte organer i kroppen fungerer, f.eks. at hjernen styrer t\u00e6nkning, f\u00f8lelser og sanser, hjertet pumper blod rundt i kroppen, lungerne hj\u00e6lper os med at tr\u00e6kke vejret, maven hj\u00e6lper med at nedbryde maden, og tarmene hj\u00e6lper med at ford\u00f8je maden.* &#8211; n\u00e5r man trykker p\u00e5 en af funktionsknapperne, lyser de organer, der er ansvarlige for en given proces, op<br \/>\n* &#8211; det har aldrig v\u00e6ret s\u00e5 nemt at l\u00e6re om menneskekroppen<br \/>\n* &#8211; der kr\u00e6ves batterier for at kunne bruge leget\u00f8jet<\/p>\n<p>Leget\u00f8jet udvikler:* &#8211; motoriske f\u00e6rdigheder<br \/>\n* &#8211; sensoriske f\u00e6rdigheder<br \/>\n* &#8211; h\u00e5nd-\u00f8je-koordination<br \/>\n* &#8211; fantasi<br \/>\n* &#8211; koncentration<br \/>\n* &#8211; nysgerrighed<\/p>\n<p>Masterkidz-leget\u00f8j er h\u00f8jkvalitets, holdbart og sikkert tr\u00e6leget\u00f8j til undervisningsbrug. Designet og tilpasset forskellige stadier af barnets udvikling. Kreativ, eventyrlig og l\u00e6rerig leg er de st\u00f8rste fordele ved dette brands leget\u00f8j. Uvurderlig st\u00f8tte til Montessori-metoden. Det bedste valg til dit hjem, b\u00f8rnehave, hotel eller restaurant. Skab det perfekte legehj\u00f8rne eller en stor p\u00e6dagogisk v\u00e6g. Sortimentet omfatter v\u00e6gmonterede og mobile tavler, oplyste borde og paneler til leg med maling. Tema-p\u00e6dagogiske moduler og meget mere. Et utroligt stort udvalg af tilbeh\u00f8r og uendelige muligheder for kreativ leg.<\/p>\n","protected":false},"excerpt":{"rendered":"<p>L\u00e6ringsbr\u00e6tter fra Masterkidz giver b\u00f8rn mulighed for at udvikle mange f\u00e6rdigheder p\u00e5 samme tid. Hvert br\u00e6t l\u00e6rer b\u00f8rn gennem forskellige interessante emner, hvordan man fungerer i samfundet, og giver dem mulighed for at l\u00e6re om verden omkring os. Vi kan have flere tavler og nemt skifte mellem dem, og specielle rammer holder tavlen perfekt fast [&hellip;]<\/p>\n","protected":false},"featured_media":0,"comment_status":"open","ping_status":"closed","template":"","meta":[],"product_brand":[],"product_cat":[31],"product_tag":[],"class_list":{"0":"post-26439","1":"product","2":"type-product","3":"status-publish","5":"product_cat-uncategorized-da","7":"first","8":"instock","9":"shipping-taxable","10":"purchasable","11":"product-type-simple"},"_links":{"self":[{"href":"https:\/\/nordicmart.andreevmaster.com\/da\/wp-json\/wp\/v2\/product\/26439","targetHints":{"allow":["GET"]}}],"collection":[{"href":"https:\/\/nordicmart.andreevmaster.com\/da\/wp-json\/wp\/v2\/product"}],"about":[{"href":"https:\/\/nordicmart.andreevmaster.com\/da\/wp-json\/wp\/v2\/types\/product"}],"replies":[{"embeddable":true,"href":"https:\/\/nordicmart.andreevmaster.com\/da\/wp-json\/wp\/v2\/comments?post=26439"}],"wp:attachment":[{"href":"https:\/\/nordicmart.andreevmaster.com\/da\/wp-json\/wp\/v2\/media?parent=26439"}],"wp:term":[{"taxonomy":"product_brand","embeddable":true,"href":"https:\/\/nordicmart.andreevmaster.com\/da\/wp-json\/wp\/v2\/product_brand?post=26439"},{"taxonomy":"product_cat","embeddable":true,"href":"https:\/\/nordicmart.andreevmaster.com\/da\/wp-json\/wp\/v2\/product_cat?post=26439"},{"taxonomy":"product_tag","embeddable":true,"href":"https:\/\/nordicmart.andreevmaster.com\/da\/wp-json\/wp\/v2\/product_tag?post=26439"}],"curies":[{"name":"wp","href":"https:\/\/api.w.org\/{rel}","templated":true}]}}