{"id":26438,"date":"2026-02-27T00:32:34","date_gmt":"2026-02-27T00:32:34","guid":{"rendered":"https:\/\/nordicmart.andreevmaster.com\/product\/masterkidz-undervisningsbraet-til-ledningsevneeksperiment\/"},"modified":"2026-02-27T09:12:05","modified_gmt":"2026-02-27T09:12:05","slug":"masterkidz-undervisningsbraet-til-ledningsevneeksperiment","status":"publish","type":"product","link":"https:\/\/nordicmart.andreevmaster.com\/da\/vare\/masterkidz-undervisningsbraet-til-ledningsevneeksperiment\/","title":{"rendered":"MASTERKIDZ Undervisningsbr\u00e6t til ledningsevneeksperiment"},"content":{"rendered":"<p>Oplev den fascinerende verden af elektricitet med det p\u00e6dagogiske tavleeksperiment med ledningsevne fra Masterkidz! Dette innovative leget\u00f8j giver b\u00f8rn fra 3 \u00e5r mulighed for at eksperimentere med elektriske kredsl\u00f8b p\u00e5 en sikker og sp\u00e6ndende m\u00e5de. Med to interaktive kredsl\u00f8b kan de sm\u00e5 l\u00e6re, hvordan elektricitet fungerer, ved at teste forskellige materialer som ledere og opdage, at selv menneskekroppen kan lede elektricitet. Det er den perfekte kombination af l\u00e6ring og sjov, der vil v\u00e6kke nysgerrigheden og opmuntre til udforskning af verden omkring dem!<\/p>\n<p>Funktioner:<\/p>\n<p>* &#8211; Kompatibel med Masterkidz-monteringssystemer til undervisningsbr\u00e6tter<br \/>\n* &#8211; Br\u00e6ttet kan ogs\u00e5 bruges uden rammer, f.eks. p\u00e5 et bord eller gulvet<br \/>\n* &#8211; Tavlen er udstyret med to elektriske kredsl\u00f8b<br \/>\n* &#8211; Det f\u00f8rste kredsl\u00f8b (\u00f8verst p\u00e5 tavlen) er et \u00e5bent kredsl\u00f8b, og b\u00f8rnenes opgave er at lukke det ved at trykke p\u00e5 en af de fire knapper<br \/>\n* &#8211; Hver knap repr\u00e6senterer en anden type materiale med forskellig elektrisk ledningsevne, s\u00e5 b\u00f8rnene kan l\u00e6re, hvilke materialer der er isolatorer \u2013 n\u00e5r den rigtige knap trykkes ned, t\u00e6ndes et lys<br \/>\n* &#8211; Det andet kredsl\u00f8b (nederst) er ogs\u00e5 et \u00e5bent kredsl\u00f8b, men n\u00e5r barnet l\u00e6gger begge h\u00e6nder p\u00e5 panelet, t\u00e6ndes lyset<br \/>\n* &#8211; B\u00f8rn vil helt sikkert blive begejstrede for dette f\u00e6nomen og l\u00e6re, at menneskekroppen ogs\u00e5 leder elektricitet<\/p>\n<p>Kr\u00e6ver 4xAA-batterier (medf\u00f8lger ikke)<\/p>\n<p>Leget\u00f8jet udvikler:<\/p>\n<p>* &#8211; Motoriske f\u00e6rdigheder<br \/>\n* &#8211; Sensoriske f\u00e6rdigheder<br \/>\n* &#8211; H\u00e5nd-\u00f8je-koordination<br \/>\n* &#8211; Fantasi<br \/>\n* &#8211; Koncentration<br \/>\n* &#8211; Nysgerrighed<\/p>\n","protected":false},"excerpt":{"rendered":"<p>Oplev den fascinerende verden af elektricitet med det p\u00e6dagogiske tavleeksperiment med ledningsevne fra Masterkidz! Dette innovative leget\u00f8j giver b\u00f8rn fra 3 \u00e5r mulighed for at eksperimentere med elektriske kredsl\u00f8b p\u00e5 en sikker og sp\u00e6ndende m\u00e5de. Med to interaktive kredsl\u00f8b kan de sm\u00e5 l\u00e6re, hvordan elektricitet fungerer, ved at teste forskellige materialer som ledere og opdage, [&hellip;]<\/p>\n","protected":false},"featured_media":0,"comment_status":"open","ping_status":"closed","template":"","meta":[],"product_brand":[],"product_cat":[31],"product_tag":[],"class_list":{"0":"post-26438","1":"product","2":"type-product","3":"status-publish","5":"product_cat-uncategorized-da","7":"first","8":"instock","9":"shipping-taxable","10":"purchasable","11":"product-type-simple"},"_links":{"self":[{"href":"https:\/\/nordicmart.andreevmaster.com\/da\/wp-json\/wp\/v2\/product\/26438","targetHints":{"allow":["GET"]}}],"collection":[{"href":"https:\/\/nordicmart.andreevmaster.com\/da\/wp-json\/wp\/v2\/product"}],"about":[{"href":"https:\/\/nordicmart.andreevmaster.com\/da\/wp-json\/wp\/v2\/types\/product"}],"replies":[{"embeddable":true,"href":"https:\/\/nordicmart.andreevmaster.com\/da\/wp-json\/wp\/v2\/comments?post=26438"}],"wp:attachment":[{"href":"https:\/\/nordicmart.andreevmaster.com\/da\/wp-json\/wp\/v2\/media?parent=26438"}],"wp:term":[{"taxonomy":"product_brand","embeddable":true,"href":"https:\/\/nordicmart.andreevmaster.com\/da\/wp-json\/wp\/v2\/product_brand?post=26438"},{"taxonomy":"product_cat","embeddable":true,"href":"https:\/\/nordicmart.andreevmaster.com\/da\/wp-json\/wp\/v2\/product_cat?post=26438"},{"taxonomy":"product_tag","embeddable":true,"href":"https:\/\/nordicmart.andreevmaster.com\/da\/wp-json\/wp\/v2\/product_tag?post=26438"}],"curies":[{"name":"wp","href":"https:\/\/api.w.org\/{rel}","templated":true}]}}