{"id":26437,"date":"2026-02-27T00:32:34","date_gmt":"2026-02-27T00:32:34","guid":{"rendered":"https:\/\/nordicmart.andreevmaster.com\/product\/masterkidz-montessori-undervisningsbraet-vedvarende-og-ikke-vedvarende-energi\/"},"modified":"2026-02-27T09:12:05","modified_gmt":"2026-02-27T09:12:05","slug":"masterkidz-montessori-undervisningsbraet-vedvarende-og-ikke-vedvarende-energi","status":"publish","type":"product","link":"https:\/\/nordicmart.andreevmaster.com\/da\/vare\/masterkidz-montessori-undervisningsbraet-vedvarende-og-ikke-vedvarende-energi\/","title":{"rendered":"MASTERKIDZ Montessori-undervisningsbr\u00e6t Vedvarende og ikke-vedvarende energi"},"content":{"rendered":"<p>Med Masterkidz&#8217; p\u00e6dagogiske tavler kan b\u00f8rn udvikle mange f\u00e6rdigheder p\u00e5 samme tid. Hver tavle l\u00e6rer b\u00f8rnene gennem forskellige interessante emner, hvordan man fungerer i samfundet, og giver dem mulighed for at l\u00e6re om verden omkring os. Vi kan have flere tavler og nemt skifte mellem dem, og specielle rammer holder tavlen perfekt p\u00e5 v\u00e6ggen.<br \/>\nFunktioner:<br \/>\n* &#8211; Du kan have flere tavler og nemt skifte mellem dem, og de specielle rammer holder tavlen perfekt p\u00e5 v\u00e6ggen.<br \/>\n* &#8211; Tavlen kan ogs\u00e5 bruges uden rammer, f.eks. p\u00e5 et bord eller gulvet<br \/>\n* &#8211; B\u00f8rn b\u00f8r l\u00e6re om vedvarende energi, som har potentiale til at forbedre deres liv i fremtiden.* &#8211; Tavlen er opdelt i to halvdele. * &#8211; Den venstre side af tavlen viser en ulykkelig Jord med forbrug af kul, br\u00e6ndstoffer, radioaktiv energi og andre ikke-vedvarende ressourcer.* &#8211; Den h\u00f8jre side af tavlen viser en glad Jord, hvor mennesker kun bruger vedvarende energi, s\u00e5som vind-, vand- og solenergi. * &#8211; Ikke-vedvarende energi &#8211; i \u00f8jeblikket kommer det meste af verdens energi fra fossile br\u00e6ndstoffer, som prim\u00e6rt bruges til elektricitet, varme og transport. Fossile br\u00e6ndstoffer er r\u00e5materialerne til produktion af vores gas, benzin, diesel, kul og olie. Udvinding og forbrug af fossile br\u00e6ndstoffer for\u00e5rsager en masse energi og forurening<br \/>\n* &#8211; Vedvarende energi &#8211; forskellige typer vedvarende energi unders\u00f8ges for at modvirke virkningerne og udviklingen af klimaforandringer. Disse omfatter solenergi, vindenergi, vandkraft, biomasse og andre nye kilder. Dette er energikilder, der kan bruges uden at udt\u00f8mme ressourcerne \u2013 uanset hvor meget energi vi omdanner fra solen, vil vores brug ikke p\u00e5virke dens form<br \/>\n* &#8211; lyseffekter bruges til at vise, hvordan lyset i et hus t\u00e6ndes<br \/>\n* &#8211; en h\u00e5nddrevet vandkraftgenerator hj\u00e6lper b\u00f8rn med at visualisere, hvordan str\u00f8mmende vand genererer energi<br \/>\n* &#8211; der kr\u00e6ves batterier til drift<\/p>\n<p>Leget\u00f8jet udvikler:* &#8211; motoriske f\u00e6rdigheder* &#8211; sensoriske f\u00e6rdigheder* &#8211; h\u00e5nd-\u00f8je-koordination* &#8211; fantasi* &#8211; koncentration* &#8211; nysgerrighed<\/p>\n","protected":false},"excerpt":{"rendered":"<p>Med Masterkidz&#8217; p\u00e6dagogiske tavler kan b\u00f8rn udvikle mange f\u00e6rdigheder p\u00e5 samme tid. Hver tavle l\u00e6rer b\u00f8rnene gennem forskellige interessante emner, hvordan man fungerer i samfundet, og giver dem mulighed for at l\u00e6re om verden omkring os. Vi kan have flere tavler og nemt skifte mellem dem, og specielle rammer holder tavlen perfekt p\u00e5 v\u00e6ggen. Funktioner: [&hellip;]<\/p>\n","protected":false},"featured_media":0,"comment_status":"open","ping_status":"closed","template":"","meta":[],"product_brand":[],"product_cat":[31],"product_tag":[],"class_list":{"0":"post-26437","1":"product","2":"type-product","3":"status-publish","5":"product_cat-uncategorized-da","7":"first","8":"instock","9":"shipping-taxable","10":"purchasable","11":"product-type-simple"},"_links":{"self":[{"href":"https:\/\/nordicmart.andreevmaster.com\/da\/wp-json\/wp\/v2\/product\/26437","targetHints":{"allow":["GET"]}}],"collection":[{"href":"https:\/\/nordicmart.andreevmaster.com\/da\/wp-json\/wp\/v2\/product"}],"about":[{"href":"https:\/\/nordicmart.andreevmaster.com\/da\/wp-json\/wp\/v2\/types\/product"}],"replies":[{"embeddable":true,"href":"https:\/\/nordicmart.andreevmaster.com\/da\/wp-json\/wp\/v2\/comments?post=26437"}],"wp:attachment":[{"href":"https:\/\/nordicmart.andreevmaster.com\/da\/wp-json\/wp\/v2\/media?parent=26437"}],"wp:term":[{"taxonomy":"product_brand","embeddable":true,"href":"https:\/\/nordicmart.andreevmaster.com\/da\/wp-json\/wp\/v2\/product_brand?post=26437"},{"taxonomy":"product_cat","embeddable":true,"href":"https:\/\/nordicmart.andreevmaster.com\/da\/wp-json\/wp\/v2\/product_cat?post=26437"},{"taxonomy":"product_tag","embeddable":true,"href":"https:\/\/nordicmart.andreevmaster.com\/da\/wp-json\/wp\/v2\/product_tag?post=26437"}],"curies":[{"name":"wp","href":"https:\/\/api.w.org\/{rel}","templated":true}]}}