{"id":26436,"date":"2026-02-27T00:32:33","date_gmt":"2026-02-27T00:32:33","guid":{"rendered":"https:\/\/nordicmart.andreevmaster.com\/product\/masterkidz-vaegpanel-kreativt-stem-videnskabstavle-udendorstavle-monteringspanel-40-x-40-cm\/"},"modified":"2026-02-27T09:12:05","modified_gmt":"2026-02-27T09:12:05","slug":"masterkidz-vaegpanel-kreativt-stem-videnskabstavle-udendorstavle-monteringspanel-40-x-40-cm","status":"publish","type":"product","link":"https:\/\/nordicmart.andreevmaster.com\/da\/vare\/masterkidz-vaegpanel-kreativt-stem-videnskabstavle-udendorstavle-monteringspanel-40-x-40-cm\/","title":{"rendered":"MASTERKIDZ V\u00e6gpanel Kreativt STEM-videnskabstavle Udend\u00f8rstavle + monteringspanel 40 x 40 (cm)"},"content":{"rendered":"<p>Masterkidz udend\u00f8rs STEM-undervisningsv\u00e6gbr\u00e6t giver mulighed for kreativ leg og l\u00e6ring om videnskabens verden. De brede 40 x 40 cm paneler (4 x 20 x 20 cm paneler) har huller, hvor farverige pinde kan inds\u00e6ttes for at skabe smukke m\u00f8nstre. Forskellige undervisningshj\u00e6lpemidler, tandhjul, r\u00f8rsystemer med pumper og andre interessante elementer kan ogs\u00e5 fastg\u00f8res til br\u00e6ttet. Med Masterkidz Outdoor STEM Educational Board kan dit barn begynde at lege kreativt og l\u00e6rerigt ved at skabe smukke m\u00f8nstre og strukturer takket v\u00e6re de utallige typer elementer, der kan bruges i legen. Dit barn vil n\u00e5 h\u00f8jder af fantasi ved at skabe mesterv\u00e6rker eller konstruere en mekanisme af tandhjul eller et r\u00f8rsystem. Tavlen er lavet af vejrbestandige materialer, der er modstandsdygtige over for misfarvning og revner. S\u00c6TTET INKLUDERER ET MONTERINGSPANEL!<\/p>\n<p>Br\u00e6delementer (s\u00e6lges separat):<\/p>\n<p>* &#8211; Farvede pinde ME12746 ME14450 ME21113 ME21137 ME21120 ME21144<br \/>\n* &#8211; Farvede krystaller ME13989<br \/>\n* &#8211; Farvede snore til sammenkobling med pinde ME14467<br \/>\n* &#8211; Farvede skruer ME20963 ME29911<br \/>\n* &#8211; Geometriske former ME14696 ME14702 ME14818 ME14825 ME31181<br \/>\n* &#8211; Tandhjul og k\u00e6der ME13460 ME24343 ME31204<br \/>\n* &#8211; Kugle- og vandbaner ME14788 ME14665 ME15143 ME25043<br \/>\n* &#8211; R\u00f8rsystem-bygges\u00e6t med pumpe ME13149<br \/>\n* &#8211; S\u00e6t med bogstaver og tal ME30412 ME30429<\/p>\n<p>Takket v\u00e6re Masterkidz-undervisningsbr\u00e6ttet l\u00e6rer dit barn, hvordan mekanismer og vandsystemer fungerer, ser, hvordan en vandpumpe fungerer, og l\u00e6rer om geometriske figurer og former. Skruerne, som du kan k\u00f8be specialv\u00e6rkt\u00f8j til, vil ogs\u00e5 v\u00e6re en stor hj\u00e6lp. Takket v\u00e6re dem l\u00e6rer dit barn at bruge en skruetr\u00e6kker, skruen\u00f8gle og skruen\u00f8gler korrekt, alt sammen mens det leger sikkert. Monteringspanelet er et element, der g\u00f8r det nemt at installere tavlekomponenter uden at skulle fastg\u00f8re dem direkte p\u00e5 v\u00e6ggen. Panelet kan tilpasses til enhver overflade. For at opn\u00e5 den bedste pasform og nem installation anbefaler vi at v\u00e6lge fliser med bagpaneler.<\/p>\n","protected":false},"excerpt":{"rendered":"<p>Masterkidz udend\u00f8rs STEM-undervisningsv\u00e6gbr\u00e6t giver mulighed for kreativ leg og l\u00e6ring om videnskabens verden. De brede 40 x 40 cm paneler (4 x 20 x 20 cm paneler) har huller, hvor farverige pinde kan inds\u00e6ttes for at skabe smukke m\u00f8nstre. Forskellige undervisningshj\u00e6lpemidler, tandhjul, r\u00f8rsystemer med pumper og andre interessante elementer kan ogs\u00e5 fastg\u00f8res til br\u00e6ttet. Med [&hellip;]<\/p>\n","protected":false},"featured_media":0,"comment_status":"open","ping_status":"closed","template":"","meta":[],"product_brand":[],"product_cat":[31],"product_tag":[],"class_list":{"0":"post-26436","1":"product","2":"type-product","3":"status-publish","5":"product_cat-uncategorized-da","7":"first","8":"instock","9":"shipping-taxable","10":"purchasable","11":"product-type-simple"},"_links":{"self":[{"href":"https:\/\/nordicmart.andreevmaster.com\/da\/wp-json\/wp\/v2\/product\/26436","targetHints":{"allow":["GET"]}}],"collection":[{"href":"https:\/\/nordicmart.andreevmaster.com\/da\/wp-json\/wp\/v2\/product"}],"about":[{"href":"https:\/\/nordicmart.andreevmaster.com\/da\/wp-json\/wp\/v2\/types\/product"}],"replies":[{"embeddable":true,"href":"https:\/\/nordicmart.andreevmaster.com\/da\/wp-json\/wp\/v2\/comments?post=26436"}],"wp:attachment":[{"href":"https:\/\/nordicmart.andreevmaster.com\/da\/wp-json\/wp\/v2\/media?parent=26436"}],"wp:term":[{"taxonomy":"product_brand","embeddable":true,"href":"https:\/\/nordicmart.andreevmaster.com\/da\/wp-json\/wp\/v2\/product_brand?post=26436"},{"taxonomy":"product_cat","embeddable":true,"href":"https:\/\/nordicmart.andreevmaster.com\/da\/wp-json\/wp\/v2\/product_cat?post=26436"},{"taxonomy":"product_tag","embeddable":true,"href":"https:\/\/nordicmart.andreevmaster.com\/da\/wp-json\/wp\/v2\/product_tag?post=26436"}],"curies":[{"name":"wp","href":"https:\/\/api.w.org\/{rel}","templated":true}]}}