{"id":26435,"date":"2026-02-27T00:32:33","date_gmt":"2026-02-27T00:32:33","guid":{"rendered":"https:\/\/nordicmart.andreevmaster.com\/product\/masterkidz-vaegpanel-kreativt-stem-videnskabstavle-udendors-tavle-monteringspanel-80-x-80-cm\/"},"modified":"2026-02-27T09:12:04","modified_gmt":"2026-02-27T09:12:04","slug":"masterkidz-vaegpanel-kreativt-stem-videnskabstavle-udendors-tavle-monteringspanel-80-x-80-cm","status":"publish","type":"product","link":"https:\/\/nordicmart.andreevmaster.com\/da\/vare\/masterkidz-vaegpanel-kreativt-stem-videnskabstavle-udendors-tavle-monteringspanel-80-x-80-cm\/","title":{"rendered":"MASTERKIDZ V\u00e6gpanel Kreativt STEM-videnskabstavle Udend\u00f8rs tavle + monteringspanel 80 x 80 (cm)"},"content":{"rendered":"<p>Masterkidz STEM Educational Board forvandler ethvert rum til en fascinerende verden af videnskab og kreativitet for b\u00f8rn. Dette unikke vejrbestandige panel p\u00e5 80 x 80 cm er en port til uendelige l\u00e6ringsmuligheder, der kombinerer sjov med l\u00e6ring p\u00e5 en m\u00e5de, der vil begejstre unge opdagelsesrejsende og give dem timevis af konstruktiv underholdning. STEM-tavlen er et fremragende p\u00e6dagogisk redskab, der giver b\u00f8rn mulighed for at opdage videnskabens og kunstens verden gennem interaktiv leg med mange kompatible tilbeh\u00f8rsdele, lige fra farverige pinde til at skabe smukke billeder til tandhjulssystemer til at bygge komplekse mekanismer.VERSION MED MONTERINGSPANEL Denne version har et monteringspanel, der g\u00f8r det nemt at montere tavlen p\u00e5 enhver overflade. Derudover g\u00f8r panelet det muligt at udskifte STEM-panelerne hurtigt og nemt, s\u00e5 du kan skabe utallige tavlekonfigurationer.<\/p>\n<p>Funktioner:<\/p>\n<p>* &#8211; Modul\u00e6rt system, der er kompatibelt med STEM-tilbeh\u00f8r<br \/>\n* &#8211; Fremstillet af sikre og holdbare materialer<br \/>\n* &#8211; Vejrbestandigt<br \/>\n* &#8211; Fremragende base for eksperimenter inden for mekanik, hydraulik og kunst<br \/>\n* &#8211; Let at samle<\/p>\n<p>Kompatibelt med STEM-systemer (s\u00e6lges separat):<\/p>\n<p>* &#8211; Farvede pinde ME12746 ME14450 ME21113 ME21137 ME21120 ME21144<br \/>\n* &#8211; Farvede krystaller ME13989<br \/>\n* &#8211; Farvede snore til at forbinde pinde ME14467<br \/>\n* &#8211; Farvede skruer ME20963 ME29911<br \/>\n* &#8211; Byggeklodser ME29027 ME29010 ME29089<br \/>\n* &#8211; Geometriske former ME14696 ME14702 ME14818 ME14825 ME31181<br \/>\n* &#8211; Tandhjul og k\u00e6der ME13460 ME24343 ME31204<br \/>\n* &#8211; Kugle- og vandbaner ME14788 ME14870 ME14665 ME15143 ME25043<br \/>\n* &#8211; Pumpes\u00e6t til bygning af r\u00f8rsystemer ME13149<br \/>\n* &#8211; Bogstav- og tals\u00e6t ME30412 ME30429<br \/>\n* &#8211; Beholdere og tilbeh\u00f8r ME12845 ME16560 ME14672<\/p>\n<p>&#8211; Farvede pinde ME12746 ME14450 ME21113 ME21137 ME21120 ME21144<\/p>\n<p>&#8211; Farvede krystaller ME13989<\/p>\n<p>&#8211; Farvede snore til at forbinde med pinde ME14467<\/p>\n<p>&#8211; Farvede skruer ME20963 ME29911<\/p>\n<p>&#8211; Byggeklodser ME29027 ME29010 ME29089<\/p>\n<p>&#8211; Geometriske former ME14696 ME14702 ME14818 ME14825 ME31181<\/p>\n<p>&#8211; Tandhjul og k\u00e6der ME13460 ME24343 ME31204<\/p>\n<p>&#8211; Kugle- og vandbaner ME14788 ME14870 ME14665 ME15143 ME25043<\/p>\n<p>&#8211; Pumpes\u00e6t til bygning af r\u00f8rsystemer ME13149<\/p>\n<p>&#8211; Bogstav- og tals\u00e6t ME30412 ME30429<\/p>\n<p>&#8211; Beholdere og tilbeh\u00f8r ME12845 ME16560 ME14672<\/p>\n","protected":false},"excerpt":{"rendered":"<p>Masterkidz STEM Educational Board forvandler ethvert rum til en fascinerende verden af videnskab og kreativitet for b\u00f8rn. Dette unikke vejrbestandige panel p\u00e5 80 x 80 cm er en port til uendelige l\u00e6ringsmuligheder, der kombinerer sjov med l\u00e6ring p\u00e5 en m\u00e5de, der vil begejstre unge opdagelsesrejsende og give dem timevis af konstruktiv underholdning. STEM-tavlen er et [&hellip;]<\/p>\n","protected":false},"featured_media":0,"comment_status":"open","ping_status":"closed","template":"","meta":[],"product_brand":[],"product_cat":[31],"product_tag":[],"class_list":{"0":"post-26435","1":"product","2":"type-product","3":"status-publish","5":"product_cat-uncategorized-da","7":"first","8":"instock","9":"shipping-taxable","10":"purchasable","11":"product-type-simple"},"_links":{"self":[{"href":"https:\/\/nordicmart.andreevmaster.com\/da\/wp-json\/wp\/v2\/product\/26435","targetHints":{"allow":["GET"]}}],"collection":[{"href":"https:\/\/nordicmart.andreevmaster.com\/da\/wp-json\/wp\/v2\/product"}],"about":[{"href":"https:\/\/nordicmart.andreevmaster.com\/da\/wp-json\/wp\/v2\/types\/product"}],"replies":[{"embeddable":true,"href":"https:\/\/nordicmart.andreevmaster.com\/da\/wp-json\/wp\/v2\/comments?post=26435"}],"wp:attachment":[{"href":"https:\/\/nordicmart.andreevmaster.com\/da\/wp-json\/wp\/v2\/media?parent=26435"}],"wp:term":[{"taxonomy":"product_brand","embeddable":true,"href":"https:\/\/nordicmart.andreevmaster.com\/da\/wp-json\/wp\/v2\/product_brand?post=26435"},{"taxonomy":"product_cat","embeddable":true,"href":"https:\/\/nordicmart.andreevmaster.com\/da\/wp-json\/wp\/v2\/product_cat?post=26435"},{"taxonomy":"product_tag","embeddable":true,"href":"https:\/\/nordicmart.andreevmaster.com\/da\/wp-json\/wp\/v2\/product_tag?post=26435"}],"curies":[{"name":"wp","href":"https:\/\/api.w.org\/{rel}","templated":true}]}}