{"id":26434,"date":"2026-02-27T00:32:33","date_gmt":"2026-02-27T00:32:33","guid":{"rendered":"https:\/\/nordicmart.andreevmaster.com\/product\/masterkidz-vaegpanel-kreativt-stem-videnskabstavle-udendorstavle-saet-med-2-stk\/"},"modified":"2026-02-27T09:12:04","modified_gmt":"2026-02-27T09:12:04","slug":"masterkidz-vaegpanel-kreativt-stem-videnskabstavle-udendorstavle-saet-med-2-stk","status":"publish","type":"product","link":"https:\/\/nordicmart.andreevmaster.com\/da\/vare\/masterkidz-vaegpanel-kreativt-stem-videnskabstavle-udendorstavle-saet-med-2-stk\/","title":{"rendered":"MASTERKIDZ V\u00e6gpanel Kreativt STEM-videnskabstavle Udend\u00f8rstavle S\u00e6t med 2 stk."},"content":{"rendered":"<p>Masterkidz Educational STEM Wall Board giver mulighed for kreativ leg og l\u00e6ring om videnskabens verden. De brede paneler, der m\u00e5ler 120 x 80 cm (hver flise er 20 x 20 cm), har huller, hvor farverige pinde kan inds\u00e6ttes for at skabe smukke m\u00f8nstre. Forskellige l\u00e6remidler, tandhjul, r\u00f8rsystemer med pumpe og andre interessante elementer kan ogs\u00e5 fastg\u00f8res til tavlen.S\u00e6ttet indeholder 2 tavler. Tilbeh\u00f8r til tavlen (s\u00e6lges separat): * &#8211; Farvede pinde ME12746 ME14450 ME21113 ME21137 ME21120 ME21144 * &#8211; Farverige krystaller ME13989 * &#8211; Farvede snore til at forbinde med pinde ME14467<br \/>\n* &#8211; Farvede skruer ME20963 ME29911<br \/>\n* &#8211; Geometriske former ME14696 ME14702 ME14818 ME14825 ME31181<br \/>\n* &#8211; Tandhjul og k\u00e6der ME13460 ME24343 ME31204<br \/>\n* &#8211; Kugle- og vandbaner ME14788 ME14665 ME15143 ME25043<br \/>\n* &#8211; R\u00f8rsystem-bygges\u00e6t med pumpe ME13149<br \/>\n* &#8211; S\u00e6t med bogstaver og tal ME30412 ME3042<\/p>\n<p>Takket v\u00e6re Masterkidz-undervisningsbr\u00e6ttet l\u00e6rer dit barn, hvordan mekanismer og vandsystemer fungerer, ser, hvordan en vandpumpe fungerer, og l\u00e6rer om geometriske figurer og former. Skruerne, som du kan k\u00f8be specialv\u00e6rkt\u00f8j til, vil ogs\u00e5 v\u00e6re en stor hj\u00e6lp. Takket v\u00e6re dem l\u00e6rer dit barn at bruge en skruetr\u00e6kker, skruen\u00f8gle og skruen\u00f8gler korrekt, alt sammen mens det leger sikkert.S\u00c6TTET INKLUDERER ET MONTERINGSPANEL! Monteringspanelet er et element, der g\u00f8r det nemt at installere tavlekomponenter uden at skulle fastg\u00f8re dem direkte p\u00e5 v\u00e6ggen. Panelet kan tilpasses til enhver overflade. For at opn\u00e5 den bedste pasform og nem installation anbefaler vi at v\u00e6lge fliser med bagpaneler.<\/p>\n","protected":false},"excerpt":{"rendered":"<p>Masterkidz Educational STEM Wall Board giver mulighed for kreativ leg og l\u00e6ring om videnskabens verden. De brede paneler, der m\u00e5ler 120 x 80 cm (hver flise er 20 x 20 cm), har huller, hvor farverige pinde kan inds\u00e6ttes for at skabe smukke m\u00f8nstre. Forskellige l\u00e6remidler, tandhjul, r\u00f8rsystemer med pumpe og andre interessante elementer kan ogs\u00e5 [&hellip;]<\/p>\n","protected":false},"featured_media":0,"comment_status":"open","ping_status":"closed","template":"","meta":[],"product_brand":[],"product_cat":[31],"product_tag":[],"class_list":{"0":"post-26434","1":"product","2":"type-product","3":"status-publish","5":"product_cat-uncategorized-da","7":"first","8":"instock","9":"shipping-taxable","10":"purchasable","11":"product-type-simple"},"_links":{"self":[{"href":"https:\/\/nordicmart.andreevmaster.com\/da\/wp-json\/wp\/v2\/product\/26434","targetHints":{"allow":["GET"]}}],"collection":[{"href":"https:\/\/nordicmart.andreevmaster.com\/da\/wp-json\/wp\/v2\/product"}],"about":[{"href":"https:\/\/nordicmart.andreevmaster.com\/da\/wp-json\/wp\/v2\/types\/product"}],"replies":[{"embeddable":true,"href":"https:\/\/nordicmart.andreevmaster.com\/da\/wp-json\/wp\/v2\/comments?post=26434"}],"wp:attachment":[{"href":"https:\/\/nordicmart.andreevmaster.com\/da\/wp-json\/wp\/v2\/media?parent=26434"}],"wp:term":[{"taxonomy":"product_brand","embeddable":true,"href":"https:\/\/nordicmart.andreevmaster.com\/da\/wp-json\/wp\/v2\/product_brand?post=26434"},{"taxonomy":"product_cat","embeddable":true,"href":"https:\/\/nordicmart.andreevmaster.com\/da\/wp-json\/wp\/v2\/product_cat?post=26434"},{"taxonomy":"product_tag","embeddable":true,"href":"https:\/\/nordicmart.andreevmaster.com\/da\/wp-json\/wp\/v2\/product_tag?post=26434"}],"curies":[{"name":"wp","href":"https:\/\/api.w.org\/{rel}","templated":true}]}}