{"id":26432,"date":"2026-02-27T00:32:32","date_gmt":"2026-02-27T00:32:32","guid":{"rendered":"https:\/\/nordicmart.andreevmaster.com\/product\/masterkidz-paedagogisk-tavle-manuel-fingerfaerdighed-montessori-snoring\/"},"modified":"2026-02-27T09:12:04","modified_gmt":"2026-02-27T09:12:04","slug":"masterkidz-paedagogisk-tavle-manuel-fingerfaerdighed-montessori-snoring","status":"publish","type":"product","link":"https:\/\/nordicmart.andreevmaster.com\/da\/vare\/masterkidz-paedagogisk-tavle-manuel-fingerfaerdighed-montessori-snoring\/","title":{"rendered":"MASTERKIDZ P\u00e6dagogisk tavle &#8211; Manuel fingerf\u00e6rdighed Montessori Sn\u00f8ring"},"content":{"rendered":"<p>P\u00e6dagogiske tavler fra Masterkidz giver b\u00f8rn mulighed for at udvikle mange f\u00e6rdigheder p\u00e5 samme tid. Hver tavle l\u00e6rer b\u00f8rn gennem forskellige interessante emner, hvordan man fungerer i samfundet, og giver dem mulighed for at l\u00e6re om verden omkring os. Vi kan have flere tavler og nemt skifte mellem dem, og specielle rammer holder tavlen perfekt fast p\u00e5 v\u00e6ggen. <\/p>\n<p>Egenskaber:<\/p>\n<p>* &#8211; Du kan have flere tavler og nemt skifte mellem dem, og de specielle rammer holder tavlen perfekt fast p\u00e5 v\u00e6ggen.* &#8211; Tavlen kan ogs\u00e5 bruges uden rammer, f.eks. p\u00e5 et bord eller gulvet.<br \/>\n* &#8211; Det er et fremragende leget\u00f8j til at \u00f8ve sig i at binde og sn\u00f8re.<br \/>\n* &#8211; B\u00f8rn vil elske at binde den store r\u00f8de sko, og de utallige muligheder for at binde vil stimulere deres fantasi.* &#8211; Den lilla sn\u00f8reb\u00e5nd giver dem mulighed for at l\u00e6re at binde ikke kun en sko, men ogs\u00e5 f.eks. en rygs\u00e6k.* &#8211; B\u00f8rnene kan dreje farverige tr\u00e6kapper i forskellige former, st\u00f8rrelser og farver &#8211; det hele er monteret p\u00e5 en speciel skrue<br \/>\n* &#8211; Derudover g\u00f8r det spillet mere sp\u00e6ndende at tr\u00e6kke den r\u00f8de snor gennem tre huller i forskellige st\u00f8rrelser, og jo mindre hullet er, jo sv\u00e6rere er opgaven, og jo st\u00f8rre er tilfredsheden<\/p>\n<p>Leget\u00f8jet udvikler:* &#8211; motoriske f\u00e6rdigheder* &#8211; h\u00e5nd-\u00f8je-koordination* &#8211; fantasi* &#8211; koncentration* &#8211; kreativitet<\/p>\n","protected":false},"excerpt":{"rendered":"<p>P\u00e6dagogiske tavler fra Masterkidz giver b\u00f8rn mulighed for at udvikle mange f\u00e6rdigheder p\u00e5 samme tid. Hver tavle l\u00e6rer b\u00f8rn gennem forskellige interessante emner, hvordan man fungerer i samfundet, og giver dem mulighed for at l\u00e6re om verden omkring os. Vi kan have flere tavler og nemt skifte mellem dem, og specielle rammer holder tavlen perfekt [&hellip;]<\/p>\n","protected":false},"featured_media":0,"comment_status":"open","ping_status":"closed","template":"","meta":[],"product_brand":[],"product_cat":[31],"product_tag":[],"class_list":{"0":"post-26432","1":"product","2":"type-product","3":"status-publish","5":"product_cat-uncategorized-da","7":"first","8":"instock","9":"shipping-taxable","10":"purchasable","11":"product-type-simple"},"_links":{"self":[{"href":"https:\/\/nordicmart.andreevmaster.com\/da\/wp-json\/wp\/v2\/product\/26432","targetHints":{"allow":["GET"]}}],"collection":[{"href":"https:\/\/nordicmart.andreevmaster.com\/da\/wp-json\/wp\/v2\/product"}],"about":[{"href":"https:\/\/nordicmart.andreevmaster.com\/da\/wp-json\/wp\/v2\/types\/product"}],"replies":[{"embeddable":true,"href":"https:\/\/nordicmart.andreevmaster.com\/da\/wp-json\/wp\/v2\/comments?post=26432"}],"wp:attachment":[{"href":"https:\/\/nordicmart.andreevmaster.com\/da\/wp-json\/wp\/v2\/media?parent=26432"}],"wp:term":[{"taxonomy":"product_brand","embeddable":true,"href":"https:\/\/nordicmart.andreevmaster.com\/da\/wp-json\/wp\/v2\/product_brand?post=26432"},{"taxonomy":"product_cat","embeddable":true,"href":"https:\/\/nordicmart.andreevmaster.com\/da\/wp-json\/wp\/v2\/product_cat?post=26432"},{"taxonomy":"product_tag","embeddable":true,"href":"https:\/\/nordicmart.andreevmaster.com\/da\/wp-json\/wp\/v2\/product_tag?post=26432"}],"curies":[{"name":"wp","href":"https:\/\/api.w.org\/{rel}","templated":true}]}}