{"id":26431,"date":"2026-02-27T00:32:32","date_gmt":"2026-02-27T00:32:32","guid":{"rendered":"https:\/\/nordicmart.andreevmaster.com\/product\/masterkidz-laeringsbraet-hvordan-har-du-det-laer-om-folelser-montessori\/"},"modified":"2026-02-27T09:12:04","modified_gmt":"2026-02-27T09:12:04","slug":"masterkidz-laeringsbraet-hvordan-har-du-det-laer-om-folelser-montessori","status":"publish","type":"product","link":"https:\/\/nordicmart.andreevmaster.com\/da\/vare\/masterkidz-laeringsbraet-hvordan-har-du-det-laer-om-folelser-montessori\/","title":{"rendered":"MASTERKIDZ L\u00e6ringsbr\u00e6t Hvordan har du det? L\u00e6r om f\u00f8lelser Montessori"},"content":{"rendered":"<p>L\u00e6ringsbr\u00e6t fra Masterkidz giver b\u00f8rn mulighed for at udvikle mange f\u00e6rdigheder p\u00e5 samme tid. Hvert br\u00e6t l\u00e6rer b\u00f8rn gennem forskellige interessante emner, hvordan man fungerer i samfundet, og giver dem mulighed for at l\u00e6re om verden omkring os. Vi kan have flere tavler og nemt skifte mellem dem, og specielle rammer holder tavlen perfekt p\u00e5 v\u00e6ggen. <\/p>\n<p>Funktioner: <\/p>\n<p>* &#8211; Du kan have flere tavler og nemt skifte mellem dem, og de specielle rammer holder tavlen perfekt p\u00e5 v\u00e6ggen.* &#8211; Tavlen kan ogs\u00e5 bruges uden rammer, f.eks. p\u00e5 et bord eller gulvet.<br \/>\n* &#8211; At hj\u00e6lpe b\u00f8rn med at identificere og beskrive f\u00f8lelser er et vigtigt f\u00f8rste skridt i at l\u00e6re om f\u00f8lelser. Sm\u00e5 b\u00f8rn er ikke i stand til at beskrive f\u00f8lelser med ord, men tavlen giver dem mulighed for at udtrykke deres f\u00f8lelser eller l\u00e6re om f\u00f8lelser, de ikke kendte f\u00f8r.* &#8211; B\u00f8rn justerer deres f\u00f8lelser ved at \u00e6ndre retningen p\u00e5 deres \u00f8jenbryn, \u00f8jne, n\u00e6se og mund og kan tilf\u00f8je t\u00e5rer eller r\u00f8dmen. * &#8211; Der er ogs\u00e5 tre f\u00f8lelsesindikatorer &#8211; gl\u00e6de, tristhed og vrede &#8211; b\u00f8rn viser f\u00f8lelser ved at flytte tr\u00e6pinde.* &#8211; I bunden af tavlen er der 10 forskellige situationer fra hverdagen \u2013 en omsorgsperson eller l\u00e6rer kan v\u00e6lge en situation og bede barnet om at udtrykke sine f\u00f8lelser under en s\u00e5dan begivenhed ved at arrangere ansigtet i overensstemmelse hermed eller flytte pinden p\u00e5 indikatorerne \u2013 dette er en meget interessant oplevelse, da vi kan vise b\u00f8rnene, at hver af dem f\u00f8ler helt forskellige f\u00f8lelser i en given situation. Leget\u00f8jet udvikler:* &#8211; motoriske f\u00e6rdigheder* &#8211; sensoriske f\u00e6rdigheder* &#8211; h\u00e5nd-\u00f8je-koordination* &#8211; fantasi* &#8211; koncentration* &#8211; nysgerrighed<\/p>\n","protected":false},"excerpt":{"rendered":"<p>L\u00e6ringsbr\u00e6t fra Masterkidz giver b\u00f8rn mulighed for at udvikle mange f\u00e6rdigheder p\u00e5 samme tid. Hvert br\u00e6t l\u00e6rer b\u00f8rn gennem forskellige interessante emner, hvordan man fungerer i samfundet, og giver dem mulighed for at l\u00e6re om verden omkring os. Vi kan have flere tavler og nemt skifte mellem dem, og specielle rammer holder tavlen perfekt p\u00e5 [&hellip;]<\/p>\n","protected":false},"featured_media":0,"comment_status":"open","ping_status":"closed","template":"","meta":[],"product_brand":[],"product_cat":[31],"product_tag":[],"class_list":{"0":"post-26431","1":"product","2":"type-product","3":"status-publish","5":"product_cat-uncategorized-da","7":"first","8":"instock","9":"shipping-taxable","10":"purchasable","11":"product-type-simple"},"_links":{"self":[{"href":"https:\/\/nordicmart.andreevmaster.com\/da\/wp-json\/wp\/v2\/product\/26431","targetHints":{"allow":["GET"]}}],"collection":[{"href":"https:\/\/nordicmart.andreevmaster.com\/da\/wp-json\/wp\/v2\/product"}],"about":[{"href":"https:\/\/nordicmart.andreevmaster.com\/da\/wp-json\/wp\/v2\/types\/product"}],"replies":[{"embeddable":true,"href":"https:\/\/nordicmart.andreevmaster.com\/da\/wp-json\/wp\/v2\/comments?post=26431"}],"wp:attachment":[{"href":"https:\/\/nordicmart.andreevmaster.com\/da\/wp-json\/wp\/v2\/media?parent=26431"}],"wp:term":[{"taxonomy":"product_brand","embeddable":true,"href":"https:\/\/nordicmart.andreevmaster.com\/da\/wp-json\/wp\/v2\/product_brand?post=26431"},{"taxonomy":"product_cat","embeddable":true,"href":"https:\/\/nordicmart.andreevmaster.com\/da\/wp-json\/wp\/v2\/product_cat?post=26431"},{"taxonomy":"product_tag","embeddable":true,"href":"https:\/\/nordicmart.andreevmaster.com\/da\/wp-json\/wp\/v2\/product_tag?post=26431"}],"curies":[{"name":"wp","href":"https:\/\/api.w.org\/{rel}","templated":true}]}}