{"id":26430,"date":"2026-02-27T00:32:31","date_gmt":"2026-02-27T00:32:31","guid":{"rendered":"https:\/\/nordicmart.andreevmaster.com\/product\/masterkidz-byggesaet-kuglebane-stem-braet-440-dele\/"},"modified":"2026-02-27T09:12:03","modified_gmt":"2026-02-27T09:12:03","slug":"masterkidz-byggesaet-kuglebane-stem-braet-440-dele","status":"publish","type":"product","link":"https:\/\/nordicmart.andreevmaster.com\/da\/vare\/masterkidz-byggesaet-kuglebane-stem-braet-440-dele\/","title":{"rendered":"MASTERKIDZ Bygges\u00e6t Kuglebane STEM-br\u00e6t 440 dele"},"content":{"rendered":"<p>Med Masterkidz STEM Educational Board kan dit barn begynde at lege kreativt og l\u00e6rerigt ved at skabe smukke m\u00f8nstre og strukturer takket v\u00e6re utallige typer elementer, der kan bruges i legen. Dit barn vil n\u00e5 h\u00f8jder af fantasi ved at skabe mesterv\u00e6rker eller konstruere en mekanisme af tandhjul eller et r\u00f8rsystem.<\/p>\n<p>Funktioner:<\/p>\n<p>* &#8211; Dette er det bedste leget\u00f8j til en kuglebane, hvor b\u00f8rn kan konstruere stier og baner ved at tilf\u00f8je forskellige blokke, retningsskiftere og andre bev\u00e6gelsesmekanismer<br \/>\n* &#8211; Systemet kan bruges p\u00e5 et bord, gulvet og frem for alt p\u00e5 et STEM-br\u00e6t<br \/>\n* &#8211; S\u00e6ttet best\u00e5r af 440 stykker<br \/>\n* &#8211; S\u00e6ttet er lavet af vejrbestandige materialer, der er modstandsdygtige over for misfarvning og revner.<\/p>\n<p>Leget\u00f8jet udvikler:<\/p>\n<p>* &#8211; motoriske f\u00e6rdigheder<br \/>\n* &#8211; fantasi<br \/>\n* &#8211; kreativitet<br \/>\n* &#8211; h\u00e5nd-\u00f8je-koordination<\/p>\n","protected":false},"excerpt":{"rendered":"<p>Med Masterkidz STEM Educational Board kan dit barn begynde at lege kreativt og l\u00e6rerigt ved at skabe smukke m\u00f8nstre og strukturer takket v\u00e6re utallige typer elementer, der kan bruges i legen. Dit barn vil n\u00e5 h\u00f8jder af fantasi ved at skabe mesterv\u00e6rker eller konstruere en mekanisme af tandhjul eller et r\u00f8rsystem. Funktioner: * &#8211; Dette [&hellip;]<\/p>\n","protected":false},"featured_media":0,"comment_status":"open","ping_status":"closed","template":"","meta":[],"product_brand":[],"product_cat":[31],"product_tag":[],"class_list":{"0":"post-26430","1":"product","2":"type-product","3":"status-publish","5":"product_cat-uncategorized-da","7":"first","8":"instock","9":"shipping-taxable","10":"purchasable","11":"product-type-simple"},"_links":{"self":[{"href":"https:\/\/nordicmart.andreevmaster.com\/da\/wp-json\/wp\/v2\/product\/26430","targetHints":{"allow":["GET"]}}],"collection":[{"href":"https:\/\/nordicmart.andreevmaster.com\/da\/wp-json\/wp\/v2\/product"}],"about":[{"href":"https:\/\/nordicmart.andreevmaster.com\/da\/wp-json\/wp\/v2\/types\/product"}],"replies":[{"embeddable":true,"href":"https:\/\/nordicmart.andreevmaster.com\/da\/wp-json\/wp\/v2\/comments?post=26430"}],"wp:attachment":[{"href":"https:\/\/nordicmart.andreevmaster.com\/da\/wp-json\/wp\/v2\/media?parent=26430"}],"wp:term":[{"taxonomy":"product_brand","embeddable":true,"href":"https:\/\/nordicmart.andreevmaster.com\/da\/wp-json\/wp\/v2\/product_brand?post=26430"},{"taxonomy":"product_cat","embeddable":true,"href":"https:\/\/nordicmart.andreevmaster.com\/da\/wp-json\/wp\/v2\/product_cat?post=26430"},{"taxonomy":"product_tag","embeddable":true,"href":"https:\/\/nordicmart.andreevmaster.com\/da\/wp-json\/wp\/v2\/product_tag?post=26430"}],"curies":[{"name":"wp","href":"https:\/\/api.w.org\/{rel}","templated":true}]}}