{"id":26425,"date":"2026-02-27T00:32:30","date_gmt":"2026-02-27T00:32:30","guid":{"rendered":"https:\/\/nordicmart.andreevmaster.com\/product\/masterkidz-firkantet-ramme-til-montering-af-led-paneler\/"},"modified":"2026-02-27T09:12:02","modified_gmt":"2026-02-27T09:12:02","slug":"masterkidz-firkantet-ramme-til-montering-af-led-paneler","status":"publish","type":"product","link":"https:\/\/nordicmart.andreevmaster.com\/da\/vare\/masterkidz-firkantet-ramme-til-montering-af-led-paneler\/","title":{"rendered":"MASTERKIDZ Firkantet ramme til montering af LED-paneler"},"content":{"rendered":"<p>Et s\u00e6t med to robuste monteringsbeslag designet til sikker og stabil montering af Masterkidz-lyspaneler p\u00e5 v\u00e6gge eller STEM-manipulationsbr\u00e6dder. Beslaget er lavet af tr\u00e6 af h\u00f8j kvalitet, hvilket sikrer holdbarhed og et \u00e6stetisk udseende, der passer perfekt til moderne uddannelses- og terapirum. <\/p>\n<p>Funktioner: <\/p>\n<p>* Lavet af tr\u00e6 af h\u00f8j kvalitet<br \/>\n* Kompatibel med Masterkidz LED-paneler<br \/>\n* Stabil montering og panelbeskyttelse<\/p>\n","protected":false},"excerpt":{"rendered":"<p>Et s\u00e6t med to robuste monteringsbeslag designet til sikker og stabil montering af Masterkidz-lyspaneler p\u00e5 v\u00e6gge eller STEM-manipulationsbr\u00e6dder. Beslaget er lavet af tr\u00e6 af h\u00f8j kvalitet, hvilket sikrer holdbarhed og et \u00e6stetisk udseende, der passer perfekt til moderne uddannelses- og terapirum. Funktioner: * Lavet af tr\u00e6 af h\u00f8j kvalitet * Kompatibel med Masterkidz LED-paneler * [&hellip;]<\/p>\n","protected":false},"featured_media":0,"comment_status":"open","ping_status":"closed","template":"","meta":[],"product_brand":[],"product_cat":[31],"product_tag":[],"class_list":{"0":"post-26425","1":"product","2":"type-product","3":"status-publish","5":"product_cat-uncategorized-da","7":"first","8":"instock","9":"shipping-taxable","10":"purchasable","11":"product-type-simple"},"_links":{"self":[{"href":"https:\/\/nordicmart.andreevmaster.com\/da\/wp-json\/wp\/v2\/product\/26425","targetHints":{"allow":["GET"]}}],"collection":[{"href":"https:\/\/nordicmart.andreevmaster.com\/da\/wp-json\/wp\/v2\/product"}],"about":[{"href":"https:\/\/nordicmart.andreevmaster.com\/da\/wp-json\/wp\/v2\/types\/product"}],"replies":[{"embeddable":true,"href":"https:\/\/nordicmart.andreevmaster.com\/da\/wp-json\/wp\/v2\/comments?post=26425"}],"wp:attachment":[{"href":"https:\/\/nordicmart.andreevmaster.com\/da\/wp-json\/wp\/v2\/media?parent=26425"}],"wp:term":[{"taxonomy":"product_brand","embeddable":true,"href":"https:\/\/nordicmart.andreevmaster.com\/da\/wp-json\/wp\/v2\/product_brand?post=26425"},{"taxonomy":"product_cat","embeddable":true,"href":"https:\/\/nordicmart.andreevmaster.com\/da\/wp-json\/wp\/v2\/product_cat?post=26425"},{"taxonomy":"product_tag","embeddable":true,"href":"https:\/\/nordicmart.andreevmaster.com\/da\/wp-json\/wp\/v2\/product_tag?post=26425"}],"curies":[{"name":"wp","href":"https:\/\/api.w.org\/{rel}","templated":true}]}}