{"id":26424,"date":"2026-02-27T00:32:30","date_gmt":"2026-02-27T00:32:30","guid":{"rendered":"https:\/\/nordicmart.andreevmaster.com\/product\/masterkidz-stem-board-pipe-system-80-stykker\/"},"modified":"2026-02-27T09:12:02","modified_gmt":"2026-02-27T09:12:02","slug":"masterkidz-stem-board-pipe-system-80-stykker","status":"publish","type":"product","link":"https:\/\/nordicmart.andreevmaster.com\/da\/vare\/masterkidz-stem-board-pipe-system-80-stykker\/","title":{"rendered":"MASTERKIDZ STEM Board Pipe System 80 stykker"},"content":{"rendered":"<p>Sensorisk leget\u00f8j, s\u00e6t med 80 stykker, som kan bruges til at bygge et fantastisk hydraulisk system med r\u00f8r, forbindelsesstykker og ventiler. <\/p>\n<p>En vandpumpe kan k\u00f8bes separat for at g\u00f8re leget\u00f8jet endnu mere interessant. Vand kan h\u00e6ldes gennem r\u00f8rene ved hj\u00e6lp af de kander, der f\u00f8lger med i s\u00e6ttet, men du kan ogs\u00e5 se tr\u00e6kugler falde, n\u00e5r du kaster dem ind. Du kan bygge et stort r\u00f8rsystem eller flere mindre, s\u00e5 flere b\u00f8rn kan lege p\u00e5 samme tid. Et fantastisk leget\u00f8j fra Masterkidz, der kan bruges til at konstruere et hydraulisk system.S\u00e6ttet indeholder 80 elementer, herunder:<\/p>\n<p>r\u00f8r &#8211; 2&#215;120 cm, 6&#215;25 cm, 8&#215;10 cm,<\/p>\n<p>forbindelsesstykker &#8211; 16 stk.,<\/p>\n<p>skruer &#8211; 24 stk.,<\/p>\n<p>ventiler &#8211; 12 stk.,<\/p>\n<p>kugler &#8211; 5 stk.,<\/p>\n<p>kander &#8211; 2 stk.,<\/p>\n<p>tragt &#8211; 2 stk.,<\/p>\n<p>hane.<\/p>\n<p>Sjovet kan forts\u00e6tte i evigheder, og dit barn kan eksperimentere frit med s\u00e6ttet.<\/p>\n","protected":false},"excerpt":{"rendered":"<p>Sensorisk leget\u00f8j, s\u00e6t med 80 stykker, som kan bruges til at bygge et fantastisk hydraulisk system med r\u00f8r, forbindelsesstykker og ventiler. En vandpumpe kan k\u00f8bes separat for at g\u00f8re leget\u00f8jet endnu mere interessant. Vand kan h\u00e6ldes gennem r\u00f8rene ved hj\u00e6lp af de kander, der f\u00f8lger med i s\u00e6ttet, men du kan ogs\u00e5 se tr\u00e6kugler falde, [&hellip;]<\/p>\n","protected":false},"featured_media":0,"comment_status":"open","ping_status":"closed","template":"","meta":[],"product_brand":[],"product_cat":[31],"product_tag":[],"class_list":{"0":"post-26424","1":"product","2":"type-product","3":"status-publish","5":"product_cat-uncategorized-da","7":"first","8":"instock","9":"shipping-taxable","10":"purchasable","11":"product-type-simple"},"_links":{"self":[{"href":"https:\/\/nordicmart.andreevmaster.com\/da\/wp-json\/wp\/v2\/product\/26424","targetHints":{"allow":["GET"]}}],"collection":[{"href":"https:\/\/nordicmart.andreevmaster.com\/da\/wp-json\/wp\/v2\/product"}],"about":[{"href":"https:\/\/nordicmart.andreevmaster.com\/da\/wp-json\/wp\/v2\/types\/product"}],"replies":[{"embeddable":true,"href":"https:\/\/nordicmart.andreevmaster.com\/da\/wp-json\/wp\/v2\/comments?post=26424"}],"wp:attachment":[{"href":"https:\/\/nordicmart.andreevmaster.com\/da\/wp-json\/wp\/v2\/media?parent=26424"}],"wp:term":[{"taxonomy":"product_brand","embeddable":true,"href":"https:\/\/nordicmart.andreevmaster.com\/da\/wp-json\/wp\/v2\/product_brand?post=26424"},{"taxonomy":"product_cat","embeddable":true,"href":"https:\/\/nordicmart.andreevmaster.com\/da\/wp-json\/wp\/v2\/product_cat?post=26424"},{"taxonomy":"product_tag","embeddable":true,"href":"https:\/\/nordicmart.andreevmaster.com\/da\/wp-json\/wp\/v2\/product_tag?post=26424"}],"curies":[{"name":"wp","href":"https:\/\/api.w.org\/{rel}","templated":true}]}}