{"id":26423,"date":"2026-02-27T00:32:30","date_gmt":"2026-02-27T00:32:30","guid":{"rendered":"https:\/\/nordicmart.andreevmaster.com\/product\/masterkidz-paedagogisk-tavle-handkoordination-montessori-traening\/"},"modified":"2026-02-27T09:12:02","modified_gmt":"2026-02-27T09:12:02","slug":"masterkidz-paedagogisk-tavle-handkoordination-montessori-traening","status":"publish","type":"product","link":"https:\/\/nordicmart.andreevmaster.com\/da\/vare\/masterkidz-paedagogisk-tavle-handkoordination-montessori-traening\/","title":{"rendered":"MASTERKIDZ P\u00e6dagogisk tavle H\u00e5ndkoordination Montessori-tr\u00e6ning"},"content":{"rendered":"<p>L\u00e6ringsbr\u00e6dder fra Masterkidz giver b\u00f8rn mulighed for at udvikle mange f\u00e6rdigheder p\u00e5 samme tid. Hvert br\u00e6t l\u00e6rer b\u00f8rn gennem forskellige interessante emner, hvordan man fungerer i samfundet, og giver dem mulighed for at l\u00e6re om verden omkring os. Vi kan have flere br\u00e6dder og nemt skifte dem, og specielle rammer holder br\u00e6ttet perfekt mod v\u00e6ggen.<\/p>\n<p>Funktioner:<\/p>\n<p>* &#8211; Vi kan have flere tavler og nemt skifte mellem dem, og specielle rammer holder tavlen perfekt fast p\u00e5 v\u00e6ggen.<br \/>\n* &#8211; Tavlen kan ogs\u00e5 bruges uden rammer, f.eks. p\u00e5 et bord eller gulvet<br \/>\n* &#8211; Tavlen hj\u00e6lper b\u00f8rn med at \u00f8ve h\u00e5ndkoordination med store og sm\u00e5 cirkler.* &#8211; Barnet holder h\u00e5ndtagene med begge h\u00e6nder og drejer dem samtidig. * &#8211; Hvert af tandhjulene roterer med forskellige hastigheder. * &#8211; Farverige sten p\u00e5 hjulene giver ekstra \u00f8jetr\u00e6ning. * &#8211; Br\u00e6ttet er et fremragende leget\u00f8j til at tr\u00e6ne koordineringsevnen i venstre og h\u00f8jre hjernehalvdel. Leget\u00f8jet udvikler:* &#8211; motoriske f\u00e6rdigheder* &#8211; sensoriske f\u00e6rdigheder* &#8211; h\u00e5nd-\u00f8je-koordination* &#8211; fantasi* &#8211; koncentration* &#8211; nysgerrighed* &#8211; Masterkidz-leget\u00f8j er h\u00f8jkvalitets, holdbart og sikkert tr\u00e6leget\u00f8j til undervisningsbrug. Designet og tilpasset til forskellige stadier af barnets udvikling. Kreativ, eventyrlig og l\u00e6rerig leg er de st\u00f8rste fordele ved dette brands leget\u00f8j. Uvurderlig st\u00f8tte til Montessori-metoden. Det bedste valg til dit hjem, b\u00f8rnehave, hotel eller restaurant. Skab det perfekte legehj\u00f8rne eller en stor p\u00e6dagogisk v\u00e6g. Sortimentet omfatter v\u00e6gmonterede og mobile tavler, oplyste borde og paneler til leg med maling. Tema-p\u00e6dagogiske moduler og meget mere. Et utroligt stort udvalg af tilbeh\u00f8r og uendelige muligheder for kreativ leg.<\/p>\n","protected":false},"excerpt":{"rendered":"<p>L\u00e6ringsbr\u00e6dder fra Masterkidz giver b\u00f8rn mulighed for at udvikle mange f\u00e6rdigheder p\u00e5 samme tid. Hvert br\u00e6t l\u00e6rer b\u00f8rn gennem forskellige interessante emner, hvordan man fungerer i samfundet, og giver dem mulighed for at l\u00e6re om verden omkring os. Vi kan have flere br\u00e6dder og nemt skifte dem, og specielle rammer holder br\u00e6ttet perfekt mod v\u00e6ggen. [&hellip;]<\/p>\n","protected":false},"featured_media":0,"comment_status":"open","ping_status":"closed","template":"","meta":[],"product_brand":[],"product_cat":[31],"product_tag":[],"class_list":{"0":"post-26423","1":"product","2":"type-product","3":"status-publish","5":"product_cat-uncategorized-da","7":"first","8":"instock","9":"shipping-taxable","10":"purchasable","11":"product-type-simple"},"_links":{"self":[{"href":"https:\/\/nordicmart.andreevmaster.com\/da\/wp-json\/wp\/v2\/product\/26423","targetHints":{"allow":["GET"]}}],"collection":[{"href":"https:\/\/nordicmart.andreevmaster.com\/da\/wp-json\/wp\/v2\/product"}],"about":[{"href":"https:\/\/nordicmart.andreevmaster.com\/da\/wp-json\/wp\/v2\/types\/product"}],"replies":[{"embeddable":true,"href":"https:\/\/nordicmart.andreevmaster.com\/da\/wp-json\/wp\/v2\/comments?post=26423"}],"wp:attachment":[{"href":"https:\/\/nordicmart.andreevmaster.com\/da\/wp-json\/wp\/v2\/media?parent=26423"}],"wp:term":[{"taxonomy":"product_brand","embeddable":true,"href":"https:\/\/nordicmart.andreevmaster.com\/da\/wp-json\/wp\/v2\/product_brand?post=26423"},{"taxonomy":"product_cat","embeddable":true,"href":"https:\/\/nordicmart.andreevmaster.com\/da\/wp-json\/wp\/v2\/product_cat?post=26423"},{"taxonomy":"product_tag","embeddable":true,"href":"https:\/\/nordicmart.andreevmaster.com\/da\/wp-json\/wp\/v2\/product_tag?post=26423"}],"curies":[{"name":"wp","href":"https:\/\/api.w.org\/{rel}","templated":true}]}}