{"id":26422,"date":"2026-02-27T00:32:30","date_gmt":"2026-02-27T00:32:30","guid":{"rendered":"https:\/\/nordicmart.andreevmaster.com\/product\/masterkidz-geometriske-braedelementer-256-stk\/"},"modified":"2026-02-27T09:12:02","modified_gmt":"2026-02-27T09:12:02","slug":"masterkidz-geometriske-braedelementer-256-stk","status":"publish","type":"product","link":"https:\/\/nordicmart.andreevmaster.com\/da\/vare\/masterkidz-geometriske-braedelementer-256-stk\/","title":{"rendered":"MASTERKIDZ Geometriske br\u00e6delementer 256 stk."},"content":{"rendered":"<p>STEM-br\u00e6t tilbeh\u00f8r \u2013 256 stykker.<\/p>\n<p>Flerfarvede plastikpinde i form af geometriske figurer til at skabe fantastiske, eventyrlige designs. De er et af de mest popul\u00e6re tilbeh\u00f8r til Masterkidz kreative br\u00e6tter. STEM-br\u00e6t tilbeh\u00f8rss\u00e6ttet indeholder 256 stykker i 4 former og 8 farver, som kan bruges til at skabe et ubegr\u00e6nset antal kreative billeder.<\/p>\n<p>En smuk, kreativ form for leg, der giver mange p\u00e6dagogiske fordele, s\u00e5som at l\u00e6re former, farver og m\u00f8nstre. Ved at bygge nye billeder \u00f8ver b\u00f8rnene deres finmotorik og frem for alt former de deres fantasi, mens de udtrykker sig.<\/p>\n","protected":false},"excerpt":{"rendered":"<p>STEM-br\u00e6t tilbeh\u00f8r \u2013 256 stykker. Flerfarvede plastikpinde i form af geometriske figurer til at skabe fantastiske, eventyrlige designs. De er et af de mest popul\u00e6re tilbeh\u00f8r til Masterkidz kreative br\u00e6tter. STEM-br\u00e6t tilbeh\u00f8rss\u00e6ttet indeholder 256 stykker i 4 former og 8 farver, som kan bruges til at skabe et ubegr\u00e6nset antal kreative billeder. En smuk, kreativ [&hellip;]<\/p>\n","protected":false},"featured_media":0,"comment_status":"open","ping_status":"closed","template":"","meta":[],"product_brand":[],"product_cat":[31],"product_tag":[],"class_list":{"0":"post-26422","1":"product","2":"type-product","3":"status-publish","5":"product_cat-uncategorized-da","7":"first","8":"instock","9":"shipping-taxable","10":"purchasable","11":"product-type-simple"},"_links":{"self":[{"href":"https:\/\/nordicmart.andreevmaster.com\/da\/wp-json\/wp\/v2\/product\/26422","targetHints":{"allow":["GET"]}}],"collection":[{"href":"https:\/\/nordicmart.andreevmaster.com\/da\/wp-json\/wp\/v2\/product"}],"about":[{"href":"https:\/\/nordicmart.andreevmaster.com\/da\/wp-json\/wp\/v2\/types\/product"}],"replies":[{"embeddable":true,"href":"https:\/\/nordicmart.andreevmaster.com\/da\/wp-json\/wp\/v2\/comments?post=26422"}],"wp:attachment":[{"href":"https:\/\/nordicmart.andreevmaster.com\/da\/wp-json\/wp\/v2\/media?parent=26422"}],"wp:term":[{"taxonomy":"product_brand","embeddable":true,"href":"https:\/\/nordicmart.andreevmaster.com\/da\/wp-json\/wp\/v2\/product_brand?post=26422"},{"taxonomy":"product_cat","embeddable":true,"href":"https:\/\/nordicmart.andreevmaster.com\/da\/wp-json\/wp\/v2\/product_cat?post=26422"},{"taxonomy":"product_tag","embeddable":true,"href":"https:\/\/nordicmart.andreevmaster.com\/da\/wp-json\/wp\/v2\/product_tag?post=26422"}],"curies":[{"name":"wp","href":"https:\/\/api.w.org\/{rel}","templated":true}]}}