{"id":26421,"date":"2026-02-27T00:32:29","date_gmt":"2026-02-27T00:32:29","guid":{"rendered":"https:\/\/nordicmart.andreevmaster.com\/product\/masterkidz-geometriske-elementer-8-farver-256-stk-tilbehor-til-stem-braetter\/"},"modified":"2026-02-27T09:12:01","modified_gmt":"2026-02-27T09:12:01","slug":"masterkidz-geometriske-elementer-8-farver-256-stk-tilbehor-til-stem-braetter","status":"publish","type":"product","link":"https:\/\/nordicmart.andreevmaster.com\/da\/vare\/masterkidz-geometriske-elementer-8-farver-256-stk-tilbehor-til-stem-braetter\/","title":{"rendered":"MASTERKIDZ Geometriske elementer 8 farver 256 stk. Tilbeh\u00f8r til STEM-br\u00e6tter"},"content":{"rendered":"<p>MASTERKIDZ-s\u00e6ttet med pinde til tr\u00e6br\u00e6tter g\u00f8r legetiden sjovere for alle b\u00f8rn.<\/p>\n<p>Egenskaber:<\/p>\n<p>* &#8211; S\u00e6ttet med farverige pinde stimulerer b\u00f8rns fantasi. B\u00f8rnene vil nyde at skabe dyr, biler, billeder og mange andre former p\u00e5 br\u00e6dderne.<br \/>\n* &#8211; Br\u00e6dderne opmuntrer b\u00f8rnene til at lege kreativt, t\u00e6nke logisk, udvikle fin- og grovmotorik, dele leget\u00f8j med hinanden og interagere.* &#8211; Farverige pinde i 4 forskellige geometriske former og 8 farver. * &#8211; Smidige h\u00e6nder kan nemt montere pindene p\u00e5 STEM-br\u00e6dderne. * &#8211; Pindene er lavet af materialer, der er modstandsdygtige over for vand og sollys, s\u00e5som misfarvning eller revner. Ideel til indend\u00f8rs og udend\u00f8rs brug.<\/p>\n","protected":false},"excerpt":{"rendered":"<p>MASTERKIDZ-s\u00e6ttet med pinde til tr\u00e6br\u00e6tter g\u00f8r legetiden sjovere for alle b\u00f8rn. Egenskaber: * &#8211; S\u00e6ttet med farverige pinde stimulerer b\u00f8rns fantasi. B\u00f8rnene vil nyde at skabe dyr, biler, billeder og mange andre former p\u00e5 br\u00e6dderne. * &#8211; Br\u00e6dderne opmuntrer b\u00f8rnene til at lege kreativt, t\u00e6nke logisk, udvikle fin- og grovmotorik, dele leget\u00f8j med hinanden og [&hellip;]<\/p>\n","protected":false},"featured_media":0,"comment_status":"open","ping_status":"closed","template":"","meta":[],"product_brand":[],"product_cat":[31],"product_tag":[],"class_list":{"0":"post-26421","1":"product","2":"type-product","3":"status-publish","5":"product_cat-uncategorized-da","7":"first","8":"instock","9":"shipping-taxable","10":"purchasable","11":"product-type-simple"},"_links":{"self":[{"href":"https:\/\/nordicmart.andreevmaster.com\/da\/wp-json\/wp\/v2\/product\/26421","targetHints":{"allow":["GET"]}}],"collection":[{"href":"https:\/\/nordicmart.andreevmaster.com\/da\/wp-json\/wp\/v2\/product"}],"about":[{"href":"https:\/\/nordicmart.andreevmaster.com\/da\/wp-json\/wp\/v2\/types\/product"}],"replies":[{"embeddable":true,"href":"https:\/\/nordicmart.andreevmaster.com\/da\/wp-json\/wp\/v2\/comments?post=26421"}],"wp:attachment":[{"href":"https:\/\/nordicmart.andreevmaster.com\/da\/wp-json\/wp\/v2\/media?parent=26421"}],"wp:term":[{"taxonomy":"product_brand","embeddable":true,"href":"https:\/\/nordicmart.andreevmaster.com\/da\/wp-json\/wp\/v2\/product_brand?post=26421"},{"taxonomy":"product_cat","embeddable":true,"href":"https:\/\/nordicmart.andreevmaster.com\/da\/wp-json\/wp\/v2\/product_cat?post=26421"},{"taxonomy":"product_tag","embeddable":true,"href":"https:\/\/nordicmart.andreevmaster.com\/da\/wp-json\/wp\/v2\/product_tag?post=26421"}],"curies":[{"name":"wp","href":"https:\/\/api.w.org\/{rel}","templated":true}]}}