{"id":26419,"date":"2026-02-27T00:32:29","date_gmt":"2026-02-27T00:32:29","guid":{"rendered":"https:\/\/nordicmart.andreevmaster.com\/product\/masterkidz-pegs-and-strings-set-til-stem-science-og-creative-board\/"},"modified":"2026-02-27T09:12:01","modified_gmt":"2026-02-27T09:12:01","slug":"masterkidz-pegs-and-strings-set-til-stem-science-og-creative-board","status":"publish","type":"product","link":"https:\/\/nordicmart.andreevmaster.com\/da\/vare\/masterkidz-pegs-and-strings-set-til-stem-science-og-creative-board\/","title":{"rendered":"MASTERKIDZ Pegs and Strings Set &#8211; Til STEM Science og Creative Board"},"content":{"rendered":"<p>Et s\u00e6t med 200 pinde og 60 farverige snore til kreativt leg. Dette er et fantastisk produkt, der ikke kun giver dit barn mulighed for at dekorere sit br\u00e6t p\u00e5 en smuk m\u00e5de og skabe fantastiske tegninger, men ogs\u00e5 forbedrer dets fingerf\u00e6rdighed. Leg forbedrer b\u00f8rns motoriske f\u00e6rdigheder, logiske t\u00e6nkning og kreativitet.<\/p>\n<p>Placer pindene de rigtige steder og forbind dem derefter med farvede snore. P\u00e5 denne m\u00e5de kan du &#8220;tegne&#8221; bogstaver, tal, geometriske former og alt andet, der falder dig ind.<\/p>\n<p>Pindene med snore kan bruges til at skabe kreative billeder eller til at \u00f8ve matematik og bogstaver. Snore kan bruges til at lave matematiske operationer p\u00e5 tavlen. Dette stimulerer t\u00e6nkningen og er sjovt, s\u00e5 l\u00e6ringen bliver meget lettere end i den traditionelle form.<\/p>\n<p>### Egenskaber:<\/p>\n<p>&#8211; S\u00e6ttet indeholder 200 pinde &#8211; 60 farverige snore i 6 forskellige farver &#8211; Forbedrer h\u00e5ndens fingerf\u00e6rdighed &#8211; L\u00e6rer logisk t\u00e6nkning &#8211; Matematiske operationer kan laves p\u00e5 tavlen &#8211; Takket v\u00e6re sn\u00f8ringen \u00f8ver barnet generelle motoriske f\u00e6rdigheder<\/p>\n","protected":false},"excerpt":{"rendered":"<p>Et s\u00e6t med 200 pinde og 60 farverige snore til kreativt leg. Dette er et fantastisk produkt, der ikke kun giver dit barn mulighed for at dekorere sit br\u00e6t p\u00e5 en smuk m\u00e5de og skabe fantastiske tegninger, men ogs\u00e5 forbedrer dets fingerf\u00e6rdighed. Leg forbedrer b\u00f8rns motoriske f\u00e6rdigheder, logiske t\u00e6nkning og kreativitet. Placer pindene de rigtige [&hellip;]<\/p>\n","protected":false},"featured_media":0,"comment_status":"open","ping_status":"closed","template":"","meta":[],"product_brand":[],"product_cat":[31],"product_tag":[],"class_list":{"0":"post-26419","1":"product","2":"type-product","3":"status-publish","5":"product_cat-uncategorized-da","7":"first","8":"instock","9":"shipping-taxable","10":"purchasable","11":"product-type-simple"},"_links":{"self":[{"href":"https:\/\/nordicmart.andreevmaster.com\/da\/wp-json\/wp\/v2\/product\/26419","targetHints":{"allow":["GET"]}}],"collection":[{"href":"https:\/\/nordicmart.andreevmaster.com\/da\/wp-json\/wp\/v2\/product"}],"about":[{"href":"https:\/\/nordicmart.andreevmaster.com\/da\/wp-json\/wp\/v2\/types\/product"}],"replies":[{"embeddable":true,"href":"https:\/\/nordicmart.andreevmaster.com\/da\/wp-json\/wp\/v2\/comments?post=26419"}],"wp:attachment":[{"href":"https:\/\/nordicmart.andreevmaster.com\/da\/wp-json\/wp\/v2\/media?parent=26419"}],"wp:term":[{"taxonomy":"product_brand","embeddable":true,"href":"https:\/\/nordicmart.andreevmaster.com\/da\/wp-json\/wp\/v2\/product_brand?post=26419"},{"taxonomy":"product_cat","embeddable":true,"href":"https:\/\/nordicmart.andreevmaster.com\/da\/wp-json\/wp\/v2\/product_cat?post=26419"},{"taxonomy":"product_tag","embeddable":true,"href":"https:\/\/nordicmart.andreevmaster.com\/da\/wp-json\/wp\/v2\/product_tag?post=26419"}],"curies":[{"name":"wp","href":"https:\/\/api.w.org\/{rel}","templated":true}]}}