{"id":26418,"date":"2026-02-27T00:32:28","date_gmt":"2026-02-27T00:32:28","guid":{"rendered":"https:\/\/nordicmart.andreevmaster.com\/product\/masterkidz-pinde-til-manipulerende-tavle-512-stk-6-farver\/"},"modified":"2026-02-27T09:12:01","modified_gmt":"2026-02-27T09:12:01","slug":"masterkidz-pinde-til-manipulerende-tavle-512-stk-6-farver","status":"publish","type":"product","link":"https:\/\/nordicmart.andreevmaster.com\/da\/vare\/masterkidz-pinde-til-manipulerende-tavle-512-stk-6-farver\/","title":{"rendered":"MASTERKIDZ Pinde til manipulerende tavle 512 stk. 6 farver"},"content":{"rendered":"<p>Farverige pinde til STEM-manipulationsbr\u00e6ttet fra Masterkidz giver dig mulighed for at skabe uforglemmelige strukturer p\u00e5 dit br\u00e6t. Den eneste begr\u00e6nsning er din fantasi, s\u00e5 lad den l\u00f8be frit og skab noget smukt! Pindene f\u00e5s i 6 farver, s\u00e5 du kan skabe en r\u00e6kke forskellige kompositioner.<\/p>\n<p>Egenskaber:<\/p>\n<p>* &#8211; S\u00e6t med 512 pinde i 6 farver<br \/>\n* &#8211; Kompatibelt med Masterkidz STEM-manipulationsbr\u00e6tter<br \/>\n* &#8211; H\u00f8j kvalitet sikrer holdbarhed og sikkerhed<br \/>\n* &#8211; G\u00f8r det muligt hurtigt og nemt at skabe m\u00f8nstre og billeder<\/p>\n<p>Leget\u00f8jet udvikler:<\/p>\n<p>* &#8211; Fantasi<br \/>\n* &#8211; Kreativitet<br \/>\n* &#8211; Manuelle f\u00e6rdigheder<br \/>\n* &#8211; Logisk t\u00e6nkning<\/p>\n<p>&#8211; Fantasi<\/p>\n<p>&#8211; Kreativitet<\/p>\n<p>&#8211; Manuelle f\u00e6rdigheder<\/p>\n<p>&#8211; Logisk t\u00e6nkning<\/p>\n<p>S\u00e6t kompatibelt med:<\/p>\n<p>* &#8211; STEM-workshops ME29584 ME29591<br \/>\n* &#8211; STEM-v\u00e6gplader ME12838 ME10971 ME11343 ME15358 ME15372 ME15389 ME15365 ME25111 ME25166<br \/>\n* &#8211; STEM-fritst\u00e5ende tavler ME29348 ME09548 ME09531 ME2932<br \/>\n* &#8211; STEM-v\u00e6gge ME30849<br \/>\n* &#8211; F\u00e6rdige s\u00e6t STEM MK0005 MK0006 MK0008 MK0009 MK0010 ME20925 ME25319-1 ME25319-2<\/p>\n<p>&#8211; STEM-workshops ME29584 ME29591<\/p>\n<p>&#8211; STEM-v\u00e6gplader ME12838 ME10971 ME11343 ME15358 ME15372 ME15389 ME15365 ME25111 ME25166<\/p>\n<p>&#8211; Fritst\u00e5ende tavler STEM ME29348 ME09548 ME09531 ME2932<\/p>\n<p>&#8211; STEM-v\u00e6gge ME30849<\/p>\n<p>&#8211; F\u00e6rdige STEM-s\u00e6t MK0005 MK0006 MK0008 MK0009 MK0010 ME20925 ME25319-1 ME25319-2<\/p>\n","protected":false},"excerpt":{"rendered":"<p>Farverige pinde til STEM-manipulationsbr\u00e6ttet fra Masterkidz giver dig mulighed for at skabe uforglemmelige strukturer p\u00e5 dit br\u00e6t. Den eneste begr\u00e6nsning er din fantasi, s\u00e5 lad den l\u00f8be frit og skab noget smukt! Pindene f\u00e5s i 6 farver, s\u00e5 du kan skabe en r\u00e6kke forskellige kompositioner. Egenskaber: * &#8211; S\u00e6t med 512 pinde i 6 farver [&hellip;]<\/p>\n","protected":false},"featured_media":0,"comment_status":"open","ping_status":"closed","template":"","meta":[],"product_brand":[],"product_cat":[31],"product_tag":[],"class_list":{"0":"post-26418","1":"product","2":"type-product","3":"status-publish","5":"product_cat-uncategorized-da","7":"first","8":"instock","9":"shipping-taxable","10":"purchasable","11":"product-type-simple"},"_links":{"self":[{"href":"https:\/\/nordicmart.andreevmaster.com\/da\/wp-json\/wp\/v2\/product\/26418","targetHints":{"allow":["GET"]}}],"collection":[{"href":"https:\/\/nordicmart.andreevmaster.com\/da\/wp-json\/wp\/v2\/product"}],"about":[{"href":"https:\/\/nordicmart.andreevmaster.com\/da\/wp-json\/wp\/v2\/types\/product"}],"replies":[{"embeddable":true,"href":"https:\/\/nordicmart.andreevmaster.com\/da\/wp-json\/wp\/v2\/comments?post=26418"}],"wp:attachment":[{"href":"https:\/\/nordicmart.andreevmaster.com\/da\/wp-json\/wp\/v2\/media?parent=26418"}],"wp:term":[{"taxonomy":"product_brand","embeddable":true,"href":"https:\/\/nordicmart.andreevmaster.com\/da\/wp-json\/wp\/v2\/product_brand?post=26418"},{"taxonomy":"product_cat","embeddable":true,"href":"https:\/\/nordicmart.andreevmaster.com\/da\/wp-json\/wp\/v2\/product_cat?post=26418"},{"taxonomy":"product_tag","embeddable":true,"href":"https:\/\/nordicmart.andreevmaster.com\/da\/wp-json\/wp\/v2\/product_tag?post=26418"}],"curies":[{"name":"wp","href":"https:\/\/api.w.org\/{rel}","templated":true}]}}