{"id":26416,"date":"2026-02-27T00:32:28","date_gmt":"2026-02-27T00:32:28","guid":{"rendered":"https:\/\/nordicmart.andreevmaster.com\/product\/masterkidz-montessori-respiratory-system-educational-board-2\/"},"modified":"2026-02-27T09:12:00","modified_gmt":"2026-02-27T09:12:00","slug":"masterkidz-montessori-respiratory-system-educational-board-2","status":"publish","type":"product","link":"https:\/\/nordicmart.andreevmaster.com\/da\/vare\/masterkidz-montessori-respiratory-system-educational-board-2\/","title":{"rendered":"MASTERKIDZ Montessori Respiratory System Educational Board"},"content":{"rendered":"<p>Respiratory System educational board fra Masterkidz viser p\u00e5 en tilg\u00e6ngelig og attraktiv m\u00e5de, hvordan \u00e5ndedr\u00e6tsprocessen fungerer i menneskekroppen. Takket v\u00e6re realistiske illustrationer og lyseffekter kan b\u00f8rn f\u00f8lge luftens vej fra n\u00e6sen til lungerne og l\u00e6re, hvordan vi tr\u00e6kker vejret, hvad der sker under ind\u00e5nding og ud\u00e5nding, og hvilke organer der er involveret i denne proces. Det er et fremragende valg for sm\u00e5 opdagelsesrejsende, der \u00f8nsker at l\u00e6re om menneskekroppens hemmeligheder gennem leg og oplevelser.\u2757\ufe0f Kr\u00e6ver 4xAA-batterier (medf\u00f8lger ikke) \u2757\ufe0f<\/p>\n<p>Funktioner:<\/p>\n<p>* \u2714\ufe0f Interaktivt undervisningsbr\u00e6t med lyseffekter, der viser det menneskelige \u00e5ndedr\u00e6tssystem.<br \/>\n* \u2714\ufe0f Tydelige diagrammer, der viser \u00e5ndedr\u00e6tsprocessen<br \/>\n* \u2714\ufe0f N\u00e5r der trykkes p\u00e5 knappen &#8220;Ind\u00e5nd&#8221;, lyser vinduerne op, og lyset begynder at str\u00f8mme, hvilket demonstrerer ind\u00e5ndingsprocessen \u2013 mellemgulvet bev\u00e6ger sig nedad, lungerne udvider sig, og luft str\u00f8mmer ind i lungerne<br \/>\n* \u2714\ufe0f N\u00e5r der trykkes p\u00e5 knappen &#8220;Ud\u00e5nd&#8221;, bev\u00e6ger mellemgulvet sig opad, lungerne krymper, og luft begynder at str\u00f8mme ud af menneskekroppen<br \/>\n* \u2714\ufe0f Knappen &#8220;Breathe&#8221; bruges til at demonstrere hele vejrtr\u00e6kningsprocessen<br \/>\n* \u2714\ufe0f Alle etiketter er p\u00e5 engelsk, s\u00e5 b\u00f8rnene samtidig kan l\u00e6re et fremmedsprog<\/p>\n<p>Leget\u00f8jet udvikler:<\/p>\n<p>* \u2b50 Motoriske f\u00e6rdigheder<br \/>\n* \u2b50 Sensoriske f\u00e6rdigheder<br \/>\n* \u2b50 Fantasi<br \/>\n* \u2b50 Koncentration<br \/>\n* \u2b50 Nysgerrighed<\/p>\n<p>Br\u00e6t kompatibelt med:<\/p>\n<p>* \u2705 FLEX ME09692 ME09777 ME08541 monteringsrammer<br \/>\n* \u2705 FLEX monteringsbr\u00e6dder ME06479 ME06486<\/p>\n","protected":false},"excerpt":{"rendered":"<p>Respiratory System educational board fra Masterkidz viser p\u00e5 en tilg\u00e6ngelig og attraktiv m\u00e5de, hvordan \u00e5ndedr\u00e6tsprocessen fungerer i menneskekroppen. Takket v\u00e6re realistiske illustrationer og lyseffekter kan b\u00f8rn f\u00f8lge luftens vej fra n\u00e6sen til lungerne og l\u00e6re, hvordan vi tr\u00e6kker vejret, hvad der sker under ind\u00e5nding og ud\u00e5nding, og hvilke organer der er involveret i denne proces. [&hellip;]<\/p>\n","protected":false},"featured_media":0,"comment_status":"open","ping_status":"closed","template":"","meta":[],"product_brand":[],"product_cat":[31],"product_tag":[],"class_list":{"0":"post-26416","1":"product","2":"type-product","3":"status-publish","5":"product_cat-uncategorized-da","7":"first","8":"instock","9":"shipping-taxable","10":"purchasable","11":"product-type-simple"},"_links":{"self":[{"href":"https:\/\/nordicmart.andreevmaster.com\/da\/wp-json\/wp\/v2\/product\/26416","targetHints":{"allow":["GET"]}}],"collection":[{"href":"https:\/\/nordicmart.andreevmaster.com\/da\/wp-json\/wp\/v2\/product"}],"about":[{"href":"https:\/\/nordicmart.andreevmaster.com\/da\/wp-json\/wp\/v2\/types\/product"}],"replies":[{"embeddable":true,"href":"https:\/\/nordicmart.andreevmaster.com\/da\/wp-json\/wp\/v2\/comments?post=26416"}],"wp:attachment":[{"href":"https:\/\/nordicmart.andreevmaster.com\/da\/wp-json\/wp\/v2\/media?parent=26416"}],"wp:term":[{"taxonomy":"product_brand","embeddable":true,"href":"https:\/\/nordicmart.andreevmaster.com\/da\/wp-json\/wp\/v2\/product_brand?post=26416"},{"taxonomy":"product_cat","embeddable":true,"href":"https:\/\/nordicmart.andreevmaster.com\/da\/wp-json\/wp\/v2\/product_cat?post=26416"},{"taxonomy":"product_tag","embeddable":true,"href":"https:\/\/nordicmart.andreevmaster.com\/da\/wp-json\/wp\/v2\/product_tag?post=26416"}],"curies":[{"name":"wp","href":"https:\/\/api.w.org\/{rel}","templated":true}]}}