{"id":26415,"date":"2026-02-27T00:32:28","date_gmt":"2026-02-27T00:32:28","guid":{"rendered":"https:\/\/nordicmart.andreevmaster.com\/product\/masterkidz-montessori-moon-phases-educational-board-2\/"},"modified":"2026-02-27T09:12:00","modified_gmt":"2026-02-27T09:12:00","slug":"masterkidz-montessori-moon-phases-educational-board-2","status":"publish","type":"product","link":"https:\/\/nordicmart.andreevmaster.com\/da\/vare\/masterkidz-montessori-moon-phases-educational-board-2\/","title":{"rendered":"MASTERKIDZ Montessori Moon Phases Educational Board"},"content":{"rendered":"<p>Med Masterkidz&#8217; p\u00e6dagogiske tavler kan b\u00f8rn udvikle mange f\u00e6rdigheder p\u00e5 samme tid. Hver tavle l\u00e6rer b\u00f8rnene gennem forskellige interessante emner, hvordan man fungerer i samfundet, og giver dem mulighed for at l\u00e6re om verden omkring os. Vi kan have flere tavler og nemt skifte mellem dem, og specielle rammer holder tavlen perfekt fast p\u00e5 v\u00e6ggen. <\/p>\n<p>Funktioner: <\/p>\n<p>* &#8211; Du kan have flere tavler og nemt skifte mellem dem, og de specielle rammer holder tavlen perfekt fast p\u00e5 v\u00e6ggen.* &#8211; Tavlen kan ogs\u00e5 bruges uden rammer, f.eks. p\u00e5 et bord eller gulvet.<br \/>\n* &#8211; Vi kan se m\u00e5nen fra Jorden, fordi den reflekterer solens lys tilbage til Jorden.<br \/>\n* &#8211; M\u00e5nen vil se forskellig ud fra solens hver nat, n\u00e5r den kredser om Jorden &#8211; af denne grund vil forskellige former af m\u00e5nen blive reflekteret p\u00e5 Jorden &#8211; dette er m\u00e5nens faser.* &#8211; Der er otte faser &#8211; nym\u00e5ne, halvm\u00e5ne, f\u00f8rste kvartal, fuldm\u00e5ne, aftagende m\u00e5ne, sidste kvartal og aftagende halvm\u00e5ne<br \/>\n* &#8211; n\u00e5r barnet trykker p\u00e5 en af de 8 faser, der vises p\u00e5 panelet, lyser den fase, der er synlig i den tilsvarende position, op p\u00e5 tavlen<br \/>\n* &#8211; Der kr\u00e6ves batterier til drift<\/p>\n<p>Leget\u00f8jet udvikler:<\/p>\n<p>* &#8211; motoriske f\u00e6rdigheder<br \/>\n* &#8211; sensoriske f\u00e6rdigheder<br \/>\n* &#8211; h\u00e5nd-\u00f8je-koordination<br \/>\n* &#8211; fantasi<br \/>\n* &#8211; koncentration<br \/>\n* &#8211; nysgerrighed<\/p>\n","protected":false},"excerpt":{"rendered":"<p>Med Masterkidz&#8217; p\u00e6dagogiske tavler kan b\u00f8rn udvikle mange f\u00e6rdigheder p\u00e5 samme tid. Hver tavle l\u00e6rer b\u00f8rnene gennem forskellige interessante emner, hvordan man fungerer i samfundet, og giver dem mulighed for at l\u00e6re om verden omkring os. Vi kan have flere tavler og nemt skifte mellem dem, og specielle rammer holder tavlen perfekt fast p\u00e5 v\u00e6ggen. [&hellip;]<\/p>\n","protected":false},"featured_media":0,"comment_status":"open","ping_status":"closed","template":"","meta":[],"product_brand":[],"product_cat":[31],"product_tag":[],"class_list":{"0":"post-26415","1":"product","2":"type-product","3":"status-publish","5":"product_cat-uncategorized-da","7":"first","8":"instock","9":"shipping-taxable","10":"purchasable","11":"product-type-simple"},"_links":{"self":[{"href":"https:\/\/nordicmart.andreevmaster.com\/da\/wp-json\/wp\/v2\/product\/26415","targetHints":{"allow":["GET"]}}],"collection":[{"href":"https:\/\/nordicmart.andreevmaster.com\/da\/wp-json\/wp\/v2\/product"}],"about":[{"href":"https:\/\/nordicmart.andreevmaster.com\/da\/wp-json\/wp\/v2\/types\/product"}],"replies":[{"embeddable":true,"href":"https:\/\/nordicmart.andreevmaster.com\/da\/wp-json\/wp\/v2\/comments?post=26415"}],"wp:attachment":[{"href":"https:\/\/nordicmart.andreevmaster.com\/da\/wp-json\/wp\/v2\/media?parent=26415"}],"wp:term":[{"taxonomy":"product_brand","embeddable":true,"href":"https:\/\/nordicmart.andreevmaster.com\/da\/wp-json\/wp\/v2\/product_brand?post=26415"},{"taxonomy":"product_cat","embeddable":true,"href":"https:\/\/nordicmart.andreevmaster.com\/da\/wp-json\/wp\/v2\/product_cat?post=26415"},{"taxonomy":"product_tag","embeddable":true,"href":"https:\/\/nordicmart.andreevmaster.com\/da\/wp-json\/wp\/v2\/product_tag?post=26415"}],"curies":[{"name":"wp","href":"https:\/\/api.w.org\/{rel}","templated":true}]}}