{"id":26412,"date":"2026-02-27T00:32:27","date_gmt":"2026-02-27T00:32:27","guid":{"rendered":"https:\/\/nordicmart.andreevmaster.com\/product\/masterkidz-akrylfarvede-diamanter-til-stem-science-board-72-stykker\/"},"modified":"2026-02-27T09:12:00","modified_gmt":"2026-02-27T09:12:00","slug":"masterkidz-akrylfarvede-diamanter-til-stem-science-board-72-stykker","status":"publish","type":"product","link":"https:\/\/nordicmart.andreevmaster.com\/da\/vare\/masterkidz-akrylfarvede-diamanter-til-stem-science-board-72-stykker\/","title":{"rendered":"MASTERKIDZ Akrylfarvede diamanter til STEM Science Board 72 stykker"},"content":{"rendered":"<p>Et s\u00e6t med 72 diamantblokke til dekoration af Masterkidz science- og kreative tavler. Blokkene f\u00e5s i 6 forskellige farver, 12 stykker af hver type. De placeres i specielle plader med stifter, som g\u00f8r det meget nemt og hurtigt at samle eller adskille dem fra tavlen.Takket v\u00e6re dem kan b\u00f8rn diversificere strukturer skabt af andre elementer eller lave kunstv\u00e6rker udelukkende af dem. De vil v\u00e6re farverige og krystalagtige, simpelthen smukke. I todimensionelle billeder skabt p\u00e5 Masterkidz kreative tavler kan diamantblokke f.eks. bruges som \u00f8jne, sten i ringe eller andre interessante elementer.<\/p>\n<p>Egenskaber:<\/p>\n<p>&#8211; s\u00e6ttet indeholder 72 diamantblokke<\/p>\n<p>&#8211; lavet af tr\u00e6<\/p>\n<p>&#8211; blokke f\u00e5s i 6 farver<\/p>\n<p>&#8211; leg l\u00e6rer b\u00f8rn kreativitet<\/p>\n<p>&#8211; diamanter har mange anvendelsesmuligheder<\/p>\n","protected":false},"excerpt":{"rendered":"<p>Et s\u00e6t med 72 diamantblokke til dekoration af Masterkidz science- og kreative tavler. Blokkene f\u00e5s i 6 forskellige farver, 12 stykker af hver type. De placeres i specielle plader med stifter, som g\u00f8r det meget nemt og hurtigt at samle eller adskille dem fra tavlen.Takket v\u00e6re dem kan b\u00f8rn diversificere strukturer skabt af andre elementer [&hellip;]<\/p>\n","protected":false},"featured_media":0,"comment_status":"open","ping_status":"closed","template":"","meta":[],"product_brand":[],"product_cat":[31],"product_tag":[],"class_list":{"0":"post-26412","1":"product","2":"type-product","3":"status-publish","5":"product_cat-uncategorized-da","7":"first","8":"instock","9":"shipping-taxable","10":"purchasable","11":"product-type-simple"},"_links":{"self":[{"href":"https:\/\/nordicmart.andreevmaster.com\/da\/wp-json\/wp\/v2\/product\/26412","targetHints":{"allow":["GET"]}}],"collection":[{"href":"https:\/\/nordicmart.andreevmaster.com\/da\/wp-json\/wp\/v2\/product"}],"about":[{"href":"https:\/\/nordicmart.andreevmaster.com\/da\/wp-json\/wp\/v2\/types\/product"}],"replies":[{"embeddable":true,"href":"https:\/\/nordicmart.andreevmaster.com\/da\/wp-json\/wp\/v2\/comments?post=26412"}],"wp:attachment":[{"href":"https:\/\/nordicmart.andreevmaster.com\/da\/wp-json\/wp\/v2\/media?parent=26412"}],"wp:term":[{"taxonomy":"product_brand","embeddable":true,"href":"https:\/\/nordicmart.andreevmaster.com\/da\/wp-json\/wp\/v2\/product_brand?post=26412"},{"taxonomy":"product_cat","embeddable":true,"href":"https:\/\/nordicmart.andreevmaster.com\/da\/wp-json\/wp\/v2\/product_cat?post=26412"},{"taxonomy":"product_tag","embeddable":true,"href":"https:\/\/nordicmart.andreevmaster.com\/da\/wp-json\/wp\/v2\/product_tag?post=26412"}],"curies":[{"name":"wp","href":"https:\/\/api.w.org\/{rel}","templated":true}]}}