{"id":26410,"date":"2026-02-27T00:32:26","date_gmt":"2026-02-27T00:32:26","guid":{"rendered":"https:\/\/nordicmart.andreevmaster.com\/product\/masterkidz-magnetisk-tavle-til-at-laere-at-taelle\/"},"modified":"2026-02-27T09:11:59","modified_gmt":"2026-02-27T09:11:59","slug":"masterkidz-magnetisk-tavle-til-at-laere-at-taelle","status":"publish","type":"product","link":"https:\/\/nordicmart.andreevmaster.com\/da\/vare\/masterkidz-magnetisk-tavle-til-at-laere-at-taelle\/","title":{"rendered":"MASTERKIDZ Magnetisk tavle til at l\u00e6re at t\u00e6lle"},"content":{"rendered":"<p>Et p\u00e6dagogisk sensorisk leget\u00f8j til b\u00f8rn. En tr\u00e6plade fra Masterkidz med en labyrint til farverige cirkler. Ved hj\u00e6lp af en magnetisk pind skal barnet placere de farverige cirkler i de rigtige tal.<\/p>\n<p>Egenskaber:<\/p>\n<p>* &#8211; en magnetisk labyrint, der matcher b\u00e5de tal og farver, styrker evnen til at l\u00e6re tal og m\u00e6ngder samt farvegenkendelse<br \/>\n* &#8211; br\u00e6ttet er udstyret med 6 forskellige indsatser, hvor b\u00f8rnene skal placere de cirkler, der matcher farverne<br \/>\n* &#8211; det avancerede niveau kr\u00e6ver h\u00f8jere logiske t\u00e6nkeevner, da b\u00f8rnene ikke f\u00e5r direkte instruktioner om, hvordan de skal l\u00f8se opgaven.<\/p>\n<p>Leget\u00f8jet udvikler:<\/p>\n<p>* &#8211; motoriske f\u00e6rdigheder<br \/>\n* &#8211; sensoriske f\u00e6rdigheder<br \/>\n* &#8211; h\u00e5nd-\u00f8je-koordination<br \/>\n* &#8211; fantasi<br \/>\n* &#8211; koncentration<br \/>\n* &#8211; nysgerrighed<\/p>\n","protected":false},"excerpt":{"rendered":"<p>Et p\u00e6dagogisk sensorisk leget\u00f8j til b\u00f8rn. En tr\u00e6plade fra Masterkidz med en labyrint til farverige cirkler. Ved hj\u00e6lp af en magnetisk pind skal barnet placere de farverige cirkler i de rigtige tal. Egenskaber: * &#8211; en magnetisk labyrint, der matcher b\u00e5de tal og farver, styrker evnen til at l\u00e6re tal og m\u00e6ngder samt farvegenkendelse * [&hellip;]<\/p>\n","protected":false},"featured_media":0,"comment_status":"open","ping_status":"closed","template":"","meta":[],"product_brand":[],"product_cat":[31],"product_tag":[],"class_list":{"0":"post-26410","1":"product","2":"type-product","3":"status-publish","5":"product_cat-uncategorized-da","7":"first","8":"instock","9":"shipping-taxable","10":"purchasable","11":"product-type-simple"},"_links":{"self":[{"href":"https:\/\/nordicmart.andreevmaster.com\/da\/wp-json\/wp\/v2\/product\/26410","targetHints":{"allow":["GET"]}}],"collection":[{"href":"https:\/\/nordicmart.andreevmaster.com\/da\/wp-json\/wp\/v2\/product"}],"about":[{"href":"https:\/\/nordicmart.andreevmaster.com\/da\/wp-json\/wp\/v2\/types\/product"}],"replies":[{"embeddable":true,"href":"https:\/\/nordicmart.andreevmaster.com\/da\/wp-json\/wp\/v2\/comments?post=26410"}],"wp:attachment":[{"href":"https:\/\/nordicmart.andreevmaster.com\/da\/wp-json\/wp\/v2\/media?parent=26410"}],"wp:term":[{"taxonomy":"product_brand","embeddable":true,"href":"https:\/\/nordicmart.andreevmaster.com\/da\/wp-json\/wp\/v2\/product_brand?post=26410"},{"taxonomy":"product_cat","embeddable":true,"href":"https:\/\/nordicmart.andreevmaster.com\/da\/wp-json\/wp\/v2\/product_cat?post=26410"},{"taxonomy":"product_tag","embeddable":true,"href":"https:\/\/nordicmart.andreevmaster.com\/da\/wp-json\/wp\/v2\/product_tag?post=26410"}],"curies":[{"name":"wp","href":"https:\/\/api.w.org\/{rel}","templated":true}]}}