{"id":26409,"date":"2026-02-27T00:32:26","date_gmt":"2026-02-27T00:32:26","guid":{"rendered":"https:\/\/nordicmart.andreevmaster.com\/product\/masterkidz-gears-build-your-own-mechanism-stem-science-and-creative-board-2\/"},"modified":"2026-02-27T09:11:59","modified_gmt":"2026-02-27T09:11:59","slug":"masterkidz-gears-build-your-own-mechanism-stem-science-and-creative-board-2","status":"publish","type":"product","link":"https:\/\/nordicmart.andreevmaster.com\/da\/vare\/masterkidz-gears-build-your-own-mechanism-stem-science-and-creative-board-2\/","title":{"rendered":"MASTERKIDZ Gears Build Your Own Mechanism &#8211; STEM Science and Creative Board"},"content":{"rendered":"<p>Masterkidz&#8217; farverige tandhjul og gear giver b\u00f8rn nem adgang til \u00e6gte, fungerende tekniske komponenter. Hvert gear har et centralt leje, der forts\u00e6tter med at rotere j\u00e6vnt, n\u00e5r det er monteret. De afrundede ender p\u00e5 t\u00e6nderne g\u00f8r det nemt at forbinde hjulene i en lige linje eller endda i en vinkel p\u00e5 90 grader i forhold til hinanden. De forskellige hjulst\u00f8rrelser giver b\u00f8rnene mulighed for at forst\u00e5 principperne for gearforhold, og tandk\u00e6den muligg\u00f8r overf\u00f8rsel af rotationskraft. S\u00e6ttet er kompatibelt med STEM-br\u00e6dder. <\/p>\n<p>Funktioner: <\/p>\n<p>* &#8211; Afrundede tandender g\u00f8r det nemt at forbinde hjulene i en linje eller i en vinkel p\u00e5 90\u00b0<br \/>\n* &#8211; Hjul i forskellige st\u00f8rrelser hj\u00e6lper med at forst\u00e5 gearforhold<br \/>\n* &#8211; Designet til montering p\u00e5 Masterkidz STEM Science and Creative Boards<br \/>\n* &#8211; Specielle Masterkidz-skruer eller -stifter bruges til at fastg\u00f8re elementerne (medf\u00f8lger ikke i s\u00e6ttet)<br \/>\n* &#8211; Gear og mekanismer fascinerer b\u00f8rn \u2013 de roterer, griber ind i hinanden og fungerer som en organisme, hvilket giver stor tilfredshed og sjov<br \/>\n* &#8211; H\u00f8j kvalitet sikrer holdbarhed og sikkerhed under leg<\/p>\n<p>S\u00e6ttet indeholder:<\/p>\n<p>* &#8211; 2 gear med en krumtap<br \/>\n* &#8211; 12 store gear med 12 t\u00e6nder<br \/>\n* &#8211; 24 farvede gear med 6 t\u00e6nder<br \/>\n* &#8211; K\u00e6de med justerbar l\u00e6ngde<\/p>\n<p>Leget\u00f8jet udvikler:<\/p>\n<p>* &#8211; Motoriske f\u00e6rdigheder<br \/>\n* &#8211; Kreativitet<br \/>\n* &#8211; Manuelle f\u00e6rdigheder<br \/>\n* &#8211; Logisk t\u00e6nkning<\/p>\n<p>&#8211; Motoriske f\u00e6rdigheder<\/p>\n<p>&#8211; Kreativitet<\/p>\n<p>&#8211; Manuelle f\u00e6rdigheder<\/p>\n<p>&#8211; Logisk t\u00e6nkning<\/p>\n<p>S\u00e6ttet er kompatibelt med:<\/p>\n<p>* &#8211; STEM-v\u00e6rksteder ME29584 ME29591<br \/>\n* &#8211; STEM-v\u00e6gplader ME12838 ME10971 ME11343 ME15358 ME15372 ME15389 ME15365 ME25111 ME25166<br \/>\n* &#8211; STEM-fritst\u00e5ende tavler ME29348 ME09548 ME09531 ME2932<br \/>\n* &#8211; STEM-v\u00e6gge ME30849<br \/>\n* &#8211; F\u00e6rdige s\u00e6t STEM MK0005 MK0006 MK0008 MK0009 MK0010 ME20925 ME25319-1 ME25319-2<\/p>\n","protected":false},"excerpt":{"rendered":"<p>Masterkidz&#8217; farverige tandhjul og gear giver b\u00f8rn nem adgang til \u00e6gte, fungerende tekniske komponenter. Hvert gear har et centralt leje, der forts\u00e6tter med at rotere j\u00e6vnt, n\u00e5r det er monteret. De afrundede ender p\u00e5 t\u00e6nderne g\u00f8r det nemt at forbinde hjulene i en lige linje eller endda i en vinkel p\u00e5 90 grader i forhold [&hellip;]<\/p>\n","protected":false},"featured_media":0,"comment_status":"open","ping_status":"closed","template":"","meta":[],"product_brand":[],"product_cat":[31],"product_tag":[],"class_list":{"0":"post-26409","1":"product","2":"type-product","3":"status-publish","5":"product_cat-uncategorized-da","7":"first","8":"instock","9":"shipping-taxable","10":"purchasable","11":"product-type-simple"},"_links":{"self":[{"href":"https:\/\/nordicmart.andreevmaster.com\/da\/wp-json\/wp\/v2\/product\/26409","targetHints":{"allow":["GET"]}}],"collection":[{"href":"https:\/\/nordicmart.andreevmaster.com\/da\/wp-json\/wp\/v2\/product"}],"about":[{"href":"https:\/\/nordicmart.andreevmaster.com\/da\/wp-json\/wp\/v2\/types\/product"}],"replies":[{"embeddable":true,"href":"https:\/\/nordicmart.andreevmaster.com\/da\/wp-json\/wp\/v2\/comments?post=26409"}],"wp:attachment":[{"href":"https:\/\/nordicmart.andreevmaster.com\/da\/wp-json\/wp\/v2\/media?parent=26409"}],"wp:term":[{"taxonomy":"product_brand","embeddable":true,"href":"https:\/\/nordicmart.andreevmaster.com\/da\/wp-json\/wp\/v2\/product_brand?post=26409"},{"taxonomy":"product_cat","embeddable":true,"href":"https:\/\/nordicmart.andreevmaster.com\/da\/wp-json\/wp\/v2\/product_cat?post=26409"},{"taxonomy":"product_tag","embeddable":true,"href":"https:\/\/nordicmart.andreevmaster.com\/da\/wp-json\/wp\/v2\/product_tag?post=26409"}],"curies":[{"name":"wp","href":"https:\/\/api.w.org\/{rel}","templated":true}]}}