{"id":26408,"date":"2026-02-27T00:32:26","date_gmt":"2026-02-27T00:32:26","guid":{"rendered":"https:\/\/nordicmart.andreevmaster.com\/product\/masterkidz-stem-flex-monteringssystem-til-undervisningsplader\/"},"modified":"2026-02-27T09:11:59","modified_gmt":"2026-02-27T09:11:59","slug":"masterkidz-stem-flex-monteringssystem-til-undervisningsplader","status":"publish","type":"product","link":"https:\/\/nordicmart.andreevmaster.com\/da\/vare\/masterkidz-stem-flex-monteringssystem-til-undervisningsplader\/","title":{"rendered":"MASTERKIDZ STEM &#8211; Flex monteringssystem til undervisningsplader"},"content":{"rendered":"<p>Masterkidz Flex-monteringssystemet er en praktisk l\u00f8sning, der giver dig mulighed for hurtigt og bekvemt at udskifte Masterkidz-v\u00e6gplader uden at skulle bore i v\u00e6ggen hver gang. Takket v\u00e6re to rammer, hvoraf den ene er udstyret med en l\u00e5seskrue, er montering og fjernelse af pladen ekstremt enkel og sikker. Montering af rammerne p\u00e5 pladerne er meget enkel \u2013 det g\u00f8res ved hj\u00e6lp af specielle Masterkidz-skruer, som et barn ikke kan fjerne med sine egne v\u00e6rkt\u00f8jer.<br \/>\nFunktioner:<br \/>\n* &#8211; Systemet best\u00e5r af to tr\u00e6rammer til montering af en enkelt Masterkidz-tavle<br \/>\n* &#8211; Hurtig og nem udskiftning af tavlen takket v\u00e6re en speciel l\u00e5seskrue<br \/>\n* &#8211; Installation uden behov for at bore i v\u00e6ggen hver gang tavlen skiftes<br \/>\n* &#8211; Mulighed for at montere flere tavler p\u00e5 samme tid (kr\u00e6ver k\u00f8b af ekstra Flex-s\u00e6t)<br \/>\n* &#8211; Fremstillet af tr\u00e6 \u2013 ved at v\u00e6lge Masterkidz passer du p\u00e5 milj\u00f8et og reducerer plastforbruget<\/p>\n","protected":false},"excerpt":{"rendered":"<p>Masterkidz Flex-monteringssystemet er en praktisk l\u00f8sning, der giver dig mulighed for hurtigt og bekvemt at udskifte Masterkidz-v\u00e6gplader uden at skulle bore i v\u00e6ggen hver gang. Takket v\u00e6re to rammer, hvoraf den ene er udstyret med en l\u00e5seskrue, er montering og fjernelse af pladen ekstremt enkel og sikker. Montering af rammerne p\u00e5 pladerne er meget enkel [&hellip;]<\/p>\n","protected":false},"featured_media":0,"comment_status":"open","ping_status":"closed","template":"","meta":[],"product_brand":[],"product_cat":[31],"product_tag":[],"class_list":{"0":"post-26408","1":"product","2":"type-product","3":"status-publish","5":"product_cat-uncategorized-da","7":"first","8":"instock","9":"shipping-taxable","10":"purchasable","11":"product-type-simple"},"_links":{"self":[{"href":"https:\/\/nordicmart.andreevmaster.com\/da\/wp-json\/wp\/v2\/product\/26408","targetHints":{"allow":["GET"]}}],"collection":[{"href":"https:\/\/nordicmart.andreevmaster.com\/da\/wp-json\/wp\/v2\/product"}],"about":[{"href":"https:\/\/nordicmart.andreevmaster.com\/da\/wp-json\/wp\/v2\/types\/product"}],"replies":[{"embeddable":true,"href":"https:\/\/nordicmart.andreevmaster.com\/da\/wp-json\/wp\/v2\/comments?post=26408"}],"wp:attachment":[{"href":"https:\/\/nordicmart.andreevmaster.com\/da\/wp-json\/wp\/v2\/media?parent=26408"}],"wp:term":[{"taxonomy":"product_brand","embeddable":true,"href":"https:\/\/nordicmart.andreevmaster.com\/da\/wp-json\/wp\/v2\/product_brand?post=26408"},{"taxonomy":"product_cat","embeddable":true,"href":"https:\/\/nordicmart.andreevmaster.com\/da\/wp-json\/wp\/v2\/product_cat?post=26408"},{"taxonomy":"product_tag","embeddable":true,"href":"https:\/\/nordicmart.andreevmaster.com\/da\/wp-json\/wp\/v2\/product_tag?post=26408"}],"curies":[{"name":"wp","href":"https:\/\/api.w.org\/{rel}","templated":true}]}}