{"id":26407,"date":"2026-02-27T00:32:26","date_gmt":"2026-02-27T00:32:26","guid":{"rendered":"https:\/\/nordicmart.andreevmaster.com\/product\/masterkidz-traekasse-til-genstande-40-cm-stem-paedagogisk-og-kreativt-tavle\/"},"modified":"2026-02-27T09:11:59","modified_gmt":"2026-02-27T09:11:59","slug":"masterkidz-traekasse-til-genstande-40-cm-stem-paedagogisk-og-kreativt-tavle","status":"publish","type":"product","link":"https:\/\/nordicmart.andreevmaster.com\/da\/vare\/masterkidz-traekasse-til-genstande-40-cm-stem-paedagogisk-og-kreativt-tavle\/","title":{"rendered":"MASTERKIDZ Tr\u00e6kasse til genstande 40 cm &#8211; STEM P\u00e6dagogisk og kreativt tavle"},"content":{"rendered":"<p>Den 20 cm brede Masterkidz opbevaringskasse i tr\u00e6 er et praktisk tilbeh\u00f8r til STEM Science and Creative Board, hvor du nemt kan opbevare forskellige sm\u00e5ting som b\u00f8ger, fjernbetjeninger og leget\u00f8j. Den monteres direkte p\u00e5 tavlen og fungerer godt derhjemme, i b\u00f8rnehaven eller i legerummet, hvor den hj\u00e6lper med at holde orden og have de mest n\u00f8dvendige ting lige ved h\u00e5nden.<\/p>\n<p>Funktioner:<\/p>\n<p>* &#8211; Designet til montering p\u00e5 Masterkidz STEM Manipulative Board<br \/>\n* &#8211; Udstyret med en gennemsigtig plade, der forhindrer indholdet i at falde ud<br \/>\n* &#8211; Ideel til b\u00f8ger, fjernbetjeninger, mindre leget\u00f8j og dekorationer<br \/>\n* &#8211; Meget nem at samle ved hj\u00e6lp af standard Masterkidz-skruer \u2013 b\u00f8rn kan ikke skrue kassen af med v\u00e6rkt\u00f8jet fra s\u00e6ttet<br \/>\n* &#8211; Lavet af holdbart tr\u00e6<\/p>\n","protected":false},"excerpt":{"rendered":"<p>Den 20 cm brede Masterkidz opbevaringskasse i tr\u00e6 er et praktisk tilbeh\u00f8r til STEM Science and Creative Board, hvor du nemt kan opbevare forskellige sm\u00e5ting som b\u00f8ger, fjernbetjeninger og leget\u00f8j. Den monteres direkte p\u00e5 tavlen og fungerer godt derhjemme, i b\u00f8rnehaven eller i legerummet, hvor den hj\u00e6lper med at holde orden og have de mest [&hellip;]<\/p>\n","protected":false},"featured_media":0,"comment_status":"open","ping_status":"closed","template":"","meta":[],"product_brand":[],"product_cat":[31],"product_tag":[],"class_list":{"0":"post-26407","1":"product","2":"type-product","3":"status-publish","5":"product_cat-uncategorized-da","7":"first","8":"instock","9":"shipping-taxable","10":"purchasable","11":"product-type-simple"},"_links":{"self":[{"href":"https:\/\/nordicmart.andreevmaster.com\/da\/wp-json\/wp\/v2\/product\/26407","targetHints":{"allow":["GET"]}}],"collection":[{"href":"https:\/\/nordicmart.andreevmaster.com\/da\/wp-json\/wp\/v2\/product"}],"about":[{"href":"https:\/\/nordicmart.andreevmaster.com\/da\/wp-json\/wp\/v2\/types\/product"}],"replies":[{"embeddable":true,"href":"https:\/\/nordicmart.andreevmaster.com\/da\/wp-json\/wp\/v2\/comments?post=26407"}],"wp:attachment":[{"href":"https:\/\/nordicmart.andreevmaster.com\/da\/wp-json\/wp\/v2\/media?parent=26407"}],"wp:term":[{"taxonomy":"product_brand","embeddable":true,"href":"https:\/\/nordicmart.andreevmaster.com\/da\/wp-json\/wp\/v2\/product_brand?post=26407"},{"taxonomy":"product_cat","embeddable":true,"href":"https:\/\/nordicmart.andreevmaster.com\/da\/wp-json\/wp\/v2\/product_cat?post=26407"},{"taxonomy":"product_tag","embeddable":true,"href":"https:\/\/nordicmart.andreevmaster.com\/da\/wp-json\/wp\/v2\/product_tag?post=26407"}],"curies":[{"name":"wp","href":"https:\/\/api.w.org\/{rel}","templated":true}]}}