{"id":26406,"date":"2026-02-27T00:32:25","date_gmt":"2026-02-27T00:32:25","guid":{"rendered":"https:\/\/nordicmart.andreevmaster.com\/product\/masterkidz-vandpumpe-til-hydrauliksaet-stem-wall-science-and-creative-board\/"},"modified":"2026-02-27T09:11:58","modified_gmt":"2026-02-27T09:11:58","slug":"masterkidz-vandpumpe-til-hydrauliksaet-stem-wall-science-and-creative-board","status":"publish","type":"product","link":"https:\/\/nordicmart.andreevmaster.com\/da\/vare\/masterkidz-vandpumpe-til-hydrauliksaet-stem-wall-science-and-creative-board\/","title":{"rendered":"MASTERKIDZ Vandpumpe til hydrauliks\u00e6t &#8211; STEM WALL Science and Creative Board"},"content":{"rendered":"<p>En hydraulisk vandpumpe, der giver variation i legen med Masterkidz-r\u00f8rsystemet. Med den kan man i stedet for at lade vandet l\u00f8be gennem r\u00f8rene pumpe det ind og ud af systemet. Vand, der l\u00f8ber gennem r\u00f8rene under h\u00f8jt tryk, giver b\u00f8rnene masser af sjov.### Funktioner:<\/p>\n<p>* &#8211; Den manuelle vandpumpe er en fantastisk tilf\u00f8jelse til Masterkidz hydrauliske system, der g\u00f8r legen endnu mere interessant!<br \/>\n* &#8211; Dit barn kan pumpe vand ind og ud under h\u00f8jt tryk og observere vandets bev\u00e6gelse gennem r\u00f8rene. Pumpen garanterer timevis af fantastisk sjov og l\u00e6rer samtidig dit barn de grundl\u00e6ggende love inden for fysik.* &#8211; S\u00e6ttet indeholder en pumpe, 4 skruer til montering p\u00e5 Masterkidz STEM Science and Education Board, 2 ringe til at forbinde r\u00f8rene til pumpen og 3 r\u00f8r med l\u00e6ngder p\u00e5 2&#215;100 cm og 1&#215;50 cm. <\/p>\n<p>Masterkidz-leget\u00f8j er h\u00f8jkvalitets, holdbart og sikkert tr\u00e6leget\u00f8j til undervisningsbrug. Designet og tilpasset til forskellige stadier af barnets udvikling. Kreativ, eventyrlig og p\u00e6dagogisk leg er de st\u00f8rste fordele ved dette brands leget\u00f8j. Uvurderlig st\u00f8tte til Montessori-metoden. Det bedste valg til dit hjem, b\u00f8rnehave, hotel eller restaurant. Skab det perfekte legehj\u00f8rne eller en stor p\u00e6dagogisk v\u00e6g. Tilbuddet omfatter v\u00e6gmonterede og mobile tavler, oplyste borde, paneler til leg med maling, p\u00e6dagogiske temamoduler og meget mere. Et utroligt stort udvalg af tilbeh\u00f8r og uendelige muligheder for kreativ leg.<\/p>\n","protected":false},"excerpt":{"rendered":"<p>En hydraulisk vandpumpe, der giver variation i legen med Masterkidz-r\u00f8rsystemet. Med den kan man i stedet for at lade vandet l\u00f8be gennem r\u00f8rene pumpe det ind og ud af systemet. Vand, der l\u00f8ber gennem r\u00f8rene under h\u00f8jt tryk, giver b\u00f8rnene masser af sjov.### Funktioner: * &#8211; Den manuelle vandpumpe er en fantastisk tilf\u00f8jelse til Masterkidz [&hellip;]<\/p>\n","protected":false},"featured_media":0,"comment_status":"open","ping_status":"closed","template":"","meta":[],"product_brand":[],"product_cat":[31],"product_tag":[],"class_list":{"0":"post-26406","1":"product","2":"type-product","3":"status-publish","5":"product_cat-uncategorized-da","7":"first","8":"instock","9":"shipping-taxable","10":"purchasable","11":"product-type-simple"},"_links":{"self":[{"href":"https:\/\/nordicmart.andreevmaster.com\/da\/wp-json\/wp\/v2\/product\/26406","targetHints":{"allow":["GET"]}}],"collection":[{"href":"https:\/\/nordicmart.andreevmaster.com\/da\/wp-json\/wp\/v2\/product"}],"about":[{"href":"https:\/\/nordicmart.andreevmaster.com\/da\/wp-json\/wp\/v2\/types\/product"}],"replies":[{"embeddable":true,"href":"https:\/\/nordicmart.andreevmaster.com\/da\/wp-json\/wp\/v2\/comments?post=26406"}],"wp:attachment":[{"href":"https:\/\/nordicmart.andreevmaster.com\/da\/wp-json\/wp\/v2\/media?parent=26406"}],"wp:term":[{"taxonomy":"product_brand","embeddable":true,"href":"https:\/\/nordicmart.andreevmaster.com\/da\/wp-json\/wp\/v2\/product_brand?post=26406"},{"taxonomy":"product_cat","embeddable":true,"href":"https:\/\/nordicmart.andreevmaster.com\/da\/wp-json\/wp\/v2\/product_cat?post=26406"},{"taxonomy":"product_tag","embeddable":true,"href":"https:\/\/nordicmart.andreevmaster.com\/da\/wp-json\/wp\/v2\/product_tag?post=26406"}],"curies":[{"name":"wp","href":"https:\/\/api.w.org\/{rel}","templated":true}]}}